{"id":13221,"date":"2024-03-26T09:05:36","date_gmt":"2024-03-26T08:05:36","guid":{"rendered":"https:\/\/lesjardinsdumorbihan.com\/zuid-bretagne\/camping-bretagne-sud-avec-piscine\/"},"modified":"2024-06-20T12:00:08","modified_gmt":"2024-06-20T10:00:08","slug":"camping-zuid-bretagne-met-zwembad","status":"publish","type":"page","link":"https:\/\/lesjardinsdumorbihan.com\/nl\/zuid-bretagne\/camping-zuid-bretagne-met-zwembad\/","title":{"rendered":"Een verblijf op een camping in Zuid-Bretagne met zwembad"},"content":{"rendered":"<div class=\"bloc-texte full\"><div class=\"texte center\"><p style=\"text-align: left;\">Om een \u200b\u200bonvergetelijk verblijf te hebben tijdens uw vakantie in de Golf van Morbihan, kiest u een camping met een prachtig waterpark! Deze 4-sterrencamping Les Jardins du Morbihan in de Morbihan biedt u een van de mooiste watercomplexen van Bretagne. Ontdek een ruimte ontworpen voor het plezier van iedereen en ongeacht het weer, met buitenzwembaden, een binnenzwembad, glijattracties en welzijnsfaciliteiten. Iets om jezelf na het strand te trakteren en momenten van welzijn door te brengen!<\/p>\n<\/div><\/div>\n\n<div class=\"text-image-new style1 image-left\"><div class=\"text-image-new-colonne\"><H2 class=\"text-image-new-titre\">Geniet van meerdere zwembaden<\/H2><div class=\"text-image-new-content\"><p>Hoewel het niet ongewoon is om campings met een zwembad te vinden in Zuid-Bretagne, is het echter complexer om campings te vinden met een groot waterpark en meerdere zwembaden! Op onze 4-sterrencamping vindt u niet alleen zwembaden, maar ook een compleet waterpark dat uw hele gezin zal aanspreken.<\/p>\n<\/div><p class=\"lire-plus\">Lees verder<\/p><div class=\"text-image-new-content-more hide\"><p>Op onze camping in Zuid-Bretagne met zwembaden wacht u:<\/p>\n<ul>\n<li>een verwarmd buitenzwembad met peuterbad<\/li>\n<li>dia&#8217;s<\/li>\n<li>een verwarmd binnenzwembad met waterspeeltuin voor kinderen<\/li>\n<li>verschillende ruimtes met ligstoelen om van de zon te genieten<\/li>\n<li>een wellnessruimte met een balneotherapiebad<\/li>\n<\/ul>\n<\/div><p class=\"lire-moins hide\">Lees minder<\/p><\/div><div class=\"text-image-new-colonne\"><img decoding=\"async\" src=\"https:\/\/lesjardinsdumorbihan.com\/wp-content\/uploads\/2024\/02\/@L.RANNOU-N\u00b00106-1.jpg\" alt=\"Zuid-Bretagne camping met zwembad\" class=\"text-image-new-thumb\" \/><\/div><\/div>\n\n<div class=\"image-full-text\"><img decoding=\"async\" src=\"https:\/\/lesjardinsdumorbihan.com\/wp-content\/uploads\/2024\/03\/piscine-interieur-camping-bretagne-sud.jpg\" alt=\"overdekte zwembadcamping Zuid-Bretagne\" class=\"image-full-text-thumb\" \/><div class=\"image-full-text-container\"><H2 class=\"image-full-text-titre\">Het binnenzwembad<\/H2><div class=\"image-full-text-content\"><p>Goed nieuws: onze camping in Zuid-Bretagne met zwembad beschikt over een verwarmd binnenzwembad! Dit verwarmde binnenzwembad garandeert u mooie dagen in het water, ongeacht de weersomstandigheden. Op onze 4-sterrencamping belet ongunstig weer u niet om van het zwemplezier te genieten! Ook in deze ruimte vind je een pierenbadje en een speeltuin zodat ook kinderen zich kunnen vermaken.<\/p>\n<\/div><\/div><\/div>\n\n<div class=\"text-image-new style1 image-left\"><div class=\"text-image-new-colonne\"><H2 class=\"text-image-new-titre\">Een verblijf in Zuid-Bretagne tussen strand en zwembad<\/H2><div class=\"text-image-new-content\"><p>De eerste stranden liggen op ongeveer 25 minuten van camping Les Jardins du Morbihan. In de ochtend, in het zomerseizoen, zijn de stranden in Zuid-Bretagne nog steeds rustig en rustig. Het is het perfecte moment om met uw kinderen te gaan zwemmen. Ook als de zee niet ver weg is, is het kiezen van een camping met zwembad in Zuid-Bretagne een goed idee, vooral als u met uw kinderen op vakantie gaat. Wat is er mooier dan te genieten van de geneugten van de Atlantische Oceaan en de geneugten van het zwembad? Kinderen zullen blij zijn om een \u200b\u200bvakantie door te brengen met zoveel activiteiten rond het zwembad!<\/p>\n<\/div><\/div><div class=\"text-image-new-colonne\"><img decoding=\"async\" src=\"https:\/\/lesjardinsdumorbihan.com\/wp-content\/uploads\/2024\/02\/@L.RANNOU-N\u00b00006.jpg\" alt=\"camping zuid Bretagne zwembad\" class=\"text-image-new-thumb\" \/><\/div><\/div>\n\n<div class=\"faq\"><H2>Uw meest gestelde vragen<\/H2><div class=\"faq-container one-colonne\"><details itemscope itemprop=\"mainEntity\" itemtype=\"https:\/\/schema.org\/Question\"><summary itemprop=\"name\"><span>Zijn de zwembaden geschikt voor alle leeftijden?<\/span><\/summary><div itemscope itemprop=\"acceptedAnswer\" itemtype=\"https:\/\/schema.org\/Answer\"><p>Onze camping met waterpark in Zuid-Bretagne biedt een waterpark met een overdekt peuterbad en een buitenzwembad, ideaal voor de kleintjes.<\/p>\n<p>Uw oudere kinderen zullen blij zijn om onze prachtige glijbanen te ontdekken. Er wachten hen namelijk 5 glijbanen in het park, waaronder een roterende glijbaan en een kamikazeglijbaan. De grote zwembaden blijven dus rustig en zonder risico voor de jongste kinderen die niet van de glijbanen genieten.<\/p>\n<p>Volwassenen kunnen profiteren van de grote ruimte in ons binnen- en buitenzwembad, beide verwarmd, om te ontspannen en te genieten van de vakantie.<\/p>\n<\/div><\/details><details itemscope itemprop=\"mainEntity\" itemtype=\"https:\/\/schema.org\/Question\"><summary itemprop=\"name\"><span>Wat zijn de regels en beperkingen voor toegang tot het watergebied?<\/span><\/summary><div itemscope itemprop=\"acceptedAnswer\" itemtype=\"https:\/\/schema.org\/Answer\"><p>De zwembaden zijn toegankelijk voor klanten die op de camping verblijven. Het is belangrijk op te merken dat badkleding verplicht is voor alle bezoekers, terwijl korte broeken en losse kleding niet zijn toegestaan. Onze zwembaden beschikken niet over lanceersystemen die aangepast zijn voor gehandicapten.<\/p>\n<\/div><\/details><details itemscope itemprop=\"mainEntity\" itemtype=\"https:\/\/schema.org\/Question\"><summary itemprop=\"name\"><span>Welke diensten worden er aangeboden in de wellnessruimte?<\/span><\/summary><div itemscope itemprop=\"acceptedAnswer\" itemtype=\"https:\/\/schema.org\/Answer\"><p>Onze camping in Zuid-Bretagne met zwembad biedt een unieke wellnessruimte. Ontdek in de buurt van het binnenzwembad de sauna, de hamam, de bubbelbedden, het balneobad, het tegenstroomzwemmen en het behandelinstituut met massages, scrubs, gezichtsbehandelingen, ontharing en voetreflexologie. Geniet van deze ontspanningsplaats gereserveerd voor volwassenen (betaalde toegang). Een complete ontspanningservaring!<\/p>\n<\/div><\/details><details itemscope itemprop=\"mainEntity\" itemtype=\"https:\/\/schema.org\/Question\"><summary itemprop=\"name\"><span>Hoe reserveren op camping Jardins du Morbihan?<\/span><\/summary><div itemscope itemprop=\"acceptedAnswer\" itemtype=\"https:\/\/schema.org\/Answer\"><p>Om uw verblijf te boeken en een uitzonderlijke vakantie te beleven op onze camping met zwembad in het zuiden van Bretagne, heeft u de keuze tussen twee soorten huuraccommodaties: een comfortabele stacaravan of een staanplaats voor een tent, camper of caravan. Voor meer informatie over ons aanbod van stacaravans in Zuid-Bretagne, over de beschikbare staanplaatsen, ons bar-restaurant en over de activiteiten en animaties die op onze camping worden aangeboden, kunt u gerust contact met ons opnemen. Wij staan \u200b\u200book tot uw beschikking om onze aanbevelingen te delen over de belangrijkste plaatsen om te bezoeken in Morbihan, Finist\u00e8re, C\u00f4tes d&#8217;Armor of elders in Bretagne. Bent u ge\u00efnteresseerd in onze andere campings in Frankrijk, dan voorzien wij u graag van alle benodigde informatie. Boek nu en zorg ervoor dat uw gezin een heerlijke vakantie beleeft op onze camping in Zuid-Bretagne met zwembad!<\/p>\n<\/div><\/details><\/div><\/div>","protected":false},"excerpt":{"rendered":"","protected":false},"author":1,"featured_media":12964,"parent":13151,"menu_order":0,"comment_status":"closed","ping_status":"closed","template":"","meta":{"_acf_changed":false,"footnotes":""},"class_list":["post-13221","page","type-page","status-publish","has-post-thumbnail","hentry"],"acf":[],"yoast_head":"<!-- This site is optimized with the Yoast SEO plugin v27.3 - https:\/\/yoast.com\/product\/yoast-seo-wordpress\/ -->\n<title>Camping Zuid-Bretagne met zwembad: ons complete aanbod in Morbihan<\/title>\n<meta name=\"description\" content=\"Kunt u zich niet voorstellen dat u een vakantie doorbrengt op een camping zonder zwembad? Ontdek zonder verder uitstel onze camping in Zuid-Bretagne met zwembad!\" \/>\n<meta name=\"robots\" content=\"index, follow, max-snippet:-1, max-image-preview:large, max-video-preview:-1\" \/>\n<link rel=\"canonical\" href=\"https:\/\/lesjardinsdumorbihan.com\/nl\/zuid-bretagne\/camping-zuid-bretagne-met-zwembad\/\" \/>\n<meta property=\"og:locale\" content=\"nl_NL\" \/>\n<meta property=\"og:type\" content=\"article\" \/>\n<meta property=\"og:title\" content=\"Camping Zuid-Bretagne met zwembad: ons complete aanbod in Morbihan\" \/>\n<meta property=\"og:description\" content=\"Kunt u zich niet voorstellen dat u een vakantie doorbrengt op een camping zonder zwembad? Ontdek zonder verder uitstel onze camping in Zuid-Bretagne met zwembad!\" \/>\n<meta property=\"og:url\" content=\"https:\/\/lesjardinsdumorbihan.com\/nl\/zuid-bretagne\/camping-zuid-bretagne-met-zwembad\/\" \/>\n<meta property=\"og:site_name\" content=\"Camping les Jardins du Morbihan\" \/>\n<meta property=\"article:modified_time\" content=\"2024-06-20T10:00:08+00:00\" \/>\n<meta property=\"og:image\" content=\"https:\/\/lesjardinsdumorbihan.com\/wp-content\/uploads\/2024\/02\/@L.RANNOU-N\u00b00028.jpg\" \/>\n\t<meta property=\"og:image:width\" content=\"1638\" \/>\n\t<meta property=\"og:image:height\" content=\"1093\" \/>\n\t<meta property=\"og:image:type\" content=\"image\/jpeg\" \/>\n<meta name=\"twitter:card\" content=\"summary_large_image\" \/>\n<meta name=\"twitter:label1\" content=\"Geschatte leestijd\" \/>\n\t<meta name=\"twitter:data1\" content=\"1 minuut\" \/>\n<script type=\"application\/ld+json\" class=\"yoast-schema-graph\">{\"@context\":\"https:\\\/\\\/schema.org\",\"@graph\":[{\"@type\":\"WebPage\",\"@id\":\"https:\\\/\\\/lesjardinsdumorbihan.com\\\/nl\\\/zuid-bretagne\\\/camping-zuid-bretagne-met-zwembad\\\/\",\"url\":\"https:\\\/\\\/lesjardinsdumorbihan.com\\\/nl\\\/zuid-bretagne\\\/camping-zuid-bretagne-met-zwembad\\\/\",\"name\":\"Camping Zuid-Bretagne met zwembad: ons complete aanbod in Morbihan\",\"isPartOf\":{\"@id\":\"https:\\\/\\\/lesjardinsdumorbihan.com\\\/nl\\\/#website\"},\"primaryImageOfPage\":{\"@id\":\"https:\\\/\\\/lesjardinsdumorbihan.com\\\/nl\\\/zuid-bretagne\\\/camping-zuid-bretagne-met-zwembad\\\/#primaryimage\"},\"image\":{\"@id\":\"https:\\\/\\\/lesjardinsdumorbihan.com\\\/nl\\\/zuid-bretagne\\\/camping-zuid-bretagne-met-zwembad\\\/#primaryimage\"},\"thumbnailUrl\":\"https:\\\/\\\/lesjardinsdumorbihan.com\\\/wp-content\\\/uploads\\\/2024\\\/02\\\/@L.RANNOU-N\u00b00028.jpg\",\"datePublished\":\"2024-03-26T08:05:36+00:00\",\"dateModified\":\"2024-06-20T10:00:08+00:00\",\"description\":\"Kunt u zich niet voorstellen dat u een vakantie doorbrengt op een camping zonder zwembad? Ontdek zonder verder uitstel onze camping in Zuid-Bretagne met zwembad!\",\"breadcrumb\":{\"@id\":\"https:\\\/\\\/lesjardinsdumorbihan.com\\\/nl\\\/zuid-bretagne\\\/camping-zuid-bretagne-met-zwembad\\\/#breadcrumb\"},\"inLanguage\":\"nl-NL\",\"potentialAction\":[{\"@type\":\"ReadAction\",\"target\":[\"https:\\\/\\\/lesjardinsdumorbihan.com\\\/nl\\\/zuid-bretagne\\\/camping-zuid-bretagne-met-zwembad\\\/\"]}]},{\"@type\":\"ImageObject\",\"inLanguage\":\"nl-NL\",\"@id\":\"https:\\\/\\\/lesjardinsdumorbihan.com\\\/nl\\\/zuid-bretagne\\\/camping-zuid-bretagne-met-zwembad\\\/#primaryimage\",\"url\":\"https:\\\/\\\/lesjardinsdumorbihan.com\\\/wp-content\\\/uploads\\\/2024\\\/02\\\/@L.RANNOU-N\u00b00028.jpg\",\"contentUrl\":\"https:\\\/\\\/lesjardinsdumorbihan.com\\\/wp-content\\\/uploads\\\/2024\\\/02\\\/@L.RANNOU-N\u00b00028.jpg\",\"width\":1638,\"height\":1093},{\"@type\":\"BreadcrumbList\",\"@id\":\"https:\\\/\\\/lesjardinsdumorbihan.com\\\/nl\\\/zuid-bretagne\\\/camping-zuid-bretagne-met-zwembad\\\/#breadcrumb\",\"itemListElement\":[{\"@type\":\"ListItem\",\"position\":1,\"name\":\"Camping 4 \u00e9toiles Morbihan\",\"item\":\"https:\\\/\\\/lesjardinsdumorbihan.com\\\/nl\\\/\"},{\"@type\":\"ListItem\",\"position\":2,\"name\":\"Kamperen in Zuid-Bretagne\",\"item\":\"https:\\\/\\\/lesjardinsdumorbihan.com\\\/nl\\\/zuid-bretagne\\\/\"},{\"@type\":\"ListItem\",\"position\":3,\"name\":\"Zwembad in Zuid-Bretagne\"}]},{\"@type\":\"WebSite\",\"@id\":\"https:\\\/\\\/lesjardinsdumorbihan.com\\\/nl\\\/#website\",\"url\":\"https:\\\/\\\/lesjardinsdumorbihan.com\\\/nl\\\/\",\"name\":\"Camping les Jardins du Morbihan\",\"description\":\"\",\"publisher\":{\"@id\":\"https:\\\/\\\/lesjardinsdumorbihan.com\\\/nl\\\/#organization\"},\"potentialAction\":[{\"@type\":\"SearchAction\",\"target\":{\"@type\":\"EntryPoint\",\"urlTemplate\":\"https:\\\/\\\/lesjardinsdumorbihan.com\\\/nl\\\/?s={search_term_string}\"},\"query-input\":{\"@type\":\"PropertyValueSpecification\",\"valueRequired\":true,\"valueName\":\"search_term_string\"}}],\"inLanguage\":\"nl-NL\"},{\"@type\":\"Organization\",\"@id\":\"https:\\\/\\\/lesjardinsdumorbihan.com\\\/nl\\\/#organization\",\"name\":\"Camping les Jardins du Morbihan\",\"url\":\"https:\\\/\\\/lesjardinsdumorbihan.com\\\/nl\\\/\",\"logo\":{\"@type\":\"ImageObject\",\"inLanguage\":\"nl-NL\",\"@id\":\"https:\\\/\\\/lesjardinsdumorbihan.com\\\/nl\\\/#\\\/schema\\\/logo\\\/image\\\/\",\"url\":\"https:\\\/\\\/lesjardinsdumorbihan.com\\\/wp-content\\\/uploads\\\/2022\\\/09\\\/logo_jdm.png\",\"contentUrl\":\"https:\\\/\\\/lesjardinsdumorbihan.com\\\/wp-content\\\/uploads\\\/2022\\\/09\\\/logo_jdm.png\",\"width\":6630,\"height\":2909,\"caption\":\"Camping les Jardins du Morbihan\"},\"image\":{\"@id\":\"https:\\\/\\\/lesjardinsdumorbihan.com\\\/nl\\\/#\\\/schema\\\/logo\\\/image\\\/\"}}]}<\/script>\n<!-- \/ Yoast SEO plugin. -->","yoast_head_json":{"title":"Camping Zuid-Bretagne met zwembad: ons complete aanbod in Morbihan","description":"Kunt u zich niet voorstellen dat u een vakantie doorbrengt op een camping zonder zwembad? Ontdek zonder verder uitstel onze camping in Zuid-Bretagne met zwembad!","robots":{"index":"index","follow":"follow","max-snippet":"max-snippet:-1","max-image-preview":"max-image-preview:large","max-video-preview":"max-video-preview:-1"},"canonical":"https:\/\/lesjardinsdumorbihan.com\/nl\/zuid-bretagne\/camping-zuid-bretagne-met-zwembad\/","og_locale":"nl_NL","og_type":"article","og_title":"Camping Zuid-Bretagne met zwembad: ons complete aanbod in Morbihan","og_description":"Kunt u zich niet voorstellen dat u een vakantie doorbrengt op een camping zonder zwembad? Ontdek zonder verder uitstel onze camping in Zuid-Bretagne met zwembad!","og_url":"https:\/\/lesjardinsdumorbihan.com\/nl\/zuid-bretagne\/camping-zuid-bretagne-met-zwembad\/","og_site_name":"Camping les Jardins du Morbihan","article_modified_time":"2024-06-20T10:00:08+00:00","og_image":[{"width":1638,"height":1093,"url":"https:\/\/lesjardinsdumorbihan.com\/wp-content\/uploads\/2024\/02\/@L.RANNOU-N\u00b00028.jpg","type":"image\/jpeg"}],"twitter_card":"summary_large_image","twitter_misc":{"Geschatte leestijd":"1 minuut"},"schema":{"@context":"https:\/\/schema.org","@graph":[{"@type":"WebPage","@id":"https:\/\/lesjardinsdumorbihan.com\/nl\/zuid-bretagne\/camping-zuid-bretagne-met-zwembad\/","url":"https:\/\/lesjardinsdumorbihan.com\/nl\/zuid-bretagne\/camping-zuid-bretagne-met-zwembad\/","name":"Camping Zuid-Bretagne met zwembad: ons complete aanbod in Morbihan","isPartOf":{"@id":"https:\/\/lesjardinsdumorbihan.com\/nl\/#website"},"primaryImageOfPage":{"@id":"https:\/\/lesjardinsdumorbihan.com\/nl\/zuid-bretagne\/camping-zuid-bretagne-met-zwembad\/#primaryimage"},"image":{"@id":"https:\/\/lesjardinsdumorbihan.com\/nl\/zuid-bretagne\/camping-zuid-bretagne-met-zwembad\/#primaryimage"},"thumbnailUrl":"https:\/\/lesjardinsdumorbihan.com\/wp-content\/uploads\/2024\/02\/@L.RANNOU-N\u00b00028.jpg","datePublished":"2024-03-26T08:05:36+00:00","dateModified":"2024-06-20T10:00:08+00:00","description":"Kunt u zich niet voorstellen dat u een vakantie doorbrengt op een camping zonder zwembad? Ontdek zonder verder uitstel onze camping in Zuid-Bretagne met zwembad!","breadcrumb":{"@id":"https:\/\/lesjardinsdumorbihan.com\/nl\/zuid-bretagne\/camping-zuid-bretagne-met-zwembad\/#breadcrumb"},"inLanguage":"nl-NL","potentialAction":[{"@type":"ReadAction","target":["https:\/\/lesjardinsdumorbihan.com\/nl\/zuid-bretagne\/camping-zuid-bretagne-met-zwembad\/"]}]},{"@type":"ImageObject","inLanguage":"nl-NL","@id":"https:\/\/lesjardinsdumorbihan.com\/nl\/zuid-bretagne\/camping-zuid-bretagne-met-zwembad\/#primaryimage","url":"https:\/\/lesjardinsdumorbihan.com\/wp-content\/uploads\/2024\/02\/@L.RANNOU-N\u00b00028.jpg","contentUrl":"https:\/\/lesjardinsdumorbihan.com\/wp-content\/uploads\/2024\/02\/@L.RANNOU-N\u00b00028.jpg","width":1638,"height":1093},{"@type":"BreadcrumbList","@id":"https:\/\/lesjardinsdumorbihan.com\/nl\/zuid-bretagne\/camping-zuid-bretagne-met-zwembad\/#breadcrumb","itemListElement":[{"@type":"ListItem","position":1,"name":"Camping 4 \u00e9toiles Morbihan","item":"https:\/\/lesjardinsdumorbihan.com\/nl\/"},{"@type":"ListItem","position":2,"name":"Kamperen in Zuid-Bretagne","item":"https:\/\/lesjardinsdumorbihan.com\/nl\/zuid-bretagne\/"},{"@type":"ListItem","position":3,"name":"Zwembad in Zuid-Bretagne"}]},{"@type":"WebSite","@id":"https:\/\/lesjardinsdumorbihan.com\/nl\/#website","url":"https:\/\/lesjardinsdumorbihan.com\/nl\/","name":"Camping les Jardins du Morbihan","description":"","publisher":{"@id":"https:\/\/lesjardinsdumorbihan.com\/nl\/#organization"},"potentialAction":[{"@type":"SearchAction","target":{"@type":"EntryPoint","urlTemplate":"https:\/\/lesjardinsdumorbihan.com\/nl\/?s={search_term_string}"},"query-input":{"@type":"PropertyValueSpecification","valueRequired":true,"valueName":"search_term_string"}}],"inLanguage":"nl-NL"},{"@type":"Organization","@id":"https:\/\/lesjardinsdumorbihan.com\/nl\/#organization","name":"Camping les Jardins du Morbihan","url":"https:\/\/lesjardinsdumorbihan.com\/nl\/","logo":{"@type":"ImageObject","inLanguage":"nl-NL","@id":"https:\/\/lesjardinsdumorbihan.com\/nl\/#\/schema\/logo\/image\/","url":"https:\/\/lesjardinsdumorbihan.com\/wp-content\/uploads\/2022\/09\/logo_jdm.png","contentUrl":"https:\/\/lesjardinsdumorbihan.com\/wp-content\/uploads\/2022\/09\/logo_jdm.png","width":6630,"height":2909,"caption":"Camping les Jardins du Morbihan"},"image":{"@id":"https:\/\/lesjardinsdumorbihan.com\/nl\/#\/schema\/logo\/image\/"}}]}},"_links":{"self":[{"href":"https:\/\/lesjardinsdumorbihan.com\/nl\/wp-json\/wp\/v2\/pages\/13221","targetHints":{"allow":["GET"]}}],"collection":[{"href":"https:\/\/lesjardinsdumorbihan.com\/nl\/wp-json\/wp\/v2\/pages"}],"about":[{"href":"https:\/\/lesjardinsdumorbihan.com\/nl\/wp-json\/wp\/v2\/types\/page"}],"author":[{"embeddable":true,"href":"https:\/\/lesjardinsdumorbihan.com\/nl\/wp-json\/wp\/v2\/users\/1"}],"replies":[{"embeddable":true,"href":"https:\/\/lesjardinsdumorbihan.com\/nl\/wp-json\/wp\/v2\/comments?post=13221"}],"version-history":[{"count":2,"href":"https:\/\/lesjardinsdumorbihan.com\/nl\/wp-json\/wp\/v2\/pages\/13221\/revisions"}],"predecessor-version":[{"id":13231,"href":"https:\/\/lesjardinsdumorbihan.com\/nl\/wp-json\/wp\/v2\/pages\/13221\/revisions\/13231"}],"up":[{"embeddable":true,"href":"https:\/\/lesjardinsdumorbihan.com\/nl\/wp-json\/wp\/v2\/pages\/13151"}],"wp:featuredmedia":[{"embeddable":true,"href":"https:\/\/lesjardinsdumorbihan.com\/nl\/wp-json\/wp\/v2\/media\/12964"}],"wp:attachment":[{"href":"https:\/\/lesjardinsdumorbihan.com\/nl\/wp-json\/wp\/v2\/media?parent=13221"}],"curies":[{"name":"wp","href":"https:\/\/api.w.org\/{rel}","templated":true}]}}