{"id":14533,"date":"2025-01-27T14:52:19","date_gmt":"2025-01-27T13:52:19","guid":{"rendered":"https:\/\/lesjardinsdumorbihan.com\/sport-room\/"},"modified":"2026-01-19T14:45:32","modified_gmt":"2026-01-19T13:45:32","slug":"sport-room","status":"publish","type":"page","link":"https:\/\/lesjardinsdumorbihan.com\/en\/sport-room\/","title":{"rendered":"SPORT ROOM"},"content":{"rendered":"<div class=\"bloc-texte full\"><div class=\"texte center\"><p>Les vacances sont l\u2019occasion parfaite de prendre soin de soi, et au <a href=\"\/\">camping les Jardins du Morbihan \u00e0 Vannes<\/a>, en Bretagne, c\u2019est facile ! Si vous aimez faire du sport ou si vous ressentez le besoin de vous d\u00e9penser apr\u00e8s une journ\u00e9e de d\u00e9tente, <strong>notre salle de sport<\/strong> vous attend. Vous y trouverez tout le n\u00e9cessaire pour faire le plein d\u2019\u00e9nergie et rester fid\u00e8le \u00e0 vos objectifs, tout en profitant pleinement de votre s\u00e9jour !<\/p>\n<p>Les Jardins du Morbihan est un <strong>camping avec salle de sport<\/strong> pour ceux qui souhaitent allier activit\u00e9 physique et bien-\u00eatre pendant leurs vacances !<\/p>\n<\/div><\/div>\n\n<div class=\"avantages deep\"><div class=\"bloc bloc-icon\"><img decoding=\"async\" src=\"https:\/\/lesjardinsdumorbihan.com\/wp-content\/uploads\/2024\/02\/sauna.png\" alt=\"sauna\"\/><p>Sauna &amp; hammam<\/p>\n<\/div><div class=\"bloc bloc-icon\"><img decoding=\"async\" src=\"https:\/\/lesjardinsdumorbihan.com\/wp-content\/uploads\/2024\/02\/bien-etre.png\" alt=\"bien etre\"\/><p>Un espace de massage et de soin<\/p>\n<\/div><div class=\"bloc bloc-icon\"><img decoding=\"async\" src=\"https:\/\/lesjardinsdumorbihan.com\/wp-content\/uploads\/2024\/02\/salle-sport.png\" alt=\"salle de sport\"\/><p>Une salle de fitness<\/p>\n<\/div><\/div>\n\n<div class=\"text-image-new style1 image-right\"><div class=\"text-image-new-colonne\"><H2 class=\"text-image-new-titre\">Des \u00e9quipements de qualit\u00e9 pour des s\u00e9ances de sport compl\u00e8tes<\/H2><div class=\"text-image-new-content\"><p>Dans notre salle de sport, vous trouverez une <strong>vari\u00e9t\u00e9 d&#8217;appareils<\/strong> pour toutes sortes de sessions de sport. Ici, il y en a pour tous les go\u00fbts !<\/p>\n<ul>\n<li>tapis de course<\/li>\n<li>banc de musculation<\/li>\n<li>appareils de musculation<\/li>\n<\/ul>\n<p>&nbsp;<\/p>\n<\/div><\/div><div class=\"text-image-new-colonne\"><img decoding=\"async\" src=\"https:\/\/lesjardinsdumorbihan.com\/wp-content\/uploads\/2024\/02\/FITNESS_LES_JARDINS_DU_MORBIHAN_@L.RANNOU_N\u00b0125.jpg\" alt=\"camping avec salle de sport\" class=\"text-image-new-thumb\" \/><\/div><\/div>\n\n<div class=\"faq\"><div class=\"faq-container two-colonne\"><details itemscope itemprop=\"mainEntity\" itemtype=\"https:\/\/schema.org\/Question\"><summary itemprop=\"name\"><span>Le tapis de course pour courir \u00e0 votre rythme<\/span><\/summary><div itemscope itemprop=\"acceptedAnswer\" itemtype=\"https:\/\/schema.org\/Answer\"><p>Pour ceux qui aiment courir ou marcher, notre <strong>tapis de course<\/strong> est l&#8217;outil parfait ! Cet appareil de fitness permet de simuler des <strong>parcours vari\u00e9s<\/strong> tout en restant \u00e0 l\u2019abri des intemp\u00e9ries. C\u2019est aussi un excellent moyen de travailler votre endurance et de stimuler la circulation sanguine.<\/p>\n<\/div><\/details><details itemscope itemprop=\"mainEntity\" itemtype=\"https:\/\/schema.org\/Question\"><summary itemprop=\"name\"><span>Le banc de musculation pour un travail cibl\u00e9 sur le haut du corps<\/span><\/summary><div itemscope itemprop=\"acceptedAnswer\" itemtype=\"https:\/\/schema.org\/Answer\"><p>Envie de <strong>renforcer votre poitrine, vos bras ou vos \u00e9paules<\/strong> pendant vos vacances dans notre <strong>camping \u00e9quip\u00e9 d\u2019une salle de sport<\/strong> ? Le banc de musculation est un incontournable pour travailler ces zones du corps. Avec des exercices adapt\u00e9s \u00e0 votre niveau, cet outil de fitness vous permet de progresser \u00e0 votre rythme et de voir rapidement les r\u00e9sultats.<\/p>\n<\/div><\/details><details itemscope itemprop=\"mainEntity\" itemtype=\"https:\/\/schema.org\/Question\"><summary itemprop=\"name\"><span>Les appareils de musculation avec poids pour des r\u00e9sultats visibles<\/span><\/summary><div itemscope itemprop=\"acceptedAnswer\" itemtype=\"https:\/\/schema.org\/Answer\"><p>Pour les amateurs de musculation, nous avons divers <strong>appareils avec poids<\/strong>. Des <strong>machines<\/strong> de r\u00e9sistance qui vous permettront de cibler chaque groupe musculaire et de renforcer votre musculature. Id\u00e9al pour ceux qui souhaitent prendre de la masse ou sculpter leur corps en profondeur pendant les vacances. \u00c0 choisir selon votre objectif : plus de force ou plus de d\u00e9finition musculaire.<\/p>\n<\/div><\/details><\/div><\/div>\n\n<div class=\"text-image-new style1 image-left\"><div class=\"text-image-new-colonne\"><H2 class=\"text-image-new-titre\">Quels sont les avantages d\u2019un camping avec salle de sport ?<\/H2><div class=\"text-image-new-content\"><p>Opter pour un <strong>camping avec salle de sport<\/strong>, c\u2019est <strong>combiner vacances et forme physique<\/strong>. Restez actif pendant votre s\u00e9jour gr\u00e2ce \u00e0 diff\u00e9rents \u00e9quipements qui conviendront aussi bien aux parents qu\u2019aux ados, ou aux enfants. Selon vos objectifs, travaillez votre cardio ou renforcez vos muscles.<\/p>\n<p>En plus, comme notre <a href=\"\/camping-bien-etre-spa-morbihan\/\">camping avec spa<\/a> est \u00e9galement <strong>dot\u00e9 d\u2019un sauna et d\u2019un hammam<\/strong>, vous pourrez vous d\u00e9tendre, soulager vos muscles et favoriser la r\u00e9cup\u00e9ration apr\u00e8s votre s\u00e9ance de sport.<\/p>\n<p>Avec une <strong>salle de sport sur place<\/strong>, vous pouvez faire du sport sans quitter le camping. Pendant vos vacances, d\u00e9tente et activit\u00e9 physique se m\u00e9langeront ainsi parfaitement pour un s\u00e9jour \u00e9quilibr\u00e9 et revitalisant !<\/p>\n<p>Les vacances s\u2019annoncent sportives dans notre <strong>camping dot\u00e9 d\u2019une salle de sport<\/strong> !<\/p>\n<\/div><\/div><div class=\"text-image-new-colonne\"><img decoding=\"async\" src=\"https:\/\/lesjardinsdumorbihan.com\/wp-content\/uploads\/2024\/02\/LES_JARDINS_DU_MORBIHAN_@L.RANNOU_N\u00b0224-1.jpg\" alt=\"camping avec spa\" class=\"text-image-new-thumb\" \/><\/div><\/div>","protected":false},"excerpt":{"rendered":"","protected":false},"author":1,"featured_media":11275,"parent":0,"menu_order":0,"comment_status":"closed","ping_status":"closed","template":"","meta":{"_acf_changed":false,"footnotes":""},"class_list":["post-14533","page","type-page","status-publish","has-post-thumbnail","hentry"],"acf":[],"yoast_head":"<!-- This site is optimized with the Yoast SEO plugin v27.4 - https:\/\/yoast.com\/product\/yoast-seo-wordpress\/ -->\n<title>Camping with gym: fitness and relaxation on vacation<\/title>\n<meta name=\"description\" content=\"Take advantage of our campsite with gym: bikes, rowing machine, treadmill, weights. Combine well-being and fitness for a balanced, active vacation.\" \/>\n<meta name=\"robots\" content=\"index, follow, max-snippet:-1, max-image-preview:large, max-video-preview:-1\" \/>\n<link rel=\"canonical\" href=\"https:\/\/lesjardinsdumorbihan.com\/en\/sport-room\/\" \/>\n<meta property=\"og:locale\" content=\"en_US\" \/>\n<meta property=\"og:type\" content=\"article\" \/>\n<meta property=\"og:title\" content=\"Camping with gym: fitness and relaxation on vacation\" \/>\n<meta property=\"og:description\" content=\"Take advantage of our campsite with gym: bikes, rowing machine, treadmill, weights. Combine well-being and fitness for a balanced, active vacation.\" \/>\n<meta property=\"og:url\" content=\"https:\/\/lesjardinsdumorbihan.com\/en\/sport-room\/\" \/>\n<meta property=\"og:site_name\" content=\"Camping les Jardins du Morbihan\" \/>\n<meta property=\"article:modified_time\" content=\"2026-01-19T13:45:32+00:00\" \/>\n<meta property=\"og:image\" content=\"https:\/\/lesjardinsdumorbihan.com\/wp-content\/uploads\/2024\/02\/FITNESS_LES_JARDINS_DU_MORBIHAN_@L.RANNOU_N\u00b0125.jpg\" \/>\n\t<meta property=\"og:image:width\" content=\"2048\" \/>\n\t<meta property=\"og:image:height\" content=\"1199\" \/>\n\t<meta property=\"og:image:type\" content=\"image\/jpeg\" \/>\n<meta name=\"twitter:card\" content=\"summary_large_image\" \/>\n<script type=\"application\/ld+json\" class=\"yoast-schema-graph\">{\"@context\":\"https:\\\/\\\/schema.org\",\"@graph\":[{\"@type\":\"WebPage\",\"@id\":\"https:\\\/\\\/lesjardinsdumorbihan.com\\\/en\\\/sport-room\\\/\",\"url\":\"https:\\\/\\\/lesjardinsdumorbihan.com\\\/en\\\/sport-room\\\/\",\"name\":\"Camping with gym: fitness and relaxation on vacation\",\"isPartOf\":{\"@id\":\"https:\\\/\\\/lesjardinsdumorbihan.com\\\/en\\\/#website\"},\"primaryImageOfPage\":{\"@id\":\"https:\\\/\\\/lesjardinsdumorbihan.com\\\/en\\\/sport-room\\\/#primaryimage\"},\"image\":{\"@id\":\"https:\\\/\\\/lesjardinsdumorbihan.com\\\/en\\\/sport-room\\\/#primaryimage\"},\"thumbnailUrl\":\"https:\\\/\\\/lesjardinsdumorbihan.com\\\/wp-content\\\/uploads\\\/2024\\\/02\\\/FITNESS_LES_JARDINS_DU_MORBIHAN_@L.RANNOU_N\u00b0125.jpg\",\"datePublished\":\"2025-01-27T13:52:19+00:00\",\"dateModified\":\"2026-01-19T13:45:32+00:00\",\"description\":\"Take advantage of our campsite with gym: bikes, rowing machine, treadmill, weights. Combine well-being and fitness for a balanced, active vacation.\",\"breadcrumb\":{\"@id\":\"https:\\\/\\\/lesjardinsdumorbihan.com\\\/en\\\/sport-room\\\/#breadcrumb\"},\"inLanguage\":\"en-US\",\"potentialAction\":[{\"@type\":\"ReadAction\",\"target\":[\"https:\\\/\\\/lesjardinsdumorbihan.com\\\/en\\\/sport-room\\\/\"]}]},{\"@type\":\"ImageObject\",\"inLanguage\":\"en-US\",\"@id\":\"https:\\\/\\\/lesjardinsdumorbihan.com\\\/en\\\/sport-room\\\/#primaryimage\",\"url\":\"https:\\\/\\\/lesjardinsdumorbihan.com\\\/wp-content\\\/uploads\\\/2024\\\/02\\\/FITNESS_LES_JARDINS_DU_MORBIHAN_@L.RANNOU_N\u00b0125.jpg\",\"contentUrl\":\"https:\\\/\\\/lesjardinsdumorbihan.com\\\/wp-content\\\/uploads\\\/2024\\\/02\\\/FITNESS_LES_JARDINS_DU_MORBIHAN_@L.RANNOU_N\u00b0125.jpg\",\"width\":2048,\"height\":1199,\"caption\":\"campinga vec salle de sport\"},{\"@type\":\"BreadcrumbList\",\"@id\":\"https:\\\/\\\/lesjardinsdumorbihan.com\\\/en\\\/sport-room\\\/#breadcrumb\",\"itemListElement\":[{\"@type\":\"ListItem\",\"position\":1,\"name\":\"4 stars campsite Morhiban\",\"item\":\"https:\\\/\\\/lesjardinsdumorbihan.com\\\/en\\\/\"},{\"@type\":\"ListItem\",\"position\":2,\"name\":\"Campsite with gym in Morbihan\"}]},{\"@type\":\"WebSite\",\"@id\":\"https:\\\/\\\/lesjardinsdumorbihan.com\\\/en\\\/#website\",\"url\":\"https:\\\/\\\/lesjardinsdumorbihan.com\\\/en\\\/\",\"name\":\"Camping les Jardins du Morbihan\",\"description\":\"\",\"publisher\":{\"@id\":\"https:\\\/\\\/lesjardinsdumorbihan.com\\\/en\\\/#organization\"},\"potentialAction\":[{\"@type\":\"SearchAction\",\"target\":{\"@type\":\"EntryPoint\",\"urlTemplate\":\"https:\\\/\\\/lesjardinsdumorbihan.com\\\/en\\\/?s={search_term_string}\"},\"query-input\":{\"@type\":\"PropertyValueSpecification\",\"valueRequired\":true,\"valueName\":\"search_term_string\"}}],\"inLanguage\":\"en-US\"},{\"@type\":\"Organization\",\"@id\":\"https:\\\/\\\/lesjardinsdumorbihan.com\\\/en\\\/#organization\",\"name\":\"Camping les Jardins du Morbihan\",\"url\":\"https:\\\/\\\/lesjardinsdumorbihan.com\\\/en\\\/\",\"logo\":{\"@type\":\"ImageObject\",\"inLanguage\":\"en-US\",\"@id\":\"https:\\\/\\\/lesjardinsdumorbihan.com\\\/en\\\/#\\\/schema\\\/logo\\\/image\\\/\",\"url\":\"https:\\\/\\\/lesjardinsdumorbihan.com\\\/wp-content\\\/uploads\\\/2022\\\/09\\\/logo_jdm.png\",\"contentUrl\":\"https:\\\/\\\/lesjardinsdumorbihan.com\\\/wp-content\\\/uploads\\\/2022\\\/09\\\/logo_jdm.png\",\"width\":6630,\"height\":2909,\"caption\":\"Camping les Jardins du Morbihan\"},\"image\":{\"@id\":\"https:\\\/\\\/lesjardinsdumorbihan.com\\\/en\\\/#\\\/schema\\\/logo\\\/image\\\/\"}}]}<\/script>\n<!-- \/ Yoast SEO plugin. -->","yoast_head_json":{"title":"Camping with gym: fitness and relaxation on vacation","description":"Take advantage of our campsite with gym: bikes, rowing machine, treadmill, weights. Combine well-being and fitness for a balanced, active vacation.","robots":{"index":"index","follow":"follow","max-snippet":"max-snippet:-1","max-image-preview":"max-image-preview:large","max-video-preview":"max-video-preview:-1"},"canonical":"https:\/\/lesjardinsdumorbihan.com\/en\/sport-room\/","og_locale":"en_US","og_type":"article","og_title":"Camping with gym: fitness and relaxation on vacation","og_description":"Take advantage of our campsite with gym: bikes, rowing machine, treadmill, weights. Combine well-being and fitness for a balanced, active vacation.","og_url":"https:\/\/lesjardinsdumorbihan.com\/en\/sport-room\/","og_site_name":"Camping les Jardins du Morbihan","article_modified_time":"2026-01-19T13:45:32+00:00","og_image":[{"width":2048,"height":1199,"url":"https:\/\/lesjardinsdumorbihan.com\/wp-content\/uploads\/2024\/02\/FITNESS_LES_JARDINS_DU_MORBIHAN_@L.RANNOU_N\u00b0125.jpg","type":"image\/jpeg"}],"twitter_card":"summary_large_image","schema":{"@context":"https:\/\/schema.org","@graph":[{"@type":"WebPage","@id":"https:\/\/lesjardinsdumorbihan.com\/en\/sport-room\/","url":"https:\/\/lesjardinsdumorbihan.com\/en\/sport-room\/","name":"Camping with gym: fitness and relaxation on vacation","isPartOf":{"@id":"https:\/\/lesjardinsdumorbihan.com\/en\/#website"},"primaryImageOfPage":{"@id":"https:\/\/lesjardinsdumorbihan.com\/en\/sport-room\/#primaryimage"},"image":{"@id":"https:\/\/lesjardinsdumorbihan.com\/en\/sport-room\/#primaryimage"},"thumbnailUrl":"https:\/\/lesjardinsdumorbihan.com\/wp-content\/uploads\/2024\/02\/FITNESS_LES_JARDINS_DU_MORBIHAN_@L.RANNOU_N\u00b0125.jpg","datePublished":"2025-01-27T13:52:19+00:00","dateModified":"2026-01-19T13:45:32+00:00","description":"Take advantage of our campsite with gym: bikes, rowing machine, treadmill, weights. Combine well-being and fitness for a balanced, active vacation.","breadcrumb":{"@id":"https:\/\/lesjardinsdumorbihan.com\/en\/sport-room\/#breadcrumb"},"inLanguage":"en-US","potentialAction":[{"@type":"ReadAction","target":["https:\/\/lesjardinsdumorbihan.com\/en\/sport-room\/"]}]},{"@type":"ImageObject","inLanguage":"en-US","@id":"https:\/\/lesjardinsdumorbihan.com\/en\/sport-room\/#primaryimage","url":"https:\/\/lesjardinsdumorbihan.com\/wp-content\/uploads\/2024\/02\/FITNESS_LES_JARDINS_DU_MORBIHAN_@L.RANNOU_N\u00b0125.jpg","contentUrl":"https:\/\/lesjardinsdumorbihan.com\/wp-content\/uploads\/2024\/02\/FITNESS_LES_JARDINS_DU_MORBIHAN_@L.RANNOU_N\u00b0125.jpg","width":2048,"height":1199,"caption":"campinga vec salle de sport"},{"@type":"BreadcrumbList","@id":"https:\/\/lesjardinsdumorbihan.com\/en\/sport-room\/#breadcrumb","itemListElement":[{"@type":"ListItem","position":1,"name":"4 stars campsite Morhiban","item":"https:\/\/lesjardinsdumorbihan.com\/en\/"},{"@type":"ListItem","position":2,"name":"Campsite with gym in Morbihan"}]},{"@type":"WebSite","@id":"https:\/\/lesjardinsdumorbihan.com\/en\/#website","url":"https:\/\/lesjardinsdumorbihan.com\/en\/","name":"Camping les Jardins du Morbihan","description":"","publisher":{"@id":"https:\/\/lesjardinsdumorbihan.com\/en\/#organization"},"potentialAction":[{"@type":"SearchAction","target":{"@type":"EntryPoint","urlTemplate":"https:\/\/lesjardinsdumorbihan.com\/en\/?s={search_term_string}"},"query-input":{"@type":"PropertyValueSpecification","valueRequired":true,"valueName":"search_term_string"}}],"inLanguage":"en-US"},{"@type":"Organization","@id":"https:\/\/lesjardinsdumorbihan.com\/en\/#organization","name":"Camping les Jardins du Morbihan","url":"https:\/\/lesjardinsdumorbihan.com\/en\/","logo":{"@type":"ImageObject","inLanguage":"en-US","@id":"https:\/\/lesjardinsdumorbihan.com\/en\/#\/schema\/logo\/image\/","url":"https:\/\/lesjardinsdumorbihan.com\/wp-content\/uploads\/2022\/09\/logo_jdm.png","contentUrl":"https:\/\/lesjardinsdumorbihan.com\/wp-content\/uploads\/2022\/09\/logo_jdm.png","width":6630,"height":2909,"caption":"Camping les Jardins du Morbihan"},"image":{"@id":"https:\/\/lesjardinsdumorbihan.com\/en\/#\/schema\/logo\/image\/"}}]}},"_links":{"self":[{"href":"https:\/\/lesjardinsdumorbihan.com\/en\/wp-json\/wp\/v2\/pages\/14533","targetHints":{"allow":["GET"]}}],"collection":[{"href":"https:\/\/lesjardinsdumorbihan.com\/en\/wp-json\/wp\/v2\/pages"}],"about":[{"href":"https:\/\/lesjardinsdumorbihan.com\/en\/wp-json\/wp\/v2\/types\/page"}],"author":[{"embeddable":true,"href":"https:\/\/lesjardinsdumorbihan.com\/en\/wp-json\/wp\/v2\/users\/1"}],"replies":[{"embeddable":true,"href":"https:\/\/lesjardinsdumorbihan.com\/en\/wp-json\/wp\/v2\/comments?post=14533"}],"version-history":[{"count":2,"href":"https:\/\/lesjardinsdumorbihan.com\/en\/wp-json\/wp\/v2\/pages\/14533\/revisions"}],"predecessor-version":[{"id":14539,"href":"https:\/\/lesjardinsdumorbihan.com\/en\/wp-json\/wp\/v2\/pages\/14533\/revisions\/14539"}],"wp:featuredmedia":[{"embeddable":true,"href":"https:\/\/lesjardinsdumorbihan.com\/en\/wp-json\/wp\/v2\/media\/11275"}],"wp:attachment":[{"href":"https:\/\/lesjardinsdumorbihan.com\/en\/wp-json\/wp\/v2\/media?parent=14533"}],"curies":[{"name":"wp","href":"https:\/\/api.w.org\/{rel}","templated":true}]}}