{"id":12991,"date":"2021-08-24T10:33:49","date_gmt":"2021-08-24T08:33:49","guid":{"rendered":"https:\/\/lesjardinsdumorbihan.com\/camping-bien-etre-spa-morbihan\/"},"modified":"2026-01-19T14:22:54","modified_gmt":"2026-01-19T13:22:54","slug":"campsite-wellness-spa-morbihan","status":"publish","type":"page","link":"https:\/\/lesjardinsdumorbihan.com\/en\/campsite-wellness-spa-morbihan\/","title":{"rendered":"WELLNESS AREA"},"content":{"rendered":"<div class=\"bloc-texte full\"><div class=\"texte center\"><p style=\"text-align: left;\">Envie de <strong>vacances ressour\u00e7antes<\/strong> et reposantes pour repartir du bon pied \u00e0 la rentr\u00e9e ou bien pour pr\u00e9parer l\u2019\u00e9t\u00e9 ? <strong>Profitez du Spa<\/strong> de notre <strong>camping 4 \u00e9toiles pr\u00e8s de Vannes<\/strong> pour un s\u00e9jour unique et magique. R\u00e9servez vos vacances en <a href=\"\/\">camping du Morbihan<\/a>\u00a0dans notre <strong>camping avec spa<\/strong>\u00a0(entr\u00e9e payante) et l\u00e2chez prise durant vos vacances sous le signe de la d\u00e9tente, et ce \u00e0 proximit\u00e9 de paysages sublimes et de la nature pr\u00e9serv\u00e9e des \u00eeles du <strong>golfe du Morbihan<\/strong>. D\u00e9couvrez ainsi toute la beaut\u00e9 de la Bretagne et ressourcez-vous.<\/p>\n<\/div><\/div><div class=\"avantages deep\"><div class=\"bloc bloc-icon\"><img decoding=\"async\" src=\"https:\/\/lesjardinsdumorbihan.com\/wp-content\/uploads\/2024\/02\/sauna.png\" alt=\"sauna\"\/><p>Sauna &amp; hammam<\/p>\n<\/div><div class=\"bloc bloc-icon\"><img decoding=\"async\" src=\"https:\/\/lesjardinsdumorbihan.com\/wp-content\/uploads\/2024\/02\/bien-etre.png\" alt=\"bien etre\"\/><p>Un espace de massage et de soin<\/p>\n<\/div><div class=\"bloc bloc-icon\"><img decoding=\"async\" src=\"https:\/\/lesjardinsdumorbihan.com\/wp-content\/uploads\/2024\/02\/salle-sport.png\" alt=\"salle de sport\"\/><p>Une salle de fitness<\/p>\n<\/div><\/div><div class=\"text-image-new style1 image-left\"><div class=\"text-image-new-colonne\"><H2 class=\"text-image-new-titre\">Profitez du spa de notre camping 4 \u00e9toiles en Bretagne<\/H2><div class=\"text-image-new-content\"><p><em>Ouvert du 1er mai au 30 septembre.<\/em><\/p>\n<p>Lors de votre <strong>s\u00e9jour dans notre camping<\/strong>, venez d\u00e9couvrir toutes les infrastructures de tr\u00e8s haute qualit\u00e9\u00a0de notre <strong>spa<\/strong> pour un <strong>moment de bien-\u00eatre<\/strong> et de <strong>d\u00e9tente <\/strong>(entr\u00e9e payante).\u00a0Notre <strong>espace bien-\u00eatre<\/strong> abrite divers <strong>espaces de relaxation<\/strong> : une <strong>v\u00e9ritable piscine baln\u00e9o<\/strong>, un <strong>spa de nage couvert<\/strong> et <strong>chauff\u00e9<\/strong> dot\u00e9 de <strong>jets massants<\/strong>, d\u2019un <strong>poste de massages<\/strong>, d\u2019un <strong>espace de nage \u00e0 contre-courant<\/strong> et de <strong>lits \u00e0 bulles<\/strong>.<\/p>\n<p>Nous vous proposons \u00e9galement un <strong>grand sauna<\/strong> pour les <strong>bienfaits de la chaleur s\u00e8che<\/strong> et un <strong>hammam<\/strong> pour les <strong>bienfaits de la chaleur humide<\/strong>. Vous pourrez ainsi prendre soin de vous tout en douceur et vous <strong>lib\u00e9rer de toutes les tensions du quotidien<\/strong>, et ce \u00e0 deux pas de votre <strong>location<\/strong>.<\/p>\n<p>Cet espace spa et bien-\u00eatre se situe \u00e0 proximit\u00e9 de l&#8217;espace aquatique de notre <a href=\"\/piscine\/\">camping du Morbihan avec piscine<\/a> et <a href=\"\/parc-aquatique-morbihan\/\">parc aquatique<\/a>.<\/p>\n<\/div><\/div><div class=\"text-image-new-colonne\"><img decoding=\"async\" src=\"https:\/\/lesjardinsdumorbihan.com\/wp-content\/uploads\/2024\/02\/LES_JARDINS_DU_MORBIHAN_@L.RANNOU_N\u00b0224-1.jpg\" alt=\"\" class=\"text-image-new-thumb\" \/><\/div><\/div><div class=\"text-image-new style1 image-right background-marron\"><div class=\"text-image-new-colonne\"><H2 class=\"text-image-new-titre\">D\u00e9couvrez notre espace de soins au camping \u00e0 Vannes<\/H2><div class=\"text-image-new-content\"><p><i>Accessible toute l\u2019ann\u00e9e sur rendez-vous. Pour toute r\u00e9servation, merci de vous adresser \u00e0 l\u2019accueil.<\/i><\/p>\n<p>Bien d\u00e9cid\u00e9s \u00e0 vous d\u00e9tendre et \u00e0 prendre soin de vous lors de votre s\u00e9jour dans le Morbihan ? Entre un fest-noz dans un village breton, des bains de plage et des baignades dans le parc aquatique du camping, offrez-vous une v\u00e9ritable parenth\u00e8se de bien-\u00eatre et d\u00e9tendez-vous \u00e0 la salle de soin du camping avec spa dans le Morbihan.<\/p>\n<p>Les soins sont d\u00e9sormais assur\u00e9s par notre partenaire : <b>Aux Couleurs du Cam\u00e9l\u00e9on<\/b>.<br \/>\nLa r\u00e9servation se fait en ligne via la plateforme d\u00e9di\u00e9e (lien ci-dessous), en s\u00e9lectionnant le <b>lieu \u201ccamping\u201d<\/b> lors de la prise de rendez-vous.<br \/>\nLe paiement s\u2019effectue <b>sur place<\/b>, soit en <b>esp\u00e8ces<\/b>, soit par <b>carte bancaire<\/b>.<\/p>\n<p>Nous vous proposons des soins vari\u00e9s, dynamisants ou relaxants, dans une salle \u00e0 l\u2019ambiance propice \u00e0 la d\u00e9tente et \u00e0 l\u2019\u00e9vasion, et prodigu\u00e9s par un personnel qualifi\u00e9.<\/p>\n<p>(Ouvert aux personnes ext\u00e9rieures au camping, hors juillet et ao\u00fbt.)<\/p>\n<\/div><a class=\"bouton\" href=\"https:\/\/calendly.com\/auxcouleursducameleon\" target=\"_blank\" rel=\"noopener\">D\u00e9couvrir les prestations<\/a><\/div><div class=\"text-image-new-colonne\"><img decoding=\"async\" src=\"https:\/\/lesjardinsdumorbihan.com\/wp-content\/uploads\/2024\/02\/LES_JARDINS_DU_MORBIHAN_@L.RANNOU_N\u00b0112.jpg\" alt=\"\" class=\"text-image-new-thumb\" \/><\/div><\/div><div class=\"text-image-new style1 image-left\"><div class=\"text-image-new-colonne\"><H2 class=\"text-image-new-titre\">La salle de fitness pour des vacances sportives en Bretagne<\/H2><div class=\"text-image-new-content\"><p>Le temps de votre <strong>s\u00e9jour<\/strong>, alliez vacances et <strong>remise en forme<\/strong>. En effet, une <strong>salle de fitness<\/strong>\u00a0compl\u00e8te le panel d\u2019<strong>\u00e9quipements modernes et haut de gamme<\/strong> du <a href=\"\/salle-de-sport\/\"><strong>camping avec salle de sport<\/strong><\/a>.<\/p>\n<p>C\u00f4t\u00e9 <strong>fitness<\/strong>, vous avez \u00e0 disposition :<\/p>\n<ul>\n<li><strong>tapis de course<\/strong><\/li>\n<li><strong>banc de musculation<\/strong><\/li>\n<li><strong>et divers appareils de musculation avec poids<\/strong><\/li>\n<\/ul>\n<p>C\u00f4t\u00e9 <strong>musculation<\/strong>, de <strong>nombreuses machines<\/strong> sont propos\u00e9es afin de <strong>travailler l\u2019ensemble du corps<\/strong>. M\u00eame en vacances, prenez le temps de <strong>recharger les batteries<\/strong> et <strong>gardez la forme<\/strong> !<\/p>\n<\/div><\/div><div class=\"text-image-new-colonne\"><img decoding=\"async\" src=\"https:\/\/lesjardinsdumorbihan.com\/wp-content\/uploads\/2024\/02\/FITNESS_LES_JARDINS_DU_MORBIHAN_@L.RANNOU_N\u00b0125.jpg\" alt=\"\" class=\"text-image-new-thumb\" \/><\/div><\/div>","protected":false},"excerpt":{"rendered":"","protected":false},"author":1,"featured_media":11264,"parent":0,"menu_order":0,"comment_status":"closed","ping_status":"closed","template":"","meta":{"_acf_changed":false,"footnotes":""},"class_list":["post-12991","page","type-page","status-publish","has-post-thumbnail","hentry"],"acf":[],"yoast_head":"<!-- This site is optimized with the Yoast SEO plugin v27.3 - https:\/\/yoast.com\/product\/yoast-seo-wordpress\/ -->\n<title>Camping spa Morbihan: discover our wellness and spa area<\/title>\n<meta name=\"description\" content=\"Enjoy a moment of relaxation on your vacation in Morbihan. Discover our spa and our range of massages!\" \/>\n<meta name=\"robots\" content=\"index, follow, max-snippet:-1, max-image-preview:large, max-video-preview:-1\" \/>\n<link rel=\"canonical\" href=\"https:\/\/lesjardinsdumorbihan.com\/en\/campsite-wellness-spa-morbihan\/\" \/>\n<meta property=\"og:locale\" content=\"en_US\" \/>\n<meta property=\"og:type\" content=\"article\" \/>\n<meta property=\"og:title\" content=\"Camping spa Morbihan: discover our wellness and spa area\" \/>\n<meta property=\"og:description\" content=\"Enjoy a moment of relaxation on your vacation in Morbihan. Discover our spa and our range of massages!\" \/>\n<meta property=\"og:url\" content=\"https:\/\/lesjardinsdumorbihan.com\/en\/campsite-wellness-spa-morbihan\/\" \/>\n<meta property=\"og:site_name\" content=\"Camping les Jardins du Morbihan\" \/>\n<meta property=\"article:modified_time\" content=\"2026-01-19T13:22:54+00:00\" \/>\n<meta property=\"og:image\" content=\"https:\/\/lesjardinsdumorbihan.com\/wp-content\/uploads\/2024\/02\/\u00a9L.RANNOU-001-3.jpg\" \/>\n\t<meta property=\"og:image:width\" content=\"2048\" \/>\n\t<meta property=\"og:image:height\" content=\"1366\" \/>\n\t<meta property=\"og:image:type\" content=\"image\/jpeg\" \/>\n<meta name=\"twitter:card\" content=\"summary_large_image\" \/>\n<meta name=\"twitter:label1\" content=\"Est. reading time\" \/>\n\t<meta name=\"twitter:data1\" content=\"1 minute\" \/>\n<script type=\"application\/ld+json\" class=\"yoast-schema-graph\">{\"@context\":\"https:\\\/\\\/schema.org\",\"@graph\":[{\"@type\":\"WebPage\",\"@id\":\"https:\\\/\\\/lesjardinsdumorbihan.com\\\/en\\\/campsite-wellness-spa-morbihan\\\/\",\"url\":\"https:\\\/\\\/lesjardinsdumorbihan.com\\\/en\\\/campsite-wellness-spa-morbihan\\\/\",\"name\":\"Camping spa Morbihan: discover our wellness and spa area\",\"isPartOf\":{\"@id\":\"https:\\\/\\\/lesjardinsdumorbihan.com\\\/en\\\/#website\"},\"primaryImageOfPage\":{\"@id\":\"https:\\\/\\\/lesjardinsdumorbihan.com\\\/en\\\/campsite-wellness-spa-morbihan\\\/#primaryimage\"},\"image\":{\"@id\":\"https:\\\/\\\/lesjardinsdumorbihan.com\\\/en\\\/campsite-wellness-spa-morbihan\\\/#primaryimage\"},\"thumbnailUrl\":\"https:\\\/\\\/lesjardinsdumorbihan.com\\\/wp-content\\\/uploads\\\/2024\\\/02\\\/\u00a9L.RANNOU-001-3.jpg\",\"datePublished\":\"2021-08-24T08:33:49+00:00\",\"dateModified\":\"2026-01-19T13:22:54+00:00\",\"description\":\"Enjoy a moment of relaxation on your vacation in Morbihan. Discover our spa and our range of massages!\",\"breadcrumb\":{\"@id\":\"https:\\\/\\\/lesjardinsdumorbihan.com\\\/en\\\/campsite-wellness-spa-morbihan\\\/#breadcrumb\"},\"inLanguage\":\"en-US\",\"potentialAction\":[{\"@type\":\"ReadAction\",\"target\":[\"https:\\\/\\\/lesjardinsdumorbihan.com\\\/en\\\/campsite-wellness-spa-morbihan\\\/\"]}]},{\"@type\":\"ImageObject\",\"inLanguage\":\"en-US\",\"@id\":\"https:\\\/\\\/lesjardinsdumorbihan.com\\\/en\\\/campsite-wellness-spa-morbihan\\\/#primaryimage\",\"url\":\"https:\\\/\\\/lesjardinsdumorbihan.com\\\/wp-content\\\/uploads\\\/2024\\\/02\\\/\u00a9L.RANNOU-001-3.jpg\",\"contentUrl\":\"https:\\\/\\\/lesjardinsdumorbihan.com\\\/wp-content\\\/uploads\\\/2024\\\/02\\\/\u00a9L.RANNOU-001-3.jpg\",\"width\":2048,\"height\":1366},{\"@type\":\"BreadcrumbList\",\"@id\":\"https:\\\/\\\/lesjardinsdumorbihan.com\\\/en\\\/campsite-wellness-spa-morbihan\\\/#breadcrumb\",\"itemListElement\":[{\"@type\":\"ListItem\",\"position\":1,\"name\":\"4 stars campsite Morhiban\",\"item\":\"https:\\\/\\\/lesjardinsdumorbihan.com\\\/en\\\/\"},{\"@type\":\"ListItem\",\"position\":2,\"name\":\"Camping with spa in Morbihan\"}]},{\"@type\":\"WebSite\",\"@id\":\"https:\\\/\\\/lesjardinsdumorbihan.com\\\/en\\\/#website\",\"url\":\"https:\\\/\\\/lesjardinsdumorbihan.com\\\/en\\\/\",\"name\":\"Camping les Jardins du Morbihan\",\"description\":\"\",\"publisher\":{\"@id\":\"https:\\\/\\\/lesjardinsdumorbihan.com\\\/en\\\/#organization\"},\"potentialAction\":[{\"@type\":\"SearchAction\",\"target\":{\"@type\":\"EntryPoint\",\"urlTemplate\":\"https:\\\/\\\/lesjardinsdumorbihan.com\\\/en\\\/?s={search_term_string}\"},\"query-input\":{\"@type\":\"PropertyValueSpecification\",\"valueRequired\":true,\"valueName\":\"search_term_string\"}}],\"inLanguage\":\"en-US\"},{\"@type\":\"Organization\",\"@id\":\"https:\\\/\\\/lesjardinsdumorbihan.com\\\/en\\\/#organization\",\"name\":\"Camping les Jardins du Morbihan\",\"url\":\"https:\\\/\\\/lesjardinsdumorbihan.com\\\/en\\\/\",\"logo\":{\"@type\":\"ImageObject\",\"inLanguage\":\"en-US\",\"@id\":\"https:\\\/\\\/lesjardinsdumorbihan.com\\\/en\\\/#\\\/schema\\\/logo\\\/image\\\/\",\"url\":\"https:\\\/\\\/lesjardinsdumorbihan.com\\\/wp-content\\\/uploads\\\/2022\\\/09\\\/logo_jdm.png\",\"contentUrl\":\"https:\\\/\\\/lesjardinsdumorbihan.com\\\/wp-content\\\/uploads\\\/2022\\\/09\\\/logo_jdm.png\",\"width\":6630,\"height\":2909,\"caption\":\"Camping les Jardins du Morbihan\"},\"image\":{\"@id\":\"https:\\\/\\\/lesjardinsdumorbihan.com\\\/en\\\/#\\\/schema\\\/logo\\\/image\\\/\"}}]}<\/script>\n<!-- \/ Yoast SEO plugin. -->","yoast_head_json":{"title":"Camping spa Morbihan: discover our wellness and spa area","description":"Enjoy a moment of relaxation on your vacation in Morbihan. Discover our spa and our range of massages!","robots":{"index":"index","follow":"follow","max-snippet":"max-snippet:-1","max-image-preview":"max-image-preview:large","max-video-preview":"max-video-preview:-1"},"canonical":"https:\/\/lesjardinsdumorbihan.com\/en\/campsite-wellness-spa-morbihan\/","og_locale":"en_US","og_type":"article","og_title":"Camping spa Morbihan: discover our wellness and spa area","og_description":"Enjoy a moment of relaxation on your vacation in Morbihan. Discover our spa and our range of massages!","og_url":"https:\/\/lesjardinsdumorbihan.com\/en\/campsite-wellness-spa-morbihan\/","og_site_name":"Camping les Jardins du Morbihan","article_modified_time":"2026-01-19T13:22:54+00:00","og_image":[{"width":2048,"height":1366,"url":"https:\/\/lesjardinsdumorbihan.com\/wp-content\/uploads\/2024\/02\/\u00a9L.RANNOU-001-3.jpg","type":"image\/jpeg"}],"twitter_card":"summary_large_image","twitter_misc":{"Est. reading time":"1 minute"},"schema":{"@context":"https:\/\/schema.org","@graph":[{"@type":"WebPage","@id":"https:\/\/lesjardinsdumorbihan.com\/en\/campsite-wellness-spa-morbihan\/","url":"https:\/\/lesjardinsdumorbihan.com\/en\/campsite-wellness-spa-morbihan\/","name":"Camping spa Morbihan: discover our wellness and spa area","isPartOf":{"@id":"https:\/\/lesjardinsdumorbihan.com\/en\/#website"},"primaryImageOfPage":{"@id":"https:\/\/lesjardinsdumorbihan.com\/en\/campsite-wellness-spa-morbihan\/#primaryimage"},"image":{"@id":"https:\/\/lesjardinsdumorbihan.com\/en\/campsite-wellness-spa-morbihan\/#primaryimage"},"thumbnailUrl":"https:\/\/lesjardinsdumorbihan.com\/wp-content\/uploads\/2024\/02\/\u00a9L.RANNOU-001-3.jpg","datePublished":"2021-08-24T08:33:49+00:00","dateModified":"2026-01-19T13:22:54+00:00","description":"Enjoy a moment of relaxation on your vacation in Morbihan. Discover our spa and our range of massages!","breadcrumb":{"@id":"https:\/\/lesjardinsdumorbihan.com\/en\/campsite-wellness-spa-morbihan\/#breadcrumb"},"inLanguage":"en-US","potentialAction":[{"@type":"ReadAction","target":["https:\/\/lesjardinsdumorbihan.com\/en\/campsite-wellness-spa-morbihan\/"]}]},{"@type":"ImageObject","inLanguage":"en-US","@id":"https:\/\/lesjardinsdumorbihan.com\/en\/campsite-wellness-spa-morbihan\/#primaryimage","url":"https:\/\/lesjardinsdumorbihan.com\/wp-content\/uploads\/2024\/02\/\u00a9L.RANNOU-001-3.jpg","contentUrl":"https:\/\/lesjardinsdumorbihan.com\/wp-content\/uploads\/2024\/02\/\u00a9L.RANNOU-001-3.jpg","width":2048,"height":1366},{"@type":"BreadcrumbList","@id":"https:\/\/lesjardinsdumorbihan.com\/en\/campsite-wellness-spa-morbihan\/#breadcrumb","itemListElement":[{"@type":"ListItem","position":1,"name":"4 stars campsite Morhiban","item":"https:\/\/lesjardinsdumorbihan.com\/en\/"},{"@type":"ListItem","position":2,"name":"Camping with spa in Morbihan"}]},{"@type":"WebSite","@id":"https:\/\/lesjardinsdumorbihan.com\/en\/#website","url":"https:\/\/lesjardinsdumorbihan.com\/en\/","name":"Camping les Jardins du Morbihan","description":"","publisher":{"@id":"https:\/\/lesjardinsdumorbihan.com\/en\/#organization"},"potentialAction":[{"@type":"SearchAction","target":{"@type":"EntryPoint","urlTemplate":"https:\/\/lesjardinsdumorbihan.com\/en\/?s={search_term_string}"},"query-input":{"@type":"PropertyValueSpecification","valueRequired":true,"valueName":"search_term_string"}}],"inLanguage":"en-US"},{"@type":"Organization","@id":"https:\/\/lesjardinsdumorbihan.com\/en\/#organization","name":"Camping les Jardins du Morbihan","url":"https:\/\/lesjardinsdumorbihan.com\/en\/","logo":{"@type":"ImageObject","inLanguage":"en-US","@id":"https:\/\/lesjardinsdumorbihan.com\/en\/#\/schema\/logo\/image\/","url":"https:\/\/lesjardinsdumorbihan.com\/wp-content\/uploads\/2022\/09\/logo_jdm.png","contentUrl":"https:\/\/lesjardinsdumorbihan.com\/wp-content\/uploads\/2022\/09\/logo_jdm.png","width":6630,"height":2909,"caption":"Camping les Jardins du Morbihan"},"image":{"@id":"https:\/\/lesjardinsdumorbihan.com\/en\/#\/schema\/logo\/image\/"}}]}},"_links":{"self":[{"href":"https:\/\/lesjardinsdumorbihan.com\/en\/wp-json\/wp\/v2\/pages\/12991","targetHints":{"allow":["GET"]}}],"collection":[{"href":"https:\/\/lesjardinsdumorbihan.com\/en\/wp-json\/wp\/v2\/pages"}],"about":[{"href":"https:\/\/lesjardinsdumorbihan.com\/en\/wp-json\/wp\/v2\/types\/page"}],"author":[{"embeddable":true,"href":"https:\/\/lesjardinsdumorbihan.com\/en\/wp-json\/wp\/v2\/users\/1"}],"replies":[{"embeddable":true,"href":"https:\/\/lesjardinsdumorbihan.com\/en\/wp-json\/wp\/v2\/comments?post=12991"}],"version-history":[{"count":5,"href":"https:\/\/lesjardinsdumorbihan.com\/en\/wp-json\/wp\/v2\/pages\/12991\/revisions"}],"predecessor-version":[{"id":14519,"href":"https:\/\/lesjardinsdumorbihan.com\/en\/wp-json\/wp\/v2\/pages\/12991\/revisions\/14519"}],"wp:featuredmedia":[{"embeddable":true,"href":"https:\/\/lesjardinsdumorbihan.com\/en\/wp-json\/wp\/v2\/media\/11264"}],"wp:attachment":[{"href":"https:\/\/lesjardinsdumorbihan.com\/en\/wp-json\/wp\/v2\/media?parent=12991"}],"curies":[{"name":"wp","href":"https:\/\/api.w.org\/{rel}","templated":true}]}}