{"id":13483,"date":"2021-08-24T10:33:49","date_gmt":"2021-08-24T08:33:49","guid":{"rendered":"https:\/\/lesjardinsdumorbihan.com\/camping-pas-cher-morbihan\/"},"modified":"2024-06-20T15:04:54","modified_gmt":"2024-06-20T13:04:54","slug":"guenstiges-camping-morbihan","status":"publish","type":"page","link":"https:\/\/lesjardinsdumorbihan.com\/de\/guenstiges-camping-morbihan\/","title":{"rendered":"Sonderangebote von unserem g\u00fcnstigen Campingplatz im Morbihan"},"content":{"rendered":"<div class=\"bloc-texte full\"><div class=\"texte center\"><p>Kennen Sie die Bretagne und all die Wunder, die sie zu bieten hat? Wenn dies noch nicht der Fall ist, ist es an der Zeit, einen Urlaub dort zu verbringen, um das kulturelle und historische Erbe und die umliegenden St\u00e4dte zu entdecken. Um nach zahlreichen Besuchen oder Aktivit\u00e4ten erholsame N\u00e4chte zu verbringen, bietet Ihnen Les jardin du Morbihan die kosteng\u00fcnstige Anmietung eines Mobilheims mit Terrasse oder eines Stellplatzes auf unserem Campingplatz in Morbihan an! Dar\u00fcber hinaus genie\u00dfen Sie alle Aktivit\u00e4ten und Unterhaltungsm\u00f6glichkeiten, die der Campingplatz bietet und die alle in unseren g\u00fcnstigen Preisen enthalten sind! Sind Sie bereit, die besten Campingpl\u00e4tze zu entdecken?<\/p>\n<p>F\u00fcr jede Anfrage z\u00f6gern Sie nicht, uns zu kontaktieren. Unser Team steht Ihnen gerne zur Verf\u00fcgung, um Sie f\u00fcr Ihren Aufenthalt in Morbihan zu beraten.<\/p>\n<\/div><\/div>\n\n<div class=\"liste-de-page-icones-container\"><h2>Les atouts de notre camping<\/h2><div class=\"liste-de-page-icones\"><a href=\"https:\/\/lesjardinsdumorbihan.com\/de\/vermietung-mobilheim-morbihan\/\" class=\"cta-icone\"><img decoding=\"async\" src=\"https:\/\/lesjardinsdumorbihan.com\/wp-content\/uploads\/2024\/02\/mobil-home.png\" alt=\"mobil home\"><p>Klassische und au\u00dfergew\u00f6hnliche Mobilheime<\/p><\/a><a href=\"https:\/\/lesjardinsdumorbihan.com\/de\/standorte\/\" class=\"cta-icone\"><img decoding=\"async\" src=\"https:\/\/lesjardinsdumorbihan.com\/wp-content\/uploads\/2024\/02\/emplacement-sanitaire.png\" alt=\"emplacement sanitaire\"><p>Stellpl\u00e4tze und Bereiche f\u00fcr Wohnmobile<\/p><\/a><a href=\"https:\/\/lesjardinsdumorbihan.com\/de\/wasserpark-morbihan\/\" class=\"cta-icone\"><img decoding=\"async\" src=\"https:\/\/lesjardinsdumorbihan.com\/wp-content\/uploads\/2024\/02\/parc-aquatique.png\" alt=\"parc aquatique\"><p>Wasserpark<\/p><\/a><a href=\"https:\/\/lesjardinsdumorbihan.com\/de\/aktivitaeten\/\" class=\"cta-icone\"><img decoding=\"async\" src=\"https:\/\/lesjardinsdumorbihan.com\/wp-content\/uploads\/2024\/02\/activites.png\" alt=\"activites\"><p>Tierpark, Zirkusschule und Aktivit\u00e4ten<\/p><\/a><\/div><\/div>\n\n<div class=\"frame\"><h2 class=\"titre center\">Entdecken Sie alle unsere verf\u00fcgbaren und preiswerten Unterk\u00fcnfte<\/h2>\r\n<div class=\"ctoutvert\">\r\n    <ctv-availability data-background-color=\"#FFFFFFFF\" ><\/ctv-availability>\r\n<\/div> <\/div>\n\n<div class=\"text-image-new style1 image-right\"><div class=\"text-image-new-colonne\"><H2 class=\"text-image-new-titre\">Der Campingplatz Les jardin du Morbihan empf\u00e4ngt Sie zu einer komfortablen Miete in der Bretagne f\u00fcr einen Urlaub auf einem preiswerten Campingplatz in Morbihan<\/H2><div class=\"text-image-new-content\"><p>Suchen Sie einen komfortablen Campingplatz mit attraktiven Preisen f\u00fcr Ihren Urlaub in der Bretagne? Die G\u00e4rten des Morbihan hei\u00dfen Sie mit offenen Armen willkommen und bieten Ihnen einen der komfortabelsten Campingpl\u00e4tze der Region! Unser preisg\u00fcnstiger Campingplatz in Vannes bietet Ihnen eine Reihe von Mietunterk\u00fcnften \u2013 von einfachen Stellpl\u00e4tzen f\u00fcr Zelte, Wohnwagen und Wohnmobile bis hin zu Mobilheimen oder au\u00dfergew\u00f6hnlichen Unterk\u00fcnften! Unser preisg\u00fcnstiger Campingplatz in Morbihan bietet Ihnen auch erstklassige Dienstleistungen: verschiedene Infrastrukturen (Wasserpark mit beheiztem Au\u00dfenschwimmbad und beheiztem Innenpool, Fitnessstudio usw.) und Campingaktivit\u00e4ten (Tanzabende, M\u00e4rkte usw.). Wenn Sie sich f\u00fcr die Miete auf unserem 4-Sterne-Campingplatz entscheiden, wohnen Sie in der N\u00e4he der sch\u00f6nsten St\u00e4dte der Bretagne: Carnac, Ambon, Quiberon, Theix-Noyalo und Trinit\u00e9-sur-Mer.<\/p>\n<\/div><\/div><div class=\"text-image-new-colonne\"><img decoding=\"async\" src=\"https:\/\/lesjardinsdumorbihan.com\/wp-content\/uploads\/2022\/05\/depart_pentaglisse_camping_vannes.jpeg\" alt=\"g\u00fcnstiger Campingplatz Morbihan\" class=\"text-image-new-thumb\" \/><\/div><\/div>\n\n<div class=\"text-image-new style1 image-left\"><div class=\"text-image-new-colonne\"><H2 class=\"text-image-new-titre\">G\u00fcnstige Mobilheim- oder Campingplatzmiete in Vannes: Entdecken Sie unsere g\u00fcnstigen Unterk\u00fcnfte<\/H2><div class=\"text-image-new-content\"><p>Um einen komfortablen Urlaub in der Bretagne zu gew\u00e4hrleisten, bietet Ihnen Jardins du Morbihan seinen preiswerten Campingplatz in Morbihan an. Auf unserem 4-Sterne-Campingplatz denken wir an jedes Budget. Deshalb bieten wir Ihnen die Vermietung von Mobilheimen, Stellpl\u00e4tzen oder au\u00dfergew\u00f6hnlichen Unterk\u00fcnften zu g\u00fcnstigen Preisen an! Was ist, wenn Sie in letzter Minute buchen? Sie k\u00f6nnen sogar von einem Sonderangebot profitieren, also bleiben Sie dran!<\/p>\n<\/div><\/div><div class=\"text-image-new-colonne\"><img decoding=\"async\" src=\"https:\/\/lesjardinsdumorbihan.com\/wp-content\/uploads\/2022\/11\/MH-INTERIEUR.jpg\" alt=\"g\u00fcnstiger Campingplatz Bretagne Morbihan\" class=\"text-image-new-thumb\" \/><\/div><\/div>\n\n<div class=\"text-image-new style1 image-right\"><div class=\"text-image-new-colonne\"><H2 class=\"text-image-new-titre\">G\u00fcnstige Mobilheimmiete: Buchen Sie einen komfortablen Aufenthalt in der Bretagne<\/H2><div class=\"text-image-new-content\"><p>F\u00fcr einen angenehmen Aufenthalt ist eine erholsame Nacht unerl\u00e4sslich. Und das ist ein guter Start in einen neuen Tag voller Besuche und Aktivit\u00e4ten. Auf unserem preiswerten Campingplatz im Morbihan haben Sie die Wahl zwischen Ihrer Unterkunft in der Bretagne. Zun\u00e4chst bieten wir Mobilheime mit variabler Zimmeranzahl an \u2013 von 1 bis 4 Schlafzimmern. Jedes Mobilheim ist mit Schlafzimmern, Badezimmern, K\u00fcchenbereich und Terrasse ausgestattet. Sie k\u00f6nnen auch von einem behindertengerechten Mobilheim profitieren. W\u00e4hlen Sie die Miete, die Ihren Bed\u00fcrfnissen und Preisen am besten entspricht!<\/p>\n<h3>G\u00fcnstiger Urlaub am Meer: unsere verf\u00fcgbaren Stellpl\u00e4tze<\/h3>\n<p>Sind Sie ein Naturliebhaber? Verbringen Sie Ihren Urlaub in der Bretagne so nah wie m\u00f6glich mit der Vermietung von Stellpl\u00e4tzen auf unserem preiswerten Campingplatz in Morbihan! Noch besser geeignet f\u00fcr kleine Budgets, haben Sie au\u00dferdem Zugang zu allen Aktivit\u00e4ten und der Infrastruktur des Campingplatzes. Bei dieser Standortmiete liegt es an Ihnen, zwischen \u00f6ffentlichen Toiletten und privaten Toiletten zu w\u00e4hlen!<\/p>\n<\/div><\/div><div class=\"text-image-new-colonne\"><img decoding=\"async\" src=\"https:\/\/lesjardinsdumorbihan.com\/wp-content\/uploads\/2022\/05\/MH_2CH_4PERSONNES_CONFORT-2-scaled.jpg\" alt=\"\" class=\"text-image-new-thumb\" \/><\/div><\/div>\n\n<div class=\"text-image-new style1 image-left\"><div class=\"text-image-new-colonne\"><H2 class=\"text-image-new-titre\">Ein erstklassiger und erschwinglicher Aufenthalt in originellen Unterk\u00fcnften: unsere au\u00dfergew\u00f6hnlichen Mietobjekte in Morbihan<\/H2><div class=\"text-image-new-content\"><p>M\u00f6chten Sie sich nicht f\u00fcr die Anmietung eines Mobilheims oder eines Stellplatzes f\u00fcr Zelte, Campingpl\u00e4tze und Wohnwagen entscheiden? Sind Sie auf der Suche nach einem etwas ungew\u00f6hnlicheren Urlaub in der Bretagne? Les Jardins du Morbihan hat Sie geh\u00f6rt! Tats\u00e4chlich bietet unser preisg\u00fcnstiger Campingplatz im Morbihan ungew\u00f6hnliche Mietunterk\u00fcnfte:<\/p>\n<ul>\n<li>Coco Sweet: Genie\u00dfen Sie Ihre Miete in dieser Atmosph\u00e4re der Ruhe. Eine h\u00fcbsche Unterkunft mit abgerundeten T\u00fcren, gem\u00fctlichen M\u00f6beln und Pastellfarben f\u00fcr einen ruhigen Urlaub.<\/li>\n<li>Lodge-Zelt: Als perfekter Kompromiss zwischen Camping und Wohnmobil bietet Ihnen dieses Zelt eine Inneneinrichtung in nat\u00fcrlicher Holzoptik mit lebendigen Farben.<\/li>\n<li>Chalet f\u00fcr Behinderte: Diese behindertengerechte Unterkunft hei\u00dft Sie herzlich willkommen, w\u00e4hrend Ihres Urlaubs in der Bretagne erholsame N\u00e4chte zu verbringen.<\/li>\n<\/ul>\n<\/div><\/div><div class=\"text-image-new-colonne\"><img decoding=\"async\" src=\"https:\/\/lesjardinsdumorbihan.com\/wp-content\/uploads\/2022\/12\/TENTE-LODGE_2CH_5PERSONNES2-scaled.jpg\" alt=\"\" class=\"text-image-new-thumb\" \/><\/div><\/div>\n\n<div class=\"text-image-new style1 image-right\"><div class=\"text-image-new-colonne\"><H2 class=\"text-image-new-titre\">Star-Service: Genie\u00dfen Sie neben komfortablen \u00dcbernachtungen auch Aktivit\u00e4ten f\u00fcr Erwachsene und Kinder auf unserem preisg\u00fcnstigen Campingplatz<\/H2><div class=\"text-image-new-content\"><p>Wenn ein Urlaub in der Bretagne gleichbedeutend mit Ausfl\u00fcgen und Entdeckungen ist, k\u00f6nnen Sie ihn auch zum Entspannen nutzen. Daf\u00fcr gibt es nichts Besseres, als auf unserem preiswerten Campingplatz im Morbihan zu \u00fcbernachten und alle m\u00f6glichen Aktivit\u00e4ten zu entdecken \u2013 vom Wasserpark bis zum Ruhebereich werden Sie nicht entt\u00e4uscht sein!<\/p>\n<\/div><\/div><div class=\"text-image-new-colonne\"><img decoding=\"async\" src=\"https:\/\/lesjardinsdumorbihan.com\/wp-content\/uploads\/2023\/04\/PHOTO-INTERIEUR-SITE_MULTI-PHOTOS-ACTIVITES-scaled.jpg\" alt=\"Campingplatz Golf von Morbihan g\u00fcnstig\" class=\"text-image-new-thumb\" \/><\/div><\/div>\n\n<div class=\"text-image-new style1 image-left\"><div class=\"text-image-new-colonne\"><H3 class=\"text-image-new-titre\">Ein mit Sternen ausgezeichneter und voll ausgestatteter Campingplatz: Entdecken Sie alle unsere Sterne-Services, die in unseren g\u00fcnstigen Preisen enthalten sind<\/H3><div class=\"text-image-new-content\"><p>Dachten Sie, dass wir mit den erstklassigen Dienstleistungen, die unser preiswerter Campingplatz im Morbihan bietet, am Ende sind? Das ist nicht der Fall ! F\u00fcr den g\u00fcnstigen Preis Ihrer Stellplatzmiete, Ihres Mobilheims oder Ihrer ungew\u00f6hnlichen Unterkunft bieten wir auch verschiedene Aktivit\u00e4ten und Unterhaltung f\u00fcr \u00e4ltere Kinder \u2026 und Kinder:<\/p>\n<ul>\n<li>Campingplatzbar: mit Fr\u00fchst\u00fcck am Morgen, Barunterhaltung und Tanzabenden<\/li>\n<li>Campingplatzjause mit Terrasse: f\u00fcr den schnellen Snack im Urlaub<\/li>\n<li>Lebensmittelabteilung: Ein kleiner Supermarkt auf dem Campingplatz f\u00fcr die Grundbed\u00fcrfnisse in Reichweite!<\/li>\n<li>Gemeinschaftstoiletten: Toiletten und Duschen inklusive<\/li>\n<li>Minimarkt mit lokalen H\u00e4ndlern<\/li>\n<li>Kinderbereiche und Spielpl\u00e4tze, Kinderclub, Minitierpark, Zirkuskurse und Auff\u00fchrungen<\/li>\n<li>Outdoor-Sportplatz, Minigolf, Tischtennisplatten<\/li>\n<li>WLAN: WLAN ist in der N\u00e4he der Rezeption des Campingplatzes kostenlos<\/li>\n<\/ul>\n<\/div><\/div><div class=\"text-image-new-colonne\"><img decoding=\"async\" src=\"https:\/\/lesjardinsdumorbihan.com\/wp-content\/uploads\/2023\/04\/SERVICES1-scaled.jpg\" alt=\"\" class=\"text-image-new-thumb\" \/><\/div><\/div>\n\n<div class=\"text-image-new style1 image-right\"><div class=\"text-image-new-colonne\"><H2 class=\"text-image-new-titre\">Buchen Sie Ihren g\u00fcnstigen Urlaub in der Bretagne: ein Tag voller Entdeckungen und erholsamer N\u00e4chte auf einem Sterne-Campingplatz im Morbihan<\/H2><div class=\"text-image-new-content\"><p>M\u00f6chten Sie die Bretagne und ihre kleinen Sch\u00e4tze so gut wie m\u00f6glich entdecken? Erster Schritt: Mieten Sie ein g\u00fcnstiges Mietobjekt auf unserem Campingplatz im Morbihan. Zweiter Schritt: Lassen Sie sich durch die Morbihan-G\u00e4rten f\u00fchren, um Vannes, seine unumg\u00e4nglichen Sehensw\u00fcrdigkeiten und die umliegenden St\u00e4dte zu entdecken:<\/p>\n<ul>\n<li>Vannes: Stadtmauer von Vannes, Kathedrale Saint-Pierre, Wanderungen, kleiner Touristenzug, Maison du Cidre, Museen, Str\u00e4nde (Strand des Golfs von Morbihan, Strand von Conleau)<\/li>\n<li>Weitere zu entdeckende St\u00e4dte in der Bretagne: Theix-Noyalo (13 km), Ambon (25 km), Carnac (30 km), Rhuys-Halbinsel (30 km), Trinit\u00e9-sur-Mer (33 km), Quiberon (47 km) oder Ploemeur (65 km), Guerl\u00e9dan-See (in Richtung Strand Beau Rivage, 75 km).<\/li>\n<\/ul>\n<p>Wenn Sie ein g\u00fcnstiges Mietobjekt auf unserem Campingplatz im Morbihan haben, z\u00f6gern Sie nicht, uns eine Bewertung zu hinterlassen, um uns mitzuteilen, wie Ihr Aufenthalt in der Bretagne auf dem besten Campingplatz war. Sie k\u00f6nnen uns auch kontaktieren, wenn Sie weitere Informationen \u00fcber die Anzahl der Zimmer pro Unterkunft, Preise\/Personen und Sehensw\u00fcrdigkeiten ben\u00f6tigen! Die G\u00e4rten von Morbihan helfen Ihnen gerne f\u00fcr einen erholsamen Aufenthalt!<\/p>\n<\/div><\/div><div class=\"text-image-new-colonne\"><img decoding=\"async\" src=\"https:\/\/lesjardinsdumorbihan.com\/wp-content\/uploads\/2022\/09\/morbihan.jpg\" alt=\"g\u00fcnstiger Campingplatz Bretagne Morbihan\" class=\"text-image-new-thumb\" \/><\/div><\/div>","protected":false},"excerpt":{"rendered":"","protected":false},"author":1,"featured_media":13485,"parent":0,"menu_order":0,"comment_status":"closed","ping_status":"closed","template":"","meta":{"_acf_changed":false,"footnotes":""},"class_list":["post-13483","page","type-page","status-publish","has-post-thumbnail","hentry"],"acf":[],"yoast_head":"<!-- This site is optimized with the Yoast SEO plugin v26.9 - https:\/\/yoast.com\/product\/yoast-seo-wordpress\/ -->\n<title>G\u00fcnstiger Campingplatz Morbihan in der N\u00e4he von Vannes | Profitieren Sie von den besten Angeboten<\/title>\n<meta name=\"description\" content=\"Wagen Sie den Sprung und machen Sie Urlaub f\u00fcr die ganze Familie auf einem preiswerten 4-Sterne-Campingplatz in Vannes im Golf du Morbihan!\" \/>\n<meta name=\"robots\" content=\"index, follow, max-snippet:-1, max-image-preview:large, max-video-preview:-1\" \/>\n<link rel=\"canonical\" href=\"https:\/\/lesjardinsdumorbihan.com\/de\/guenstiges-camping-morbihan\/\" \/>\n<meta property=\"og:locale\" content=\"de_DE\" \/>\n<meta property=\"og:type\" content=\"article\" \/>\n<meta property=\"og:title\" content=\"G\u00fcnstiger Campingplatz Morbihan in der N\u00e4he von Vannes | Profitieren Sie von den besten Angeboten\" \/>\n<meta property=\"og:description\" content=\"Wagen Sie den Sprung und machen Sie Urlaub f\u00fcr die ganze Familie auf einem preiswerten 4-Sterne-Campingplatz in Vannes im Golf du Morbihan!\" \/>\n<meta property=\"og:url\" content=\"https:\/\/lesjardinsdumorbihan.com\/de\/guenstiges-camping-morbihan\/\" \/>\n<meta property=\"og:site_name\" content=\"Camping les Jardins du Morbihan\" \/>\n<meta property=\"article:modified_time\" content=\"2024-06-20T13:04:54+00:00\" \/>\n<meta property=\"og:image\" content=\"https:\/\/lesjardinsdumorbihan.com\/wp-content\/uploads\/2022\/11\/VISITE-VIRTUELLE-scaled.jpg\" \/>\n\t<meta property=\"og:image:width\" content=\"2560\" \/>\n\t<meta property=\"og:image:height\" content=\"1297\" \/>\n\t<meta property=\"og:image:type\" content=\"image\/jpeg\" \/>\n<meta name=\"twitter:card\" content=\"summary_large_image\" \/>\n<meta name=\"twitter:label1\" content=\"Gesch\u00e4tzte Lesezeit\" \/>\n\t<meta name=\"twitter:data1\" content=\"1\u00a0Minute\" \/>\n<script type=\"application\/ld+json\" class=\"yoast-schema-graph\">{\"@context\":\"https:\/\/schema.org\",\"@graph\":[{\"@type\":\"WebPage\",\"@id\":\"https:\/\/lesjardinsdumorbihan.com\/de\/guenstiges-camping-morbihan\/\",\"url\":\"https:\/\/lesjardinsdumorbihan.com\/de\/guenstiges-camping-morbihan\/\",\"name\":\"G\u00fcnstiger Campingplatz Morbihan in der N\u00e4he von Vannes | Profitieren Sie von den besten Angeboten\",\"isPartOf\":{\"@id\":\"https:\/\/lesjardinsdumorbihan.com\/de\/#website\"},\"primaryImageOfPage\":{\"@id\":\"https:\/\/lesjardinsdumorbihan.com\/de\/guenstiges-camping-morbihan\/#primaryimage\"},\"image\":{\"@id\":\"https:\/\/lesjardinsdumorbihan.com\/de\/guenstiges-camping-morbihan\/#primaryimage\"},\"thumbnailUrl\":\"https:\/\/lesjardinsdumorbihan.com\/wp-content\/uploads\/2022\/11\/VISITE-VIRTUELLE-scaled.jpg\",\"datePublished\":\"2021-08-24T08:33:49+00:00\",\"dateModified\":\"2024-06-20T13:04:54+00:00\",\"description\":\"Wagen Sie den Sprung und machen Sie Urlaub f\u00fcr die ganze Familie auf einem preiswerten 4-Sterne-Campingplatz in Vannes im Golf du Morbihan!\",\"breadcrumb\":{\"@id\":\"https:\/\/lesjardinsdumorbihan.com\/de\/guenstiges-camping-morbihan\/#breadcrumb\"},\"inLanguage\":\"de\",\"potentialAction\":[{\"@type\":\"ReadAction\",\"target\":[\"https:\/\/lesjardinsdumorbihan.com\/de\/guenstiges-camping-morbihan\/\"]}]},{\"@type\":\"ImageObject\",\"inLanguage\":\"de\",\"@id\":\"https:\/\/lesjardinsdumorbihan.com\/de\/guenstiges-camping-morbihan\/#primaryimage\",\"url\":\"https:\/\/lesjardinsdumorbihan.com\/wp-content\/uploads\/2022\/11\/VISITE-VIRTUELLE-scaled.jpg\",\"contentUrl\":\"https:\/\/lesjardinsdumorbihan.com\/wp-content\/uploads\/2022\/11\/VISITE-VIRTUELLE-scaled.jpg\",\"width\":2560,\"height\":1297},{\"@type\":\"BreadcrumbList\",\"@id\":\"https:\/\/lesjardinsdumorbihan.com\/de\/guenstiges-camping-morbihan\/#breadcrumb\",\"itemListElement\":[{\"@type\":\"ListItem\",\"position\":1,\"name\":\"Camping 4 \u00e9toiles Morbihan\",\"item\":\"https:\/\/lesjardinsdumorbihan.com\/de\/\"},{\"@type\":\"ListItem\",\"position\":2,\"name\":\"G\u00fcnstiger Campingplatz im Morbihan\"}]},{\"@type\":\"WebSite\",\"@id\":\"https:\/\/lesjardinsdumorbihan.com\/de\/#website\",\"url\":\"https:\/\/lesjardinsdumorbihan.com\/de\/\",\"name\":\"Camping les Jardins du Morbihan\",\"description\":\"\",\"publisher\":{\"@id\":\"https:\/\/lesjardinsdumorbihan.com\/de\/#organization\"},\"potentialAction\":[{\"@type\":\"SearchAction\",\"target\":{\"@type\":\"EntryPoint\",\"urlTemplate\":\"https:\/\/lesjardinsdumorbihan.com\/de\/?s={search_term_string}\"},\"query-input\":{\"@type\":\"PropertyValueSpecification\",\"valueRequired\":true,\"valueName\":\"search_term_string\"}}],\"inLanguage\":\"de\"},{\"@type\":\"Organization\",\"@id\":\"https:\/\/lesjardinsdumorbihan.com\/de\/#organization\",\"name\":\"Camping les Jardins du Morbihan\",\"url\":\"https:\/\/lesjardinsdumorbihan.com\/de\/\",\"logo\":{\"@type\":\"ImageObject\",\"inLanguage\":\"de\",\"@id\":\"https:\/\/lesjardinsdumorbihan.com\/de\/#\/schema\/logo\/image\/\",\"url\":\"https:\/\/lesjardinsdumorbihan.com\/wp-content\/uploads\/2022\/09\/logo_jdm.png\",\"contentUrl\":\"https:\/\/lesjardinsdumorbihan.com\/wp-content\/uploads\/2022\/09\/logo_jdm.png\",\"width\":6630,\"height\":2909,\"caption\":\"Camping les Jardins du Morbihan\"},\"image\":{\"@id\":\"https:\/\/lesjardinsdumorbihan.com\/de\/#\/schema\/logo\/image\/\"}}]}<\/script>\n<!-- \/ Yoast SEO plugin. -->","yoast_head_json":{"title":"G\u00fcnstiger Campingplatz Morbihan in der N\u00e4he von Vannes | Profitieren Sie von den besten Angeboten","description":"Wagen Sie den Sprung und machen Sie Urlaub f\u00fcr die ganze Familie auf einem preiswerten 4-Sterne-Campingplatz in Vannes im Golf du Morbihan!","robots":{"index":"index","follow":"follow","max-snippet":"max-snippet:-1","max-image-preview":"max-image-preview:large","max-video-preview":"max-video-preview:-1"},"canonical":"https:\/\/lesjardinsdumorbihan.com\/de\/guenstiges-camping-morbihan\/","og_locale":"de_DE","og_type":"article","og_title":"G\u00fcnstiger Campingplatz Morbihan in der N\u00e4he von Vannes | Profitieren Sie von den besten Angeboten","og_description":"Wagen Sie den Sprung und machen Sie Urlaub f\u00fcr die ganze Familie auf einem preiswerten 4-Sterne-Campingplatz in Vannes im Golf du Morbihan!","og_url":"https:\/\/lesjardinsdumorbihan.com\/de\/guenstiges-camping-morbihan\/","og_site_name":"Camping les Jardins du Morbihan","article_modified_time":"2024-06-20T13:04:54+00:00","og_image":[{"width":2560,"height":1297,"url":"https:\/\/lesjardinsdumorbihan.com\/wp-content\/uploads\/2022\/11\/VISITE-VIRTUELLE-scaled.jpg","type":"image\/jpeg"}],"twitter_card":"summary_large_image","twitter_misc":{"Gesch\u00e4tzte Lesezeit":"1\u00a0Minute"},"schema":{"@context":"https:\/\/schema.org","@graph":[{"@type":"WebPage","@id":"https:\/\/lesjardinsdumorbihan.com\/de\/guenstiges-camping-morbihan\/","url":"https:\/\/lesjardinsdumorbihan.com\/de\/guenstiges-camping-morbihan\/","name":"G\u00fcnstiger Campingplatz Morbihan in der N\u00e4he von Vannes | Profitieren Sie von den besten Angeboten","isPartOf":{"@id":"https:\/\/lesjardinsdumorbihan.com\/de\/#website"},"primaryImageOfPage":{"@id":"https:\/\/lesjardinsdumorbihan.com\/de\/guenstiges-camping-morbihan\/#primaryimage"},"image":{"@id":"https:\/\/lesjardinsdumorbihan.com\/de\/guenstiges-camping-morbihan\/#primaryimage"},"thumbnailUrl":"https:\/\/lesjardinsdumorbihan.com\/wp-content\/uploads\/2022\/11\/VISITE-VIRTUELLE-scaled.jpg","datePublished":"2021-08-24T08:33:49+00:00","dateModified":"2024-06-20T13:04:54+00:00","description":"Wagen Sie den Sprung und machen Sie Urlaub f\u00fcr die ganze Familie auf einem preiswerten 4-Sterne-Campingplatz in Vannes im Golf du Morbihan!","breadcrumb":{"@id":"https:\/\/lesjardinsdumorbihan.com\/de\/guenstiges-camping-morbihan\/#breadcrumb"},"inLanguage":"de","potentialAction":[{"@type":"ReadAction","target":["https:\/\/lesjardinsdumorbihan.com\/de\/guenstiges-camping-morbihan\/"]}]},{"@type":"ImageObject","inLanguage":"de","@id":"https:\/\/lesjardinsdumorbihan.com\/de\/guenstiges-camping-morbihan\/#primaryimage","url":"https:\/\/lesjardinsdumorbihan.com\/wp-content\/uploads\/2022\/11\/VISITE-VIRTUELLE-scaled.jpg","contentUrl":"https:\/\/lesjardinsdumorbihan.com\/wp-content\/uploads\/2022\/11\/VISITE-VIRTUELLE-scaled.jpg","width":2560,"height":1297},{"@type":"BreadcrumbList","@id":"https:\/\/lesjardinsdumorbihan.com\/de\/guenstiges-camping-morbihan\/#breadcrumb","itemListElement":[{"@type":"ListItem","position":1,"name":"Camping 4 \u00e9toiles Morbihan","item":"https:\/\/lesjardinsdumorbihan.com\/de\/"},{"@type":"ListItem","position":2,"name":"G\u00fcnstiger Campingplatz im Morbihan"}]},{"@type":"WebSite","@id":"https:\/\/lesjardinsdumorbihan.com\/de\/#website","url":"https:\/\/lesjardinsdumorbihan.com\/de\/","name":"Camping les Jardins du Morbihan","description":"","publisher":{"@id":"https:\/\/lesjardinsdumorbihan.com\/de\/#organization"},"potentialAction":[{"@type":"SearchAction","target":{"@type":"EntryPoint","urlTemplate":"https:\/\/lesjardinsdumorbihan.com\/de\/?s={search_term_string}"},"query-input":{"@type":"PropertyValueSpecification","valueRequired":true,"valueName":"search_term_string"}}],"inLanguage":"de"},{"@type":"Organization","@id":"https:\/\/lesjardinsdumorbihan.com\/de\/#organization","name":"Camping les Jardins du Morbihan","url":"https:\/\/lesjardinsdumorbihan.com\/de\/","logo":{"@type":"ImageObject","inLanguage":"de","@id":"https:\/\/lesjardinsdumorbihan.com\/de\/#\/schema\/logo\/image\/","url":"https:\/\/lesjardinsdumorbihan.com\/wp-content\/uploads\/2022\/09\/logo_jdm.png","contentUrl":"https:\/\/lesjardinsdumorbihan.com\/wp-content\/uploads\/2022\/09\/logo_jdm.png","width":6630,"height":2909,"caption":"Camping les Jardins du Morbihan"},"image":{"@id":"https:\/\/lesjardinsdumorbihan.com\/de\/#\/schema\/logo\/image\/"}}]}},"_links":{"self":[{"href":"https:\/\/lesjardinsdumorbihan.com\/de\/wp-json\/wp\/v2\/pages\/13483","targetHints":{"allow":["GET"]}}],"collection":[{"href":"https:\/\/lesjardinsdumorbihan.com\/de\/wp-json\/wp\/v2\/pages"}],"about":[{"href":"https:\/\/lesjardinsdumorbihan.com\/de\/wp-json\/wp\/v2\/types\/page"}],"author":[{"embeddable":true,"href":"https:\/\/lesjardinsdumorbihan.com\/de\/wp-json\/wp\/v2\/users\/1"}],"replies":[{"embeddable":true,"href":"https:\/\/lesjardinsdumorbihan.com\/de\/wp-json\/wp\/v2\/comments?post=13483"}],"version-history":[{"count":5,"href":"https:\/\/lesjardinsdumorbihan.com\/de\/wp-json\/wp\/v2\/pages\/13483\/revisions"}],"predecessor-version":[{"id":13497,"href":"https:\/\/lesjardinsdumorbihan.com\/de\/wp-json\/wp\/v2\/pages\/13483\/revisions\/13497"}],"wp:featuredmedia":[{"embeddable":true,"href":"https:\/\/lesjardinsdumorbihan.com\/de\/wp-json\/wp\/v2\/media\/13485"}],"wp:attachment":[{"href":"https:\/\/lesjardinsdumorbihan.com\/de\/wp-json\/wp\/v2\/media?parent=13483"}],"curies":[{"name":"wp","href":"https:\/\/api.w.org\/{rel}","templated":true}]}}