{"id":13224,"date":"2024-03-26T09:05:36","date_gmt":"2024-03-26T08:05:36","guid":{"rendered":"https:\/\/lesjardinsdumorbihan.com\/suedbretagne\/camping-bretagne-sud-avec-piscine\/"},"modified":"2024-06-20T12:03:08","modified_gmt":"2024-06-20T10:03:08","slug":"campingplatz-suedliche-bretagne-mit-schwimmbad","status":"publish","type":"page","link":"https:\/\/lesjardinsdumorbihan.com\/de\/suedbretagne\/campingplatz-suedliche-bretagne-mit-schwimmbad\/","title":{"rendered":"Ein Aufenthalt auf einem Campingplatz im S\u00fcden der Bretagne mit Schwimmbad"},"content":{"rendered":"<div class=\"bloc-texte full\"><div class=\"texte center\"><p style=\"text-align: left;\">Um Ihren Urlaub im Golf von Morbihan unvergesslich zu gestalten, w\u00e4hlen Sie einen Campingplatz mit einem wundersch\u00f6nen Badegebiet! Der 4-Sterne-Campingplatz Les Jardins du Morbihan in Morbihan bietet Ihnen eine der sch\u00f6nsten Wasseranlagen der Bretagne. Entdecken Sie einen Bereich, der f\u00fcr das Vergn\u00fcgen aller und bei jedem Wetter konzipiert ist, mit Au\u00dfenpools, einem Innenpool, Rutschenattraktionen und Wellnesseinrichtungen. Etwas, das Sie sich nach dem Strand g\u00f6nnen und Wohlf\u00fchlmomente verbringen k\u00f6nnen!<\/p>\n<\/div><\/div>\n\n<div class=\"text-image-new style1 image-left\"><div class=\"text-image-new-colonne\"><H2 class=\"text-image-new-titre\">Genie\u00dfen Sie mehrere Schwimmb\u00e4der<\/H2><div class=\"text-image-new-content\"><p>W\u00e4hrend es in der s\u00fcdlichen Bretagne keine Seltenheit ist, Campingpl\u00e4tze mit Schwimmbad zu finden, ist es jedoch schwieriger, Campingpl\u00e4tze mit einem gro\u00dfen Wasserpark und mehreren Schwimmb\u00e4dern zu finden! Auf unserem 4-Sterne-Campingplatz finden Sie nicht nur Schwimmb\u00e4der, sondern auch einen kompletten Wasserbereich, der Ihrer ganzen Familie gefallen wird.<\/p>\n<\/div><p class=\"lire-plus\">Mehr lesen<\/p><div class=\"text-image-new-content-more hide\"><p>Auf unserem Campingplatz in der S\u00fcdbretagne mit Schwimmb\u00e4dern erwarten Sie:<\/p>\n<ul>\n<li>ein beheiztes Freibad mit Planschbecken<\/li>\n<li>Folien<\/li>\n<li>ein beheiztes Hallenbad mit Wasserspielbereich f\u00fcr Kinder<\/li>\n<li>Mehrere Bereiche mit Liegest\u00fchlen, um die Sonne zu genie\u00dfen<\/li>\n<li>ein Wellnessbereich mit Balneotherapiebecken<\/li>\n<\/ul>\n<\/div><p class=\"lire-moins hide\">Lese weniger<\/p><\/div><div class=\"text-image-new-colonne\"><img decoding=\"async\" src=\"https:\/\/lesjardinsdumorbihan.com\/wp-content\/uploads\/2024\/02\/@L.RANNOU-N\u00b00106-1.jpg\" alt=\"Campingplatz im S\u00fcden der Bretagne mit Schwimmbad\" class=\"text-image-new-thumb\" \/><\/div><\/div>\n\n<div class=\"image-full-text\"><img decoding=\"async\" src=\"https:\/\/lesjardinsdumorbihan.com\/wp-content\/uploads\/2024\/03\/piscine-interieur-camping-bretagne-sud.jpg\" alt=\"Campingplatz mit Hallenbad im S\u00fcden der Bretagne\" class=\"image-full-text-thumb\" \/><div class=\"image-full-text-container\"><H2 class=\"image-full-text-titre\">Das Hallenbad<\/H2><div class=\"image-full-text-content\"><p>Gute Nachrichten: Unser Campingplatz in der s\u00fcdlichen Bretagne mit Schwimmbad verf\u00fcgt \u00fcber ein beheiztes Hallenbad! Dieses beheizte Hallenbad garantiert Ihnen bei jedem Wetter sch\u00f6ne Tage im Wasser. Auf unserem 4-Sterne-Campingplatz hindert Sie auch ung\u00fcnstiges Wetter nicht daran, das Badevergn\u00fcgen zu genie\u00dfen! Auch in diesem Bereich finden Sie ein Planschbecken und einen Spielbereich, damit auch Kinder Spa\u00df haben k\u00f6nnen.<\/p>\n<\/div><\/div><\/div>\n\n<div class=\"text-image-new style1 image-left\"><div class=\"text-image-new-colonne\"><H2 class=\"text-image-new-titre\">Ein Aufenthalt in der S\u00fcdbretagne zwischen Strand und Schwimmbad<\/H2><div class=\"text-image-new-content\"><p>Die ersten Str\u00e4nde liegen etwa 25 Minuten vom Campingplatz Les Jardins du Morbihan entfernt. In der Sommersaison sind die Str\u00e4nde in der s\u00fcdlichen Bretagne morgens noch ruhig und nicht \u00fcberf\u00fcllt. Es ist die perfekte Zeit, um mit Ihren Kindern schwimmen zu gehen. Auch wenn das Meer nicht weit entfernt ist, ist die Wahl eines Campingplatzes mit Schwimmbad in der s\u00fcdlichen Bretagne eine gute Idee, insbesondere wenn Sie mit Ihren Kindern in den Urlaub fahren. Was gibt es Sch\u00f6neres, als die Freuden des Atlantischen Ozeans und die Freuden des Schwimmbades zu genie\u00dfen? Kinder werden begeistert sein, einen Urlaub mit so vielen Aktivit\u00e4ten rund um den Pool zu verbringen!<\/p>\n<\/div><\/div><div class=\"text-image-new-colonne\"><img decoding=\"async\" src=\"https:\/\/lesjardinsdumorbihan.com\/wp-content\/uploads\/2024\/02\/@L.RANNOU-N\u00b00006.jpg\" alt=\"Campingplatz im S\u00fcden der Bretagne, Schwimmbad\" class=\"text-image-new-thumb\" \/><\/div><\/div>\n\n<div class=\"faq\"><H2>Ihre am h\u00e4ufigsten gestellten Fragen<\/H2><div class=\"faq-container one-colonne\"><details itemscope itemprop=\"mainEntity\" itemtype=\"https:\/\/schema.org\/Question\"><summary itemprop=\"name\"><span>Sind die Schwimmb\u00e4der f\u00fcr alle Altersgruppen geeignet?<\/span><\/summary><div itemscope itemprop=\"acceptedAnswer\" itemtype=\"https:\/\/schema.org\/Answer\"><p>Unser Campingplatz mit Wasserpark in der S\u00fcdbretagne bietet einen Wasserbereich mit einem Innenplanschbecken und einem Au\u00dfenplanschbecken, ideal f\u00fcr die Kleinen.<\/p>\n<p>Ihre gr\u00f6\u00dferen Kinder werden sich freuen, unsere tollen Rutschen zu entdecken. Tats\u00e4chlich erwarten sie im Park f\u00fcnf Rutschen, darunter eine Drehrutsche und eine Kamikaze-Rutsche. Die Hauptschwimmbecken bleiben somit ruhig und ohne Risiko f\u00fcr die j\u00fcngsten Kinder, die keine Freude an den Rutschen haben.<\/p>\n<p>Erwachsene k\u00f6nnen den gro\u00dfen Raum in unserem beheizten Innen- und Au\u00dfenpool nutzen, um sich zu entspannen und den Urlaub zu genie\u00dfen.<\/p>\n<\/div><\/details><details itemscope itemprop=\"mainEntity\" itemtype=\"https:\/\/schema.org\/Question\"><summary itemprop=\"name\"><span>Welche Regeln und Beschr\u00e4nkungen gelten f\u00fcr den Zugang zum Wasserbereich?<\/span><\/summary><div itemscope itemprop=\"acceptedAnswer\" itemtype=\"https:\/\/schema.org\/Answer\"><p>Die Schwimmb\u00e4der sind f\u00fcr G\u00e4ste des Campingplatzes zug\u00e4nglich. Bitte beachten Sie, dass f\u00fcr alle Besucher Badebekleidung Pflicht ist, w\u00e4hrend kurze Hosen und lockere Kleidung nicht gestattet sind. Unsere Schwimmb\u00e4der verf\u00fcgen nicht \u00fcber behindertengerechte Startsysteme.<\/p>\n<\/div><\/details><details itemscope itemprop=\"mainEntity\" itemtype=\"https:\/\/schema.org\/Question\"><summary itemprop=\"name\"><span>Welche Leistungen werden im Wellnessbereich angeboten?<\/span><\/summary><div itemscope itemprop=\"acceptedAnswer\" itemtype=\"https:\/\/schema.org\/Answer\"><p>Unser Campingplatz in der S\u00fcdbretagne mit Schwimmbad bietet einen einzigartigen Wellnessbereich. Entdecken Sie in der N\u00e4he des Innenpools die Sauna, das Hamam, die Sprudelliegen, das Balneobecken, das Gegenstromschwimmen und das Behandlungsinstitut, das Massagen, Peelings, Gesichtsbehandlungen, Haarentfernung und Fu\u00dfreflexzonenmassage anbietet. Genie\u00dfen Sie diesen Ort der Entspannung, der Erwachsenen vorbehalten ist (kostenpflichtiger Zugang). Ein vollkommenes Entspannungserlebnis!<\/p>\n<\/div><\/details><details itemscope itemprop=\"mainEntity\" itemtype=\"https:\/\/schema.org\/Question\"><summary itemprop=\"name\"><span>Wie kann ich auf dem Campingplatz Jardins du Morbihan buchen?<\/span><\/summary><div itemscope itemprop=\"acceptedAnswer\" itemtype=\"https:\/\/schema.org\/Answer\"><p>Um Ihren Aufenthalt zu buchen und einen au\u00dfergew\u00f6hnlichen Urlaub auf unserem Campingplatz mit Schwimmbad im S\u00fcden der Bretagne zu erleben, haben Sie die Wahl zwischen zwei Mietarten: einem komfortablen Mobilheim oder einem Stellplatz f\u00fcr ein Zelt, Wohnmobil oder Wohnwagen. F\u00fcr weitere Informationen zu unserem Angebot zur Vermietung von Mobilheimen in der S\u00fcdbretagne, zu den verf\u00fcgbaren Stellpl\u00e4tzen, unserem Bar-Restaurant sowie zu den Aktivit\u00e4ten und Unterhaltungsangeboten auf unserem Campingplatz z\u00f6gern Sie nicht, uns zu kontaktieren. Wir stehen Ihnen auch gerne zur Verf\u00fcgung, um Ihnen unsere Empfehlungen zu den wichtigsten Sehensw\u00fcrdigkeiten in Morbihan, Finist\u00e8re, C\u00f4tes d&#8217;Armor oder anderswo in der Bretagne mitzuteilen. Wenn Sie sich f\u00fcr unsere anderen Campingpl\u00e4tze in Frankreich interessieren, stellen wir Ihnen gerne alle notwendigen Informationen zur Verf\u00fcgung. Buchen Sie jetzt und sorgen Sie daf\u00fcr, dass Ihre Familie einen wundersch\u00f6nen Urlaub auf unserem Campingplatz in der s\u00fcdlichen Bretagne mit Schwimmbad verbringt!<\/p>\n<\/div><\/details><\/div><\/div>","protected":false},"excerpt":{"rendered":"","protected":false},"author":1,"featured_media":12968,"parent":13154,"menu_order":0,"comment_status":"closed","ping_status":"closed","template":"","meta":{"_acf_changed":false,"footnotes":""},"class_list":["post-13224","page","type-page","status-publish","has-post-thumbnail","hentry"],"acf":[],"yoast_head":"<!-- This site is optimized with the Yoast SEO plugin v27.4 - https:\/\/yoast.com\/product\/yoast-seo-wordpress\/ -->\n<title>Camping S\u00fcdbretagne mit Schwimmbad: unser komplettes Angebot in Morbihan<\/title>\n<meta name=\"description\" content=\"K\u00f6nnen Sie sich einen Urlaub auf einem Campingplatz ohne Schwimmbad nicht vorstellen? Entdecken Sie ohne weitere Verz\u00f6gerung unseren Campingplatz in der s\u00fcdlichen Bretagne mit Schwimmbad!\" \/>\n<meta name=\"robots\" content=\"index, follow, max-snippet:-1, max-image-preview:large, max-video-preview:-1\" \/>\n<link rel=\"canonical\" href=\"https:\/\/lesjardinsdumorbihan.com\/de\/suedbretagne\/campingplatz-suedliche-bretagne-mit-schwimmbad\/\" \/>\n<meta property=\"og:locale\" content=\"de_DE\" \/>\n<meta property=\"og:type\" content=\"article\" \/>\n<meta property=\"og:title\" content=\"Camping S\u00fcdbretagne mit Schwimmbad: unser komplettes Angebot in Morbihan\" \/>\n<meta property=\"og:description\" content=\"K\u00f6nnen Sie sich einen Urlaub auf einem Campingplatz ohne Schwimmbad nicht vorstellen? Entdecken Sie ohne weitere Verz\u00f6gerung unseren Campingplatz in der s\u00fcdlichen Bretagne mit Schwimmbad!\" \/>\n<meta property=\"og:url\" content=\"https:\/\/lesjardinsdumorbihan.com\/de\/suedbretagne\/campingplatz-suedliche-bretagne-mit-schwimmbad\/\" \/>\n<meta property=\"og:site_name\" content=\"Camping les Jardins du Morbihan\" \/>\n<meta property=\"article:modified_time\" content=\"2024-06-20T10:03:08+00:00\" \/>\n<meta property=\"og:image\" content=\"https:\/\/lesjardinsdumorbihan.com\/wp-content\/uploads\/2024\/02\/@L.RANNOU-N\u00b00028.jpg\" \/>\n\t<meta property=\"og:image:width\" content=\"1638\" \/>\n\t<meta property=\"og:image:height\" content=\"1093\" \/>\n\t<meta property=\"og:image:type\" content=\"image\/jpeg\" \/>\n<meta name=\"twitter:card\" content=\"summary_large_image\" \/>\n<meta name=\"twitter:label1\" content=\"Gesch\u00e4tzte Lesezeit\" \/>\n\t<meta name=\"twitter:data1\" content=\"1\u00a0Minute\" \/>\n<script type=\"application\/ld+json\" class=\"yoast-schema-graph\">{\"@context\":\"https:\\\/\\\/schema.org\",\"@graph\":[{\"@type\":\"WebPage\",\"@id\":\"https:\\\/\\\/lesjardinsdumorbihan.com\\\/de\\\/suedbretagne\\\/campingplatz-suedliche-bretagne-mit-schwimmbad\\\/\",\"url\":\"https:\\\/\\\/lesjardinsdumorbihan.com\\\/de\\\/suedbretagne\\\/campingplatz-suedliche-bretagne-mit-schwimmbad\\\/\",\"name\":\"Camping S\u00fcdbretagne mit Schwimmbad: unser komplettes Angebot in Morbihan\",\"isPartOf\":{\"@id\":\"https:\\\/\\\/lesjardinsdumorbihan.com\\\/de\\\/#website\"},\"primaryImageOfPage\":{\"@id\":\"https:\\\/\\\/lesjardinsdumorbihan.com\\\/de\\\/suedbretagne\\\/campingplatz-suedliche-bretagne-mit-schwimmbad\\\/#primaryimage\"},\"image\":{\"@id\":\"https:\\\/\\\/lesjardinsdumorbihan.com\\\/de\\\/suedbretagne\\\/campingplatz-suedliche-bretagne-mit-schwimmbad\\\/#primaryimage\"},\"thumbnailUrl\":\"https:\\\/\\\/lesjardinsdumorbihan.com\\\/wp-content\\\/uploads\\\/2024\\\/02\\\/@L.RANNOU-N\u00b00028.jpg\",\"datePublished\":\"2024-03-26T08:05:36+00:00\",\"dateModified\":\"2024-06-20T10:03:08+00:00\",\"description\":\"K\u00f6nnen Sie sich einen Urlaub auf einem Campingplatz ohne Schwimmbad nicht vorstellen? Entdecken Sie ohne weitere Verz\u00f6gerung unseren Campingplatz in der s\u00fcdlichen Bretagne mit Schwimmbad!\",\"breadcrumb\":{\"@id\":\"https:\\\/\\\/lesjardinsdumorbihan.com\\\/de\\\/suedbretagne\\\/campingplatz-suedliche-bretagne-mit-schwimmbad\\\/#breadcrumb\"},\"inLanguage\":\"de\",\"potentialAction\":[{\"@type\":\"ReadAction\",\"target\":[\"https:\\\/\\\/lesjardinsdumorbihan.com\\\/de\\\/suedbretagne\\\/campingplatz-suedliche-bretagne-mit-schwimmbad\\\/\"]}]},{\"@type\":\"ImageObject\",\"inLanguage\":\"de\",\"@id\":\"https:\\\/\\\/lesjardinsdumorbihan.com\\\/de\\\/suedbretagne\\\/campingplatz-suedliche-bretagne-mit-schwimmbad\\\/#primaryimage\",\"url\":\"https:\\\/\\\/lesjardinsdumorbihan.com\\\/wp-content\\\/uploads\\\/2024\\\/02\\\/@L.RANNOU-N\u00b00028.jpg\",\"contentUrl\":\"https:\\\/\\\/lesjardinsdumorbihan.com\\\/wp-content\\\/uploads\\\/2024\\\/02\\\/@L.RANNOU-N\u00b00028.jpg\",\"width\":1638,\"height\":1093},{\"@type\":\"BreadcrumbList\",\"@id\":\"https:\\\/\\\/lesjardinsdumorbihan.com\\\/de\\\/suedbretagne\\\/campingplatz-suedliche-bretagne-mit-schwimmbad\\\/#breadcrumb\",\"itemListElement\":[{\"@type\":\"ListItem\",\"position\":1,\"name\":\"Camping 4 \u00e9toiles Morbihan\",\"item\":\"https:\\\/\\\/lesjardinsdumorbihan.com\\\/de\\\/\"},{\"@type\":\"ListItem\",\"position\":2,\"name\":\"Campingplatz in der S\u00fcdbretagne\",\"item\":\"https:\\\/\\\/lesjardinsdumorbihan.com\\\/de\\\/suedbretagne\\\/\"},{\"@type\":\"ListItem\",\"position\":3,\"name\":\"Schwimmbad in der S\u00fcdbretagne\"}]},{\"@type\":\"WebSite\",\"@id\":\"https:\\\/\\\/lesjardinsdumorbihan.com\\\/de\\\/#website\",\"url\":\"https:\\\/\\\/lesjardinsdumorbihan.com\\\/de\\\/\",\"name\":\"Camping les Jardins du Morbihan\",\"description\":\"\",\"publisher\":{\"@id\":\"https:\\\/\\\/lesjardinsdumorbihan.com\\\/de\\\/#organization\"},\"potentialAction\":[{\"@type\":\"SearchAction\",\"target\":{\"@type\":\"EntryPoint\",\"urlTemplate\":\"https:\\\/\\\/lesjardinsdumorbihan.com\\\/de\\\/?s={search_term_string}\"},\"query-input\":{\"@type\":\"PropertyValueSpecification\",\"valueRequired\":true,\"valueName\":\"search_term_string\"}}],\"inLanguage\":\"de\"},{\"@type\":\"Organization\",\"@id\":\"https:\\\/\\\/lesjardinsdumorbihan.com\\\/de\\\/#organization\",\"name\":\"Camping les Jardins du Morbihan\",\"url\":\"https:\\\/\\\/lesjardinsdumorbihan.com\\\/de\\\/\",\"logo\":{\"@type\":\"ImageObject\",\"inLanguage\":\"de\",\"@id\":\"https:\\\/\\\/lesjardinsdumorbihan.com\\\/de\\\/#\\\/schema\\\/logo\\\/image\\\/\",\"url\":\"https:\\\/\\\/lesjardinsdumorbihan.com\\\/wp-content\\\/uploads\\\/2022\\\/09\\\/logo_jdm.png\",\"contentUrl\":\"https:\\\/\\\/lesjardinsdumorbihan.com\\\/wp-content\\\/uploads\\\/2022\\\/09\\\/logo_jdm.png\",\"width\":6630,\"height\":2909,\"caption\":\"Camping les Jardins du Morbihan\"},\"image\":{\"@id\":\"https:\\\/\\\/lesjardinsdumorbihan.com\\\/de\\\/#\\\/schema\\\/logo\\\/image\\\/\"}}]}<\/script>\n<!-- \/ Yoast SEO plugin. -->","yoast_head_json":{"title":"Camping S\u00fcdbretagne mit Schwimmbad: unser komplettes Angebot in Morbihan","description":"K\u00f6nnen Sie sich einen Urlaub auf einem Campingplatz ohne Schwimmbad nicht vorstellen? Entdecken Sie ohne weitere Verz\u00f6gerung unseren Campingplatz in der s\u00fcdlichen Bretagne mit Schwimmbad!","robots":{"index":"index","follow":"follow","max-snippet":"max-snippet:-1","max-image-preview":"max-image-preview:large","max-video-preview":"max-video-preview:-1"},"canonical":"https:\/\/lesjardinsdumorbihan.com\/de\/suedbretagne\/campingplatz-suedliche-bretagne-mit-schwimmbad\/","og_locale":"de_DE","og_type":"article","og_title":"Camping S\u00fcdbretagne mit Schwimmbad: unser komplettes Angebot in Morbihan","og_description":"K\u00f6nnen Sie sich einen Urlaub auf einem Campingplatz ohne Schwimmbad nicht vorstellen? Entdecken Sie ohne weitere Verz\u00f6gerung unseren Campingplatz in der s\u00fcdlichen Bretagne mit Schwimmbad!","og_url":"https:\/\/lesjardinsdumorbihan.com\/de\/suedbretagne\/campingplatz-suedliche-bretagne-mit-schwimmbad\/","og_site_name":"Camping les Jardins du Morbihan","article_modified_time":"2024-06-20T10:03:08+00:00","og_image":[{"width":1638,"height":1093,"url":"https:\/\/lesjardinsdumorbihan.com\/wp-content\/uploads\/2024\/02\/@L.RANNOU-N\u00b00028.jpg","type":"image\/jpeg"}],"twitter_card":"summary_large_image","twitter_misc":{"Gesch\u00e4tzte Lesezeit":"1\u00a0Minute"},"schema":{"@context":"https:\/\/schema.org","@graph":[{"@type":"WebPage","@id":"https:\/\/lesjardinsdumorbihan.com\/de\/suedbretagne\/campingplatz-suedliche-bretagne-mit-schwimmbad\/","url":"https:\/\/lesjardinsdumorbihan.com\/de\/suedbretagne\/campingplatz-suedliche-bretagne-mit-schwimmbad\/","name":"Camping S\u00fcdbretagne mit Schwimmbad: unser komplettes Angebot in Morbihan","isPartOf":{"@id":"https:\/\/lesjardinsdumorbihan.com\/de\/#website"},"primaryImageOfPage":{"@id":"https:\/\/lesjardinsdumorbihan.com\/de\/suedbretagne\/campingplatz-suedliche-bretagne-mit-schwimmbad\/#primaryimage"},"image":{"@id":"https:\/\/lesjardinsdumorbihan.com\/de\/suedbretagne\/campingplatz-suedliche-bretagne-mit-schwimmbad\/#primaryimage"},"thumbnailUrl":"https:\/\/lesjardinsdumorbihan.com\/wp-content\/uploads\/2024\/02\/@L.RANNOU-N\u00b00028.jpg","datePublished":"2024-03-26T08:05:36+00:00","dateModified":"2024-06-20T10:03:08+00:00","description":"K\u00f6nnen Sie sich einen Urlaub auf einem Campingplatz ohne Schwimmbad nicht vorstellen? Entdecken Sie ohne weitere Verz\u00f6gerung unseren Campingplatz in der s\u00fcdlichen Bretagne mit Schwimmbad!","breadcrumb":{"@id":"https:\/\/lesjardinsdumorbihan.com\/de\/suedbretagne\/campingplatz-suedliche-bretagne-mit-schwimmbad\/#breadcrumb"},"inLanguage":"de","potentialAction":[{"@type":"ReadAction","target":["https:\/\/lesjardinsdumorbihan.com\/de\/suedbretagne\/campingplatz-suedliche-bretagne-mit-schwimmbad\/"]}]},{"@type":"ImageObject","inLanguage":"de","@id":"https:\/\/lesjardinsdumorbihan.com\/de\/suedbretagne\/campingplatz-suedliche-bretagne-mit-schwimmbad\/#primaryimage","url":"https:\/\/lesjardinsdumorbihan.com\/wp-content\/uploads\/2024\/02\/@L.RANNOU-N\u00b00028.jpg","contentUrl":"https:\/\/lesjardinsdumorbihan.com\/wp-content\/uploads\/2024\/02\/@L.RANNOU-N\u00b00028.jpg","width":1638,"height":1093},{"@type":"BreadcrumbList","@id":"https:\/\/lesjardinsdumorbihan.com\/de\/suedbretagne\/campingplatz-suedliche-bretagne-mit-schwimmbad\/#breadcrumb","itemListElement":[{"@type":"ListItem","position":1,"name":"Camping 4 \u00e9toiles Morbihan","item":"https:\/\/lesjardinsdumorbihan.com\/de\/"},{"@type":"ListItem","position":2,"name":"Campingplatz in der S\u00fcdbretagne","item":"https:\/\/lesjardinsdumorbihan.com\/de\/suedbretagne\/"},{"@type":"ListItem","position":3,"name":"Schwimmbad in der S\u00fcdbretagne"}]},{"@type":"WebSite","@id":"https:\/\/lesjardinsdumorbihan.com\/de\/#website","url":"https:\/\/lesjardinsdumorbihan.com\/de\/","name":"Camping les Jardins du Morbihan","description":"","publisher":{"@id":"https:\/\/lesjardinsdumorbihan.com\/de\/#organization"},"potentialAction":[{"@type":"SearchAction","target":{"@type":"EntryPoint","urlTemplate":"https:\/\/lesjardinsdumorbihan.com\/de\/?s={search_term_string}"},"query-input":{"@type":"PropertyValueSpecification","valueRequired":true,"valueName":"search_term_string"}}],"inLanguage":"de"},{"@type":"Organization","@id":"https:\/\/lesjardinsdumorbihan.com\/de\/#organization","name":"Camping les Jardins du Morbihan","url":"https:\/\/lesjardinsdumorbihan.com\/de\/","logo":{"@type":"ImageObject","inLanguage":"de","@id":"https:\/\/lesjardinsdumorbihan.com\/de\/#\/schema\/logo\/image\/","url":"https:\/\/lesjardinsdumorbihan.com\/wp-content\/uploads\/2022\/09\/logo_jdm.png","contentUrl":"https:\/\/lesjardinsdumorbihan.com\/wp-content\/uploads\/2022\/09\/logo_jdm.png","width":6630,"height":2909,"caption":"Camping les Jardins du Morbihan"},"image":{"@id":"https:\/\/lesjardinsdumorbihan.com\/de\/#\/schema\/logo\/image\/"}}]}},"_links":{"self":[{"href":"https:\/\/lesjardinsdumorbihan.com\/de\/wp-json\/wp\/v2\/pages\/13224","targetHints":{"allow":["GET"]}}],"collection":[{"href":"https:\/\/lesjardinsdumorbihan.com\/de\/wp-json\/wp\/v2\/pages"}],"about":[{"href":"https:\/\/lesjardinsdumorbihan.com\/de\/wp-json\/wp\/v2\/types\/page"}],"author":[{"embeddable":true,"href":"https:\/\/lesjardinsdumorbihan.com\/de\/wp-json\/wp\/v2\/users\/1"}],"replies":[{"embeddable":true,"href":"https:\/\/lesjardinsdumorbihan.com\/de\/wp-json\/wp\/v2\/comments?post=13224"}],"version-history":[{"count":2,"href":"https:\/\/lesjardinsdumorbihan.com\/de\/wp-json\/wp\/v2\/pages\/13224\/revisions"}],"predecessor-version":[{"id":13234,"href":"https:\/\/lesjardinsdumorbihan.com\/de\/wp-json\/wp\/v2\/pages\/13224\/revisions\/13234"}],"up":[{"embeddable":true,"href":"https:\/\/lesjardinsdumorbihan.com\/de\/wp-json\/wp\/v2\/pages\/13154"}],"wp:featuredmedia":[{"embeddable":true,"href":"https:\/\/lesjardinsdumorbihan.com\/de\/wp-json\/wp\/v2\/media\/12968"}],"wp:attachment":[{"href":"https:\/\/lesjardinsdumorbihan.com\/de\/wp-json\/wp\/v2\/media?parent=13224"}],"curies":[{"name":"wp","href":"https:\/\/api.w.org\/{rel}","templated":true}]}}