{"id":13190,"date":"2024-03-26T10:13:17","date_gmt":"2024-03-26T09:13:17","guid":{"rendered":"https:\/\/lesjardinsdumorbihan.com\/suedbretagne\/camping-bretagne-sud-parc-aquatique\/"},"modified":"2024-06-20T11:04:30","modified_gmt":"2024-06-20T09:04:30","slug":"campingplatz-sued-bretagne-wasserpark","status":"publish","type":"page","link":"https:\/\/lesjardinsdumorbihan.com\/de\/suedbretagne\/campingplatz-sued-bretagne-wasserpark\/","title":{"rendered":"Camping in der s\u00fcdlichen Bretagne mit Wasserpark: zwischen Strand und Schwimmbad"},"content":{"rendered":"<div class=\"bloc-texte full\"><div class=\"texte center\"><p>Haben Sie sich entschieden, Ihren n\u00e4chsten Familienurlaub auf einem Campingplatz in der s\u00fcdlichen Bretagne zu verbringen, um die Natursch\u00f6nheiten dieser herrlichen Region zu genie\u00dfen? Um Ihr Wasservergn\u00fcgen zu steigern, w\u00e4hlen Sie einen Campingplatz mit Wasserpark! Entdecken Sie unseren Campingplatz in der s\u00fcdlichen Bretagne mit Wasserpark!<\/p>\n<\/div><\/div>\n\n<div class=\"text-image-new style1 image-left\"><div class=\"text-image-new-colonne\"><H2 class=\"text-image-new-titre\">Die Vorteile unseres Campingplatzes im S\u00fcden der Bretagne mit Wasserpark<\/H2><div class=\"text-image-new-content\"><p>Auf unserem Campingplatz in Morbihan finden Sie nicht nur ein Schwimmbad, sondern einen echten Wasserpark, der von Mai bis Juni ge\u00f6ffnet ist und Ihre ganze Familie begeistern wird. Unser gro\u00dfer Wasserbereich umfasst:<\/p>\n<ul>\n<li>5 Rutschen (ge\u00f6ffnet vom 15. Juni bis 15. September, je nach Wetterlage)<\/li>\n<li>mehrere beheizte Schwimmb\u00e4der, darunter ein Hallenbad*<\/li>\n<li>Wellness- und Spa-Bereich (Eintritt)<\/li>\n<\/ul>\n<p>Es gibt nur wenige Campingpl\u00e4tze in der s\u00fcdlichen Bretagne, die \u00fcber einen so umfassenden Wasserpark wie unseren verf\u00fcgen!<br \/>\n*Die Pools des Campingplatzes verf\u00fcgen \u00fcber keine spezielle Ausr\u00fcstung f\u00fcr den Zugang f\u00fcr Personen mit eingeschr\u00e4nkter Mobilit\u00e4t.<\/p>\n<\/div><p class=\"lire-plus\">Mehr lesen<\/p><div class=\"text-image-new-content-more hide\"><p>In der Region S\u00fcdbretagne kann das Wetter aufgrund der N\u00e4he zum Meer schwanken. Unabh\u00e4ngig von den Temperaturschwankungen garantiert unser Campingplatz mit Wasserpark in Morbihan, der mit einem Wasserpark ausgestattet ist, ein au\u00dfergew\u00f6hnliches Badeerlebnis mit auf 28 \u00b0C beheiztem Wasser f\u00fcr die Au\u00dfenschwimmb\u00e4der und auf 29 \u00b0C* f\u00fcr die Innenschwimmb\u00e4der. Letzterer verf\u00fcgt au\u00dferdem \u00fcber einen flachen Bereich mit Wasserspielen f\u00fcr den Spa\u00df der Kleinen, der eine perfekte Umgebung f\u00fcr sie darstellt.<\/p>\n<p>Unser Haus gilt als eines der attraktivsten in der S\u00fcdbretagne und ist ein idealer Aufenthaltsort f\u00fcr alle, die mit kleinen Kindern die Freuden des Wassers genie\u00dfen m\u00f6chten. Die angenehmen Temperaturen unserer Schwimmb\u00e4der werden selbst k\u00e4lteempfindliche Schwimmer \u00fcberzeugen, die sich unbedingt noch mehr Zeit im Wasser w\u00fcnschen! Der Wasserpark ist ein beliebter Ort f\u00fcr Spa\u00df und Entspannung in einer einladenden Umgebung. Warten Sie nicht l\u00e4nger mit der Planung Ihres Urlaubs in der S\u00fcdbretagne auf unserem Campingplatz mit Wasserpark und genie\u00dfen Sie entspannende und regelm\u00e4\u00dfige Schwimmstunden in unseren beheizten Schwimmb\u00e4dern.<\/p>\n<\/div><p class=\"lire-moins hide\">Lese weniger<\/p><\/div><div class=\"text-image-new-colonne\"><img decoding=\"async\" src=\"https:\/\/lesjardinsdumorbihan.com\/wp-content\/uploads\/2024\/02\/@L.RANNOU-N\u00b00106-1.jpg\" alt=\"Wasserpark Camping S\u00fcdbretagne\" class=\"text-image-new-thumb\" \/><\/div><\/div>\n\n<div class=\"text-image-new style1 image-right background-marron\"><div class=\"text-image-new-colonne\"><H2 class=\"text-image-new-titre\">5 Rutschen auf unserem Campingplatz mit Wasserpark in der s\u00fcdlichen Bretagne<\/H2><div class=\"text-image-new-content\"><p>Diese Attraktionen sind ein wahres Vergn\u00fcgen f\u00fcr Teenager, Kinder lieben sie und sogar Eltern lassen sich vom Nervenkitzel des Rutschens mit der Familie verf\u00fchren. Unser Campingplatz in der S\u00fcdbretagne mit Wasserpark zeichnet sich durch sein Angebot an Rutschen und Wasserspielen aus, die f\u00fcr alle Altersgruppen geeignet sind und sowohl Kleinkindern als auch Abenteuerlustigen abwechslungsreiche Erlebnisse bieten.<\/p>\n<p>Inmitten einer gr\u00fcnen und blumigen Umgebung, nicht weit von Vannes und der bretonischen K\u00fcste entfernt, bieten 5 Rutschen mehr als 120 Meter Rutsche! Mit Startpunkten in 3 und 5 Metern H\u00f6he kann die ganze Familie, auch die vorsichtigsten, Wasservergn\u00fcgen und Wasserspiele genie\u00dfen.<\/p>\n<\/div><p class=\"lire-plus\">Mehr lesen<\/p><div class=\"text-image-new-content-more hide\"><p>Rutschen umgeben das Hauptau\u00dfenbecken und das Planschbecken. Unser Campingplatz mit Wasserpark in der S\u00fcdbretagne ist der Traumort f\u00fcr einen Aufenthalt voller Nervenkitzel, f\u00fcr einen au\u00dfergew\u00f6hnlichen Urlaub!<\/p>\n<\/div><p class=\"lire-moins hide\">Lese weniger<\/p><\/div><div class=\"text-image-new-colonne\"><img decoding=\"async\" src=\"https:\/\/lesjardinsdumorbihan.com\/wp-content\/uploads\/2024\/02\/@L.RANNOU-N\u00b00006.jpg\" alt=\"Campingplatz rutscht im S\u00fcden der Bretagne\" class=\"text-image-new-thumb\" \/><\/div><\/div>\n\n<div class=\"text-image-new style1 image-left\"><div class=\"text-image-new-colonne\"><H2 class=\"text-image-new-titre\">Der Wellnessbereich unseres Campingplatzes<\/H2><div class=\"text-image-new-content\"><p>Kostenpflichtiger Eintritt \u2013 F\u00fcr Erwachsene reserviert.<\/p>\n<p>Nutzen Sie unser Spa, um sich optimal zu entspannen und Ihr Wohlbefinden in den Mittelpunkt Ihres Urlaubs zu stellen. Unser Entspannungsbereich ist der Ruhe von Geist und K\u00f6rper gewidmet und bietet Momente, in denen die Schl\u00fcsselw\u00f6rter \u201eEntspannung, Auftanken, Selbstbeobachtung\u201c lauten. Dies sind wertvolle Momente, in denen Sie zuh\u00f6ren und auf die Bed\u00fcrfnisse Ihres K\u00f6rpers reagieren k\u00f6nnen. Eine Auszeit der Ruhe, die Ihnen unser Campingplatz bietet und die Ihnen Entspannung und Gelassenheit verspricht. Kommen Sie und entdecken Sie unser Spa.<\/p>\n<\/div><a class=\"bouton\" href=\"\/de\/campingplatz-wellness-spa-morbihan\/\" >Entdecken Sie das Spa<\/a><\/div><div class=\"text-image-new-colonne\"><img decoding=\"async\" src=\"https:\/\/lesjardinsdumorbihan.com\/wp-content\/uploads\/2023\/12\/camping-morbihan-avec-spa-et-hammam.jpeg\" alt=\"4-Sterne-Campingplatz mit Spa in der s\u00fcdlichen Bretagne\" class=\"text-image-new-thumb\" \/><\/div><\/div>\n\n<div class=\"faq\"><H2>Ihre am h\u00e4ufigsten gestellten Fragen zum Wasserpark des Campingplatzes<\/H2><div class=\"faq-container one-colonne\"><details itemscope itemprop=\"mainEntity\" itemtype=\"https:\/\/schema.org\/Question\"><summary itemprop=\"name\"><span>Welche Bekleidungsregeln gelten f\u00fcr den Zutritt zum Wasserpark?<\/span><\/summary><div itemscope itemprop=\"acceptedAnswer\" itemtype=\"https:\/\/schema.org\/Answer\"><p>Auf unserem Campingplatz mit Schwimmbad in der S\u00fcdbretagne ist es wichtig, beim Zugang zu unserem Wasserpark bestimmte Kleidungsregeln einzuhalten. Das Tragen von Badebekleidung ist f\u00fcr alle Besucher unbedingt erforderlich. Bitte beachten Sie, dass kurze Hosen und lockere Kleidung im Wasserbereich nicht gestattet sind. Diese Richtlinie garantiert die Hygiene und Sicherheit aller Benutzer unserer Wasseranlagen.<\/p>\n<\/div><\/details><details itemscope itemprop=\"mainEntity\" itemtype=\"https:\/\/schema.org\/Question\"><summary itemprop=\"name\"><span>Wer hat Zugang zu den Schwimmb\u00e4dern des Campingplatzes und welche Einrichtungen stehen zur Verf\u00fcgung?<\/span><\/summary><div itemscope itemprop=\"acceptedAnswer\" itemtype=\"https:\/\/schema.org\/Answer\"><p>Im Rahmen unseres Angebots zur Vermietung von Mobilheimen in der S\u00fcdbretagne ist der Zugang zu den Schwimmb\u00e4dern unseres Campingplatzes mit Wasserpark in der S\u00fcdbretagne ausschlie\u00dflich unseren Kunden vorbehalten. Bitte beachten Sie, dass unsere Schwimmb\u00e4der nicht mit einer Startanlage f\u00fcr Menschen mit Behinderungen ausgestattet sind.<\/p>\n<\/div><\/details><details itemscope itemprop=\"mainEntity\" itemtype=\"https:\/\/schema.org\/Question\"><summary itemprop=\"name\"><span>Warum einen Campingplatz in der s\u00fcdlichen Bretagne mit Wasserpark w\u00e4hlen?<\/span><\/summary><div itemscope itemprop=\"acceptedAnswer\" itemtype=\"https:\/\/schema.org\/Answer\"><p>Ein Schwimmbad und vor allem ein Wasserpark sind auf Campingpl\u00e4tzen eine echte Bereicherung. Was gibt es Sch\u00f6neres, als sich im Sommer an hei\u00dfen Tagen im Schwimmbad abzuk\u00fchlen? Auch wenn das Meer nur etwa zwanzig Kilometer von unserem Campingplatz in der S\u00fcdbretagne entfernt ist, ist die Kombination von Strand und Schwimmbad in einem Wasserpark eine sehr vorteilhafte L\u00f6sung. Tats\u00e4chlich sind die Str\u00e4nde der bretonischen K\u00fcste in der N\u00e4he unseres 4-Sterne-Campingplatzes, wie der Strand von Penboc&#8217;h, der Strand von Moust\u00e9rian oder der Strand von Conleau, im Sommer oft Opfer ihres Erfolgs und ziehen nachmittags tendenziell viele Urlauber und Einheimische an. Unser Rat? Genie\u00dfen Sie morgens den Strand, wenn die Str\u00e4nde noch ruhig sind, und schwimmen Sie nachmittags im Wasserpark unseres Campingplatzes!<\/p>\n<p>Liebhaber von Wasservergn\u00fcgen werden von unserem Campingplatz im S\u00fcden der Bretagne mit Wasserpark begeistert sein!<\/p>\n<\/div><\/details><details itemscope itemprop=\"mainEntity\" itemtype=\"https:\/\/schema.org\/Question\"><summary itemprop=\"name\"><span>So buchen Sie einen Aufenthalt auf unserem Campingplatz in der s\u00fcdlichen Bretagne mit Wasserpark<\/span><\/summary><div itemscope itemprop=\"acceptedAnswer\" itemtype=\"https:\/\/schema.org\/Answer\"><p>Gef\u00e4llt Ihnen unser Wasserangebot? Buchen Sie also unverz\u00fcglich Ihren Urlaub auf unserem 4-Sterne-Campingplatz! W\u00e4hrend Ihres Urlaubs im herrlichen Departement Morbihan k\u00f6nnen Sie die Freuden des Strandes und des Schwimmbads mit Ihren Kindern verbinden!<\/p>\n<p>Wundervolle Familienferien erwarten Sie auf unserem Campingplatz in der S\u00fcdbretagne mit Wasserpark!<\/p>\n<\/div><\/details><\/div><\/div>","protected":false},"excerpt":{"rendered":"","protected":false},"author":1,"featured_media":12968,"parent":13154,"menu_order":0,"comment_status":"closed","ping_status":"closed","template":"","meta":{"_acf_changed":false,"footnotes":""},"class_list":["post-13190","page","type-page","status-publish","has-post-thumbnail","hentry"],"acf":[],"yoast_head":"<!-- This site is optimized with the Yoast SEO plugin v26.9 - https:\/\/yoast.com\/product\/yoast-seo-wordpress\/ -->\n<title>Camping in der s\u00fcdlichen Bretagne mit Wasserpark: ein komplettes Angebot<\/title>\n<meta name=\"description\" content=\"Tr\u00e4umen Sie von einem Urlaub in der Bretagne mit Schwimmbad und Wasserbereich? Entdecken Sie unseren Campingplatz in der s\u00fcdlichen Bretagne mit Wasserpark!\" \/>\n<meta name=\"robots\" content=\"index, follow, max-snippet:-1, max-image-preview:large, max-video-preview:-1\" \/>\n<link rel=\"canonical\" href=\"https:\/\/lesjardinsdumorbihan.com\/de\/suedbretagne\/campingplatz-sued-bretagne-wasserpark\/\" \/>\n<meta property=\"og:locale\" content=\"de_DE\" \/>\n<meta property=\"og:type\" content=\"article\" \/>\n<meta property=\"og:title\" content=\"Camping in der s\u00fcdlichen Bretagne mit Wasserpark: ein komplettes Angebot\" \/>\n<meta property=\"og:description\" content=\"Tr\u00e4umen Sie von einem Urlaub in der Bretagne mit Schwimmbad und Wasserbereich? Entdecken Sie unseren Campingplatz in der s\u00fcdlichen Bretagne mit Wasserpark!\" \/>\n<meta property=\"og:url\" content=\"https:\/\/lesjardinsdumorbihan.com\/de\/suedbretagne\/campingplatz-sued-bretagne-wasserpark\/\" \/>\n<meta property=\"og:site_name\" content=\"Camping les Jardins du Morbihan\" \/>\n<meta property=\"article:modified_time\" content=\"2024-06-20T09:04:30+00:00\" \/>\n<meta property=\"og:image\" content=\"https:\/\/lesjardinsdumorbihan.com\/wp-content\/uploads\/2024\/02\/@L.RANNOU-N\u00b00028.jpg\" \/>\n\t<meta property=\"og:image:width\" content=\"1638\" \/>\n\t<meta property=\"og:image:height\" content=\"1093\" \/>\n\t<meta property=\"og:image:type\" content=\"image\/jpeg\" \/>\n<meta name=\"twitter:card\" content=\"summary_large_image\" \/>\n<meta name=\"twitter:label1\" content=\"Gesch\u00e4tzte Lesezeit\" \/>\n\t<meta name=\"twitter:data1\" content=\"1\u00a0Minute\" \/>\n<script type=\"application\/ld+json\" class=\"yoast-schema-graph\">{\"@context\":\"https:\/\/schema.org\",\"@graph\":[{\"@type\":\"WebPage\",\"@id\":\"https:\/\/lesjardinsdumorbihan.com\/de\/suedbretagne\/campingplatz-sued-bretagne-wasserpark\/\",\"url\":\"https:\/\/lesjardinsdumorbihan.com\/de\/suedbretagne\/campingplatz-sued-bretagne-wasserpark\/\",\"name\":\"Camping in der s\u00fcdlichen Bretagne mit Wasserpark: ein komplettes Angebot\",\"isPartOf\":{\"@id\":\"https:\/\/lesjardinsdumorbihan.com\/de\/#website\"},\"primaryImageOfPage\":{\"@id\":\"https:\/\/lesjardinsdumorbihan.com\/de\/suedbretagne\/campingplatz-sued-bretagne-wasserpark\/#primaryimage\"},\"image\":{\"@id\":\"https:\/\/lesjardinsdumorbihan.com\/de\/suedbretagne\/campingplatz-sued-bretagne-wasserpark\/#primaryimage\"},\"thumbnailUrl\":\"https:\/\/lesjardinsdumorbihan.com\/wp-content\/uploads\/2024\/02\/@L.RANNOU-N\u00b00028.jpg\",\"datePublished\":\"2024-03-26T09:13:17+00:00\",\"dateModified\":\"2024-06-20T09:04:30+00:00\",\"description\":\"Tr\u00e4umen Sie von einem Urlaub in der Bretagne mit Schwimmbad und Wasserbereich? Entdecken Sie unseren Campingplatz in der s\u00fcdlichen Bretagne mit Wasserpark!\",\"breadcrumb\":{\"@id\":\"https:\/\/lesjardinsdumorbihan.com\/de\/suedbretagne\/campingplatz-sued-bretagne-wasserpark\/#breadcrumb\"},\"inLanguage\":\"de\",\"potentialAction\":[{\"@type\":\"ReadAction\",\"target\":[\"https:\/\/lesjardinsdumorbihan.com\/de\/suedbretagne\/campingplatz-sued-bretagne-wasserpark\/\"]}]},{\"@type\":\"ImageObject\",\"inLanguage\":\"de\",\"@id\":\"https:\/\/lesjardinsdumorbihan.com\/de\/suedbretagne\/campingplatz-sued-bretagne-wasserpark\/#primaryimage\",\"url\":\"https:\/\/lesjardinsdumorbihan.com\/wp-content\/uploads\/2024\/02\/@L.RANNOU-N\u00b00028.jpg\",\"contentUrl\":\"https:\/\/lesjardinsdumorbihan.com\/wp-content\/uploads\/2024\/02\/@L.RANNOU-N\u00b00028.jpg\",\"width\":1638,\"height\":1093},{\"@type\":\"BreadcrumbList\",\"@id\":\"https:\/\/lesjardinsdumorbihan.com\/de\/suedbretagne\/campingplatz-sued-bretagne-wasserpark\/#breadcrumb\",\"itemListElement\":[{\"@type\":\"ListItem\",\"position\":1,\"name\":\"Camping 4 \u00e9toiles Morbihan\",\"item\":\"https:\/\/lesjardinsdumorbihan.com\/de\/\"},{\"@type\":\"ListItem\",\"position\":2,\"name\":\"Campingplatz in der S\u00fcdbretagne\",\"item\":\"https:\/\/lesjardinsdumorbihan.com\/de\/suedbretagne\/\"},{\"@type\":\"ListItem\",\"position\":3,\"name\":\"Wassergebiet der S\u00fcdbretagne\"}]},{\"@type\":\"WebSite\",\"@id\":\"https:\/\/lesjardinsdumorbihan.com\/de\/#website\",\"url\":\"https:\/\/lesjardinsdumorbihan.com\/de\/\",\"name\":\"Camping les Jardins du Morbihan\",\"description\":\"\",\"publisher\":{\"@id\":\"https:\/\/lesjardinsdumorbihan.com\/de\/#organization\"},\"potentialAction\":[{\"@type\":\"SearchAction\",\"target\":{\"@type\":\"EntryPoint\",\"urlTemplate\":\"https:\/\/lesjardinsdumorbihan.com\/de\/?s={search_term_string}\"},\"query-input\":{\"@type\":\"PropertyValueSpecification\",\"valueRequired\":true,\"valueName\":\"search_term_string\"}}],\"inLanguage\":\"de\"},{\"@type\":\"Organization\",\"@id\":\"https:\/\/lesjardinsdumorbihan.com\/de\/#organization\",\"name\":\"Camping les Jardins du Morbihan\",\"url\":\"https:\/\/lesjardinsdumorbihan.com\/de\/\",\"logo\":{\"@type\":\"ImageObject\",\"inLanguage\":\"de\",\"@id\":\"https:\/\/lesjardinsdumorbihan.com\/de\/#\/schema\/logo\/image\/\",\"url\":\"https:\/\/lesjardinsdumorbihan.com\/wp-content\/uploads\/2022\/09\/logo_jdm.png\",\"contentUrl\":\"https:\/\/lesjardinsdumorbihan.com\/wp-content\/uploads\/2022\/09\/logo_jdm.png\",\"width\":6630,\"height\":2909,\"caption\":\"Camping les Jardins du Morbihan\"},\"image\":{\"@id\":\"https:\/\/lesjardinsdumorbihan.com\/de\/#\/schema\/logo\/image\/\"}}]}<\/script>\n<!-- \/ Yoast SEO plugin. -->","yoast_head_json":{"title":"Camping in der s\u00fcdlichen Bretagne mit Wasserpark: ein komplettes Angebot","description":"Tr\u00e4umen Sie von einem Urlaub in der Bretagne mit Schwimmbad und Wasserbereich? Entdecken Sie unseren Campingplatz in der s\u00fcdlichen Bretagne mit Wasserpark!","robots":{"index":"index","follow":"follow","max-snippet":"max-snippet:-1","max-image-preview":"max-image-preview:large","max-video-preview":"max-video-preview:-1"},"canonical":"https:\/\/lesjardinsdumorbihan.com\/de\/suedbretagne\/campingplatz-sued-bretagne-wasserpark\/","og_locale":"de_DE","og_type":"article","og_title":"Camping in der s\u00fcdlichen Bretagne mit Wasserpark: ein komplettes Angebot","og_description":"Tr\u00e4umen Sie von einem Urlaub in der Bretagne mit Schwimmbad und Wasserbereich? Entdecken Sie unseren Campingplatz in der s\u00fcdlichen Bretagne mit Wasserpark!","og_url":"https:\/\/lesjardinsdumorbihan.com\/de\/suedbretagne\/campingplatz-sued-bretagne-wasserpark\/","og_site_name":"Camping les Jardins du Morbihan","article_modified_time":"2024-06-20T09:04:30+00:00","og_image":[{"width":1638,"height":1093,"url":"https:\/\/lesjardinsdumorbihan.com\/wp-content\/uploads\/2024\/02\/@L.RANNOU-N\u00b00028.jpg","type":"image\/jpeg"}],"twitter_card":"summary_large_image","twitter_misc":{"Gesch\u00e4tzte Lesezeit":"1\u00a0Minute"},"schema":{"@context":"https:\/\/schema.org","@graph":[{"@type":"WebPage","@id":"https:\/\/lesjardinsdumorbihan.com\/de\/suedbretagne\/campingplatz-sued-bretagne-wasserpark\/","url":"https:\/\/lesjardinsdumorbihan.com\/de\/suedbretagne\/campingplatz-sued-bretagne-wasserpark\/","name":"Camping in der s\u00fcdlichen Bretagne mit Wasserpark: ein komplettes Angebot","isPartOf":{"@id":"https:\/\/lesjardinsdumorbihan.com\/de\/#website"},"primaryImageOfPage":{"@id":"https:\/\/lesjardinsdumorbihan.com\/de\/suedbretagne\/campingplatz-sued-bretagne-wasserpark\/#primaryimage"},"image":{"@id":"https:\/\/lesjardinsdumorbihan.com\/de\/suedbretagne\/campingplatz-sued-bretagne-wasserpark\/#primaryimage"},"thumbnailUrl":"https:\/\/lesjardinsdumorbihan.com\/wp-content\/uploads\/2024\/02\/@L.RANNOU-N\u00b00028.jpg","datePublished":"2024-03-26T09:13:17+00:00","dateModified":"2024-06-20T09:04:30+00:00","description":"Tr\u00e4umen Sie von einem Urlaub in der Bretagne mit Schwimmbad und Wasserbereich? Entdecken Sie unseren Campingplatz in der s\u00fcdlichen Bretagne mit Wasserpark!","breadcrumb":{"@id":"https:\/\/lesjardinsdumorbihan.com\/de\/suedbretagne\/campingplatz-sued-bretagne-wasserpark\/#breadcrumb"},"inLanguage":"de","potentialAction":[{"@type":"ReadAction","target":["https:\/\/lesjardinsdumorbihan.com\/de\/suedbretagne\/campingplatz-sued-bretagne-wasserpark\/"]}]},{"@type":"ImageObject","inLanguage":"de","@id":"https:\/\/lesjardinsdumorbihan.com\/de\/suedbretagne\/campingplatz-sued-bretagne-wasserpark\/#primaryimage","url":"https:\/\/lesjardinsdumorbihan.com\/wp-content\/uploads\/2024\/02\/@L.RANNOU-N\u00b00028.jpg","contentUrl":"https:\/\/lesjardinsdumorbihan.com\/wp-content\/uploads\/2024\/02\/@L.RANNOU-N\u00b00028.jpg","width":1638,"height":1093},{"@type":"BreadcrumbList","@id":"https:\/\/lesjardinsdumorbihan.com\/de\/suedbretagne\/campingplatz-sued-bretagne-wasserpark\/#breadcrumb","itemListElement":[{"@type":"ListItem","position":1,"name":"Camping 4 \u00e9toiles Morbihan","item":"https:\/\/lesjardinsdumorbihan.com\/de\/"},{"@type":"ListItem","position":2,"name":"Campingplatz in der S\u00fcdbretagne","item":"https:\/\/lesjardinsdumorbihan.com\/de\/suedbretagne\/"},{"@type":"ListItem","position":3,"name":"Wassergebiet der S\u00fcdbretagne"}]},{"@type":"WebSite","@id":"https:\/\/lesjardinsdumorbihan.com\/de\/#website","url":"https:\/\/lesjardinsdumorbihan.com\/de\/","name":"Camping les Jardins du Morbihan","description":"","publisher":{"@id":"https:\/\/lesjardinsdumorbihan.com\/de\/#organization"},"potentialAction":[{"@type":"SearchAction","target":{"@type":"EntryPoint","urlTemplate":"https:\/\/lesjardinsdumorbihan.com\/de\/?s={search_term_string}"},"query-input":{"@type":"PropertyValueSpecification","valueRequired":true,"valueName":"search_term_string"}}],"inLanguage":"de"},{"@type":"Organization","@id":"https:\/\/lesjardinsdumorbihan.com\/de\/#organization","name":"Camping les Jardins du Morbihan","url":"https:\/\/lesjardinsdumorbihan.com\/de\/","logo":{"@type":"ImageObject","inLanguage":"de","@id":"https:\/\/lesjardinsdumorbihan.com\/de\/#\/schema\/logo\/image\/","url":"https:\/\/lesjardinsdumorbihan.com\/wp-content\/uploads\/2022\/09\/logo_jdm.png","contentUrl":"https:\/\/lesjardinsdumorbihan.com\/wp-content\/uploads\/2022\/09\/logo_jdm.png","width":6630,"height":2909,"caption":"Camping les Jardins du Morbihan"},"image":{"@id":"https:\/\/lesjardinsdumorbihan.com\/de\/#\/schema\/logo\/image\/"}}]}},"_links":{"self":[{"href":"https:\/\/lesjardinsdumorbihan.com\/de\/wp-json\/wp\/v2\/pages\/13190","targetHints":{"allow":["GET"]}}],"collection":[{"href":"https:\/\/lesjardinsdumorbihan.com\/de\/wp-json\/wp\/v2\/pages"}],"about":[{"href":"https:\/\/lesjardinsdumorbihan.com\/de\/wp-json\/wp\/v2\/types\/page"}],"author":[{"embeddable":true,"href":"https:\/\/lesjardinsdumorbihan.com\/de\/wp-json\/wp\/v2\/users\/1"}],"replies":[{"embeddable":true,"href":"https:\/\/lesjardinsdumorbihan.com\/de\/wp-json\/wp\/v2\/comments?post=13190"}],"version-history":[{"count":2,"href":"https:\/\/lesjardinsdumorbihan.com\/de\/wp-json\/wp\/v2\/pages\/13190\/revisions"}],"predecessor-version":[{"id":13200,"href":"https:\/\/lesjardinsdumorbihan.com\/de\/wp-json\/wp\/v2\/pages\/13190\/revisions\/13200"}],"up":[{"embeddable":true,"href":"https:\/\/lesjardinsdumorbihan.com\/de\/wp-json\/wp\/v2\/pages\/13154"}],"wp:featuredmedia":[{"embeddable":true,"href":"https:\/\/lesjardinsdumorbihan.com\/de\/wp-json\/wp\/v2\/media\/12968"}],"wp:attachment":[{"href":"https:\/\/lesjardinsdumorbihan.com\/de\/wp-json\/wp\/v2\/media?parent=13190"}],"curies":[{"name":"wp","href":"https:\/\/api.w.org\/{rel}","templated":true}]}}