{"id":13065,"date":"2021-08-24T10:33:49","date_gmt":"2021-08-24T08:33:49","guid":{"rendered":"https:\/\/lesjardinsdumorbihan.com\/activites\/"},"modified":"2026-01-19T14:37:00","modified_gmt":"2026-01-19T13:37:00","slug":"aktivitaeten","status":"publish","type":"page","link":"https:\/\/lesjardinsdumorbihan.com\/de\/aktivitaeten\/","title":{"rendered":"AKTIVIT\u00c4TEN"},"content":{"rendered":"<div class=\"bloc-texte full\"><div class=\"texte center\"><p>Auf dem Campingplatz Jardins du Morbihan im Morbihan k\u00f6nnen Sie w\u00e4hrend Ihres Urlaubs in der Bretagne zahlreiche Aktivit\u00e4ten unternehmen.<\/p>\n<\/div><\/div>\n\n<div class=\"text-image-new style1 image-left\"><div class=\"text-image-new-colonne\"><H2 class=\"text-image-new-titre\">Viele Aktivit\u00e4ten f\u00fcr Jung und Alt<\/H2><div class=\"text-image-new-content\"><ul>\n<li>2 Trampoline<\/li>\n<li>1 Parcours f\u00fcr Kinder mit Seilrutsche<\/li>\n<li>1 H\u00fcpfburg<\/li>\n<li>3 Homeballpl\u00e4tze<\/li>\n<li>2 Kinderspielpl\u00e4tze<\/li>\n<li>Outdoor-Sportkurs<\/li>\n<li>Minigolf (kostenloser Ausr\u00fcstungsverleih an der Rezeption)<\/li>\n<li>2 Tischtennisplatten<\/li>\n<\/ul>\n<p>Entdecken Sie die Treetop-Abenteuerparcours Airplane Nature nur 1,2 km vom Campingplatz entfernt und profitieren Sie bei Vorlage des Campingplatz-Armbands von 2 \u20ac Rabatt.<\/p>\n<\/div><\/div><div class=\"text-image-new-colonne\"><img decoding=\"async\" src=\"https:\/\/lesjardinsdumorbihan.com\/wp-content\/uploads\/2024\/02\/LES_JARDINS_DU_MORBIHAN_@L.RANNOU_N\u00b0162.jpg\" alt=\"\" class=\"text-image-new-thumb\" \/><\/div><\/div>\n\n<div class=\"text-image-new style1 image-right background-marron\"><div class=\"text-image-new-colonne\"><H2 class=\"text-image-new-titre\">Der Tierpark des Campingplatzes<\/H2><div class=\"text-image-new-content\"><p>Der Campingplatz verf\u00fcgt \u00fcber einen Mini-Tierpark mit verschiedenen Tieren:<\/p>\n<ul>\n<li>2 Alpakas<\/li>\n<li>2 Ponys<\/li>\n<li>1 Ziege und 1 Ziege<\/li>\n<li>4 Zwergziegen<\/li>\n<li>1 Zwergziege<\/li>\n<\/ul>\n<p>Reitaktivit\u00e4ten k\u00f6nnen in zugelassenen Zentren au\u00dferhalb des Campingplatzes ausge\u00fcbt werden.<\/p>\n<p>Information :<\/p>\n<ul>\n<li>Les Ecuries de Lavalut: 06 72 10 72 00 https:\/\/www.lesecuriesdelavalut.fr<\/li>\n<li>Der Vannetais-Steigb\u00fcgel (Monterblanc): 02 97 60 71 78<\/li>\n<li>Ponyclub Kerbotin (St. Av\u00e9): 06 80 65 87 88<\/li>\n<\/ul>\n<\/div><\/div><div class=\"text-image-new-colonne\"><img decoding=\"async\" src=\"https:\/\/lesjardinsdumorbihan.com\/wp-content\/uploads\/2024\/02\/LES_JARDINS_DU_MORBIHAN_@L.RANNOU_N\u00b0110.jpg\" alt=\"Campingplatz mit Tierpark Bretagne\" class=\"text-image-new-thumb\" \/><\/div><\/div>\n\n<div class=\"text-image-new style1 image-left\"><div class=\"text-image-new-colonne\"><H2 class=\"text-image-new-titre\">Der Minimarkt<\/H2><div class=\"text-image-new-content\"><p>Lokale H\u00e4ndler kommen auf den Campingplatz, um Ihnen ihre Produkte anzubieten.<br \/>\nWochenmarkt vom 10. Juli bis 28. August.<\/p>\n<\/div><\/div><div class=\"text-image-new-colonne\"><img decoding=\"async\" src=\"https:\/\/lesjardinsdumorbihan.com\/wp-content\/uploads\/2024\/02\/MARCHE-camping.jpg\" alt=\"\" class=\"text-image-new-thumb\" \/><\/div><\/div>\n\n<div class=\"text-image-new style1 image-right background-marron\"><div class=\"text-image-new-colonne\"><H2 class=\"text-image-new-titre\">Unterhaltung an der Bar und Tanzabende<\/H2><div class=\"text-image-new-content\"><p>Im Juli und August wird in der Bar oder in der N\u00e4he ein Unterhaltungsprogramm organisiert.<br \/>\nIm Anschluss an das Unterhaltungsprogramm der Woche k\u00f6nnen Sie an Quizzen, Lottospielen, Spielen, Wettbewerben usw. teilnehmen.<br \/>\nIm Juli und August werden Themenabende angeboten.<\/p>\n<\/div><\/div><div class=\"text-image-new-colonne\"><img decoding=\"async\" src=\"https:\/\/lesjardinsdumorbihan.com\/wp-content\/uploads\/2024\/02\/SOIREE.jpg\" alt=\"\" class=\"text-image-new-thumb\" \/><\/div><\/div>\n\n<div class=\"text-image-new style1 image-left\"><div class=\"text-image-new-colonne\"><H2 class=\"text-image-new-titre\">Der Kinderclub<\/H2><div class=\"text-image-new-content\"><p>Der Kinderclub ist in der Hochsaison von 10 bis 12 Uhr und von 15 bis 17 Uhr ge\u00f6ffnet.<br \/>\nF\u00fcr Kinder im Alter von 5 bis 17 Jahren.<br \/>\nEs werden verschiedene Aktivit\u00e4ten angeboten, wie Bogenschie\u00dfen, Tauziehen, Schatzsuche, Schatzsuche.<\/p>\n<\/div><\/div><div class=\"text-image-new-colonne\"><img decoding=\"async\" src=\"https:\/\/lesjardinsdumorbihan.com\/wp-content\/uploads\/2024\/02\/CLUB-ENFANTS.jpg\" alt=\"\" class=\"text-image-new-thumb\" \/><\/div><\/div>\n\n<div class=\"text-image-new style1 image-right background-marron\"><div class=\"text-image-new-colonne\"><H2 class=\"text-image-new-titre\">Der Zirkus: Kurse und Auff\u00fchrungen<\/H2><div class=\"text-image-new-content\"><p>Zus\u00e4tzlich zum Kinderclub findet jedes Jahr im Juli und August der Zirkus auf dem Campingplatz statt.<\/p>\n<p>Von Sonntag bis Freitag k\u00f6nnen Kinder im Alter von 3 bis 16 Jahren unter dem auf dem Campingplatz installierten Zirkuszelt zusammen mit erfahrenen, qualifizierten und f\u00fcrsorglichen K\u00fcnstlern etwas \u00fcber den Zirkus lernen. Jeden Freitagabend um 20 Uhr werden die Kinder und Zirkusanimateure ihre Eltern mit ihren Vorstellungen verw\u00f6hnen.<\/p>\n<\/div><\/div><div class=\"text-image-new-colonne\"><img decoding=\"async\" src=\"https:\/\/lesjardinsdumorbihan.com\/wp-content\/uploads\/2023\/03\/ACTIVITES-2-scaled.jpg\" alt=\"\" class=\"text-image-new-thumb\" \/><\/div><\/div>","protected":false},"excerpt":{"rendered":"","protected":false},"author":1,"featured_media":13067,"parent":0,"menu_order":0,"comment_status":"closed","ping_status":"closed","template":"","meta":{"_acf_changed":false,"footnotes":""},"class_list":["post-13065","page","type-page","status-publish","has-post-thumbnail","hentry"],"acf":[],"yoast_head":"<!-- This site is optimized with the Yoast SEO plugin v27.4 - https:\/\/yoast.com\/product\/yoast-seo-wordpress\/ -->\n<title>Campingaktivit\u00e4ten in der N\u00e4he von Vannes | Welche Aktivit\u00e4ten gibt es auf dem Campingplatz Les Jardins du Morbihan?<\/title>\n<meta name=\"description\" content=\"Was k\u00f6nnen Sie w\u00e4hrend Ihres Urlaubs auf dem 4-Sterne-Campingplatz Les Jardins du Morbihan in der Bretagne unternehmen? Entdecken Sie die Aktivit\u00e4ten, die der Campingplatz in der Bretagne bietet.\" \/>\n<meta name=\"robots\" content=\"index, follow, max-snippet:-1, max-image-preview:large, max-video-preview:-1\" \/>\n<link rel=\"canonical\" href=\"https:\/\/lesjardinsdumorbihan.com\/de\/aktivitaeten\/\" \/>\n<meta property=\"og:locale\" content=\"de_DE\" \/>\n<meta property=\"og:type\" content=\"article\" \/>\n<meta property=\"og:title\" content=\"Campingaktivit\u00e4ten in der N\u00e4he von Vannes | Welche Aktivit\u00e4ten gibt es auf dem Campingplatz Les Jardins du Morbihan?\" \/>\n<meta property=\"og:description\" content=\"Was k\u00f6nnen Sie w\u00e4hrend Ihres Urlaubs auf dem 4-Sterne-Campingplatz Les Jardins du Morbihan in der Bretagne unternehmen? Entdecken Sie die Aktivit\u00e4ten, die der Campingplatz in der Bretagne bietet.\" \/>\n<meta property=\"og:url\" content=\"https:\/\/lesjardinsdumorbihan.com\/de\/aktivitaeten\/\" \/>\n<meta property=\"og:site_name\" content=\"Camping les Jardins du Morbihan\" \/>\n<meta property=\"article:modified_time\" content=\"2026-01-19T13:37:00+00:00\" \/>\n<meta property=\"og:image\" content=\"https:\/\/lesjardinsdumorbihan.com\/wp-content\/uploads\/2024\/02\/@L.RANNOU-N\u00b00094.jpg\" \/>\n\t<meta property=\"og:image:width\" content=\"2048\" \/>\n\t<meta property=\"og:image:height\" content=\"1366\" \/>\n\t<meta property=\"og:image:type\" content=\"image\/jpeg\" \/>\n<meta name=\"twitter:card\" content=\"summary_large_image\" \/>\n<meta name=\"twitter:label1\" content=\"Gesch\u00e4tzte Lesezeit\" \/>\n\t<meta name=\"twitter:data1\" content=\"1\u00a0Minute\" \/>\n<script type=\"application\/ld+json\" class=\"yoast-schema-graph\">{\"@context\":\"https:\\\/\\\/schema.org\",\"@graph\":[{\"@type\":\"WebPage\",\"@id\":\"https:\\\/\\\/lesjardinsdumorbihan.com\\\/de\\\/aktivitaeten\\\/\",\"url\":\"https:\\\/\\\/lesjardinsdumorbihan.com\\\/de\\\/aktivitaeten\\\/\",\"name\":\"Campingaktivit\u00e4ten in der N\u00e4he von Vannes | Welche Aktivit\u00e4ten gibt es auf dem Campingplatz Les Jardins du Morbihan?\",\"isPartOf\":{\"@id\":\"https:\\\/\\\/lesjardinsdumorbihan.com\\\/de\\\/#website\"},\"primaryImageOfPage\":{\"@id\":\"https:\\\/\\\/lesjardinsdumorbihan.com\\\/de\\\/aktivitaeten\\\/#primaryimage\"},\"image\":{\"@id\":\"https:\\\/\\\/lesjardinsdumorbihan.com\\\/de\\\/aktivitaeten\\\/#primaryimage\"},\"thumbnailUrl\":\"https:\\\/\\\/lesjardinsdumorbihan.com\\\/wp-content\\\/uploads\\\/2024\\\/02\\\/@L.RANNOU-N\u00b00094.jpg\",\"datePublished\":\"2021-08-24T08:33:49+00:00\",\"dateModified\":\"2026-01-19T13:37:00+00:00\",\"description\":\"Was k\u00f6nnen Sie w\u00e4hrend Ihres Urlaubs auf dem 4-Sterne-Campingplatz Les Jardins du Morbihan in der Bretagne unternehmen? Entdecken Sie die Aktivit\u00e4ten, die der Campingplatz in der Bretagne bietet.\",\"breadcrumb\":{\"@id\":\"https:\\\/\\\/lesjardinsdumorbihan.com\\\/de\\\/aktivitaeten\\\/#breadcrumb\"},\"inLanguage\":\"de\",\"potentialAction\":[{\"@type\":\"ReadAction\",\"target\":[\"https:\\\/\\\/lesjardinsdumorbihan.com\\\/de\\\/aktivitaeten\\\/\"]}]},{\"@type\":\"ImageObject\",\"inLanguage\":\"de\",\"@id\":\"https:\\\/\\\/lesjardinsdumorbihan.com\\\/de\\\/aktivitaeten\\\/#primaryimage\",\"url\":\"https:\\\/\\\/lesjardinsdumorbihan.com\\\/wp-content\\\/uploads\\\/2024\\\/02\\\/@L.RANNOU-N\u00b00094.jpg\",\"contentUrl\":\"https:\\\/\\\/lesjardinsdumorbihan.com\\\/wp-content\\\/uploads\\\/2024\\\/02\\\/@L.RANNOU-N\u00b00094.jpg\",\"width\":2048,\"height\":1366,\"caption\":\"camping anim\u00e9 morbihan\"},{\"@type\":\"BreadcrumbList\",\"@id\":\"https:\\\/\\\/lesjardinsdumorbihan.com\\\/de\\\/aktivitaeten\\\/#breadcrumb\",\"itemListElement\":[{\"@type\":\"ListItem\",\"position\":1,\"name\":\"Camping 4 \u00e9toiles Morbihan\",\"item\":\"https:\\\/\\\/lesjardinsdumorbihan.com\\\/de\\\/\"},{\"@type\":\"ListItem\",\"position\":2,\"name\":\"AKTIVIT\u00c4TEN\"}]},{\"@type\":\"WebSite\",\"@id\":\"https:\\\/\\\/lesjardinsdumorbihan.com\\\/de\\\/#website\",\"url\":\"https:\\\/\\\/lesjardinsdumorbihan.com\\\/de\\\/\",\"name\":\"Camping les Jardins du Morbihan\",\"description\":\"\",\"publisher\":{\"@id\":\"https:\\\/\\\/lesjardinsdumorbihan.com\\\/de\\\/#organization\"},\"potentialAction\":[{\"@type\":\"SearchAction\",\"target\":{\"@type\":\"EntryPoint\",\"urlTemplate\":\"https:\\\/\\\/lesjardinsdumorbihan.com\\\/de\\\/?s={search_term_string}\"},\"query-input\":{\"@type\":\"PropertyValueSpecification\",\"valueRequired\":true,\"valueName\":\"search_term_string\"}}],\"inLanguage\":\"de\"},{\"@type\":\"Organization\",\"@id\":\"https:\\\/\\\/lesjardinsdumorbihan.com\\\/de\\\/#organization\",\"name\":\"Camping les Jardins du Morbihan\",\"url\":\"https:\\\/\\\/lesjardinsdumorbihan.com\\\/de\\\/\",\"logo\":{\"@type\":\"ImageObject\",\"inLanguage\":\"de\",\"@id\":\"https:\\\/\\\/lesjardinsdumorbihan.com\\\/de\\\/#\\\/schema\\\/logo\\\/image\\\/\",\"url\":\"https:\\\/\\\/lesjardinsdumorbihan.com\\\/wp-content\\\/uploads\\\/2022\\\/09\\\/logo_jdm.png\",\"contentUrl\":\"https:\\\/\\\/lesjardinsdumorbihan.com\\\/wp-content\\\/uploads\\\/2022\\\/09\\\/logo_jdm.png\",\"width\":6630,\"height\":2909,\"caption\":\"Camping les Jardins du Morbihan\"},\"image\":{\"@id\":\"https:\\\/\\\/lesjardinsdumorbihan.com\\\/de\\\/#\\\/schema\\\/logo\\\/image\\\/\"}}]}<\/script>\n<!-- \/ Yoast SEO plugin. -->","yoast_head_json":{"title":"Campingaktivit\u00e4ten in der N\u00e4he von Vannes | Welche Aktivit\u00e4ten gibt es auf dem Campingplatz Les Jardins du Morbihan?","description":"Was k\u00f6nnen Sie w\u00e4hrend Ihres Urlaubs auf dem 4-Sterne-Campingplatz Les Jardins du Morbihan in der Bretagne unternehmen? Entdecken Sie die Aktivit\u00e4ten, die der Campingplatz in der Bretagne bietet.","robots":{"index":"index","follow":"follow","max-snippet":"max-snippet:-1","max-image-preview":"max-image-preview:large","max-video-preview":"max-video-preview:-1"},"canonical":"https:\/\/lesjardinsdumorbihan.com\/de\/aktivitaeten\/","og_locale":"de_DE","og_type":"article","og_title":"Campingaktivit\u00e4ten in der N\u00e4he von Vannes | Welche Aktivit\u00e4ten gibt es auf dem Campingplatz Les Jardins du Morbihan?","og_description":"Was k\u00f6nnen Sie w\u00e4hrend Ihres Urlaubs auf dem 4-Sterne-Campingplatz Les Jardins du Morbihan in der Bretagne unternehmen? Entdecken Sie die Aktivit\u00e4ten, die der Campingplatz in der Bretagne bietet.","og_url":"https:\/\/lesjardinsdumorbihan.com\/de\/aktivitaeten\/","og_site_name":"Camping les Jardins du Morbihan","article_modified_time":"2026-01-19T13:37:00+00:00","og_image":[{"width":2048,"height":1366,"url":"https:\/\/lesjardinsdumorbihan.com\/wp-content\/uploads\/2024\/02\/@L.RANNOU-N\u00b00094.jpg","type":"image\/jpeg"}],"twitter_card":"summary_large_image","twitter_misc":{"Gesch\u00e4tzte Lesezeit":"1\u00a0Minute"},"schema":{"@context":"https:\/\/schema.org","@graph":[{"@type":"WebPage","@id":"https:\/\/lesjardinsdumorbihan.com\/de\/aktivitaeten\/","url":"https:\/\/lesjardinsdumorbihan.com\/de\/aktivitaeten\/","name":"Campingaktivit\u00e4ten in der N\u00e4he von Vannes | Welche Aktivit\u00e4ten gibt es auf dem Campingplatz Les Jardins du Morbihan?","isPartOf":{"@id":"https:\/\/lesjardinsdumorbihan.com\/de\/#website"},"primaryImageOfPage":{"@id":"https:\/\/lesjardinsdumorbihan.com\/de\/aktivitaeten\/#primaryimage"},"image":{"@id":"https:\/\/lesjardinsdumorbihan.com\/de\/aktivitaeten\/#primaryimage"},"thumbnailUrl":"https:\/\/lesjardinsdumorbihan.com\/wp-content\/uploads\/2024\/02\/@L.RANNOU-N\u00b00094.jpg","datePublished":"2021-08-24T08:33:49+00:00","dateModified":"2026-01-19T13:37:00+00:00","description":"Was k\u00f6nnen Sie w\u00e4hrend Ihres Urlaubs auf dem 4-Sterne-Campingplatz Les Jardins du Morbihan in der Bretagne unternehmen? Entdecken Sie die Aktivit\u00e4ten, die der Campingplatz in der Bretagne bietet.","breadcrumb":{"@id":"https:\/\/lesjardinsdumorbihan.com\/de\/aktivitaeten\/#breadcrumb"},"inLanguage":"de","potentialAction":[{"@type":"ReadAction","target":["https:\/\/lesjardinsdumorbihan.com\/de\/aktivitaeten\/"]}]},{"@type":"ImageObject","inLanguage":"de","@id":"https:\/\/lesjardinsdumorbihan.com\/de\/aktivitaeten\/#primaryimage","url":"https:\/\/lesjardinsdumorbihan.com\/wp-content\/uploads\/2024\/02\/@L.RANNOU-N\u00b00094.jpg","contentUrl":"https:\/\/lesjardinsdumorbihan.com\/wp-content\/uploads\/2024\/02\/@L.RANNOU-N\u00b00094.jpg","width":2048,"height":1366,"caption":"camping anim\u00e9 morbihan"},{"@type":"BreadcrumbList","@id":"https:\/\/lesjardinsdumorbihan.com\/de\/aktivitaeten\/#breadcrumb","itemListElement":[{"@type":"ListItem","position":1,"name":"Camping 4 \u00e9toiles Morbihan","item":"https:\/\/lesjardinsdumorbihan.com\/de\/"},{"@type":"ListItem","position":2,"name":"AKTIVIT\u00c4TEN"}]},{"@type":"WebSite","@id":"https:\/\/lesjardinsdumorbihan.com\/de\/#website","url":"https:\/\/lesjardinsdumorbihan.com\/de\/","name":"Camping les Jardins du Morbihan","description":"","publisher":{"@id":"https:\/\/lesjardinsdumorbihan.com\/de\/#organization"},"potentialAction":[{"@type":"SearchAction","target":{"@type":"EntryPoint","urlTemplate":"https:\/\/lesjardinsdumorbihan.com\/de\/?s={search_term_string}"},"query-input":{"@type":"PropertyValueSpecification","valueRequired":true,"valueName":"search_term_string"}}],"inLanguage":"de"},{"@type":"Organization","@id":"https:\/\/lesjardinsdumorbihan.com\/de\/#organization","name":"Camping les Jardins du Morbihan","url":"https:\/\/lesjardinsdumorbihan.com\/de\/","logo":{"@type":"ImageObject","inLanguage":"de","@id":"https:\/\/lesjardinsdumorbihan.com\/de\/#\/schema\/logo\/image\/","url":"https:\/\/lesjardinsdumorbihan.com\/wp-content\/uploads\/2022\/09\/logo_jdm.png","contentUrl":"https:\/\/lesjardinsdumorbihan.com\/wp-content\/uploads\/2022\/09\/logo_jdm.png","width":6630,"height":2909,"caption":"Camping les Jardins du Morbihan"},"image":{"@id":"https:\/\/lesjardinsdumorbihan.com\/de\/#\/schema\/logo\/image\/"}}]}},"_links":{"self":[{"href":"https:\/\/lesjardinsdumorbihan.com\/de\/wp-json\/wp\/v2\/pages\/13065","targetHints":{"allow":["GET"]}}],"collection":[{"href":"https:\/\/lesjardinsdumorbihan.com\/de\/wp-json\/wp\/v2\/pages"}],"about":[{"href":"https:\/\/lesjardinsdumorbihan.com\/de\/wp-json\/wp\/v2\/types\/page"}],"author":[{"embeddable":true,"href":"https:\/\/lesjardinsdumorbihan.com\/de\/wp-json\/wp\/v2\/users\/1"}],"replies":[{"embeddable":true,"href":"https:\/\/lesjardinsdumorbihan.com\/de\/wp-json\/wp\/v2\/comments?post=13065"}],"version-history":[{"count":4,"href":"https:\/\/lesjardinsdumorbihan.com\/de\/wp-json\/wp\/v2\/pages\/13065\/revisions"}],"predecessor-version":[{"id":14528,"href":"https:\/\/lesjardinsdumorbihan.com\/de\/wp-json\/wp\/v2\/pages\/13065\/revisions\/14528"}],"wp:featuredmedia":[{"embeddable":true,"href":"https:\/\/lesjardinsdumorbihan.com\/de\/wp-json\/wp\/v2\/media\/13067"}],"wp:attachment":[{"href":"https:\/\/lesjardinsdumorbihan.com\/de\/wp-json\/wp\/v2\/media?parent=13065"}],"curies":[{"name":"wp","href":"https:\/\/api.w.org\/{rel}","templated":true}]}}