{"id":13047,"date":"2021-08-24T10:33:49","date_gmt":"2021-08-24T08:33:49","guid":{"rendered":"https:\/\/lesjardinsdumorbihan.com\/a-voir\/"},"modified":"2024-06-20T09:22:42","modified_gmt":"2024-06-20T07:22:42","slug":"haben","status":"publish","type":"page","link":"https:\/\/lesjardinsdumorbihan.com\/de\/haben\/","title":{"rendered":"ZU TUN HABEN"},"content":{"rendered":"<div class=\"text-image-new style1 image-left\"><div class=\"text-image-new-colonne\"><H2 class=\"text-image-new-titre\">Sport, Freizeit und Entdeckungen<\/H2><div class=\"text-image-new-content\"><p>Machen Sie Urlaub auf dem Campingplatz Les Jardins du Morbihan?Entdecken Sie den Golf von Morbihan und seine Inseln:<\/p>\n<ul>\n<li>Navix-Kreuzfahrten \u2013 Vannes<br \/>\nBootsfahrt auf dem Golf von Morbihan<\/li>\n<li>Seekajakfahren und Paddle-Boarding<br \/>\nEntdecken Sie den Golf mit Waffengewalt, die K\u00fcste zwischen den Inseln, landen Sie an ihrem Strand, gehen Sie von Laderaum zu Laderaum und beobachten Sie den Reichtum der Bretagne<\/li>\n<li>Vergn\u00fcgungspark Kingoland<br \/>\nThemen: Piraten, Weltraum und Automobile<\/li>\n<li>Die Lavalut-St\u00e4lle<br \/>\nReitzentrum und Ponyclub ab 3 Jahren<\/li>\n<li>Rochefort-en-Terre<br \/>\nDas Lieblingsdorf der Franzosen im Jahr 2016<\/li>\n<li>Der Vannes Aeroclub &#8211; Monterblanc<br \/>\nErste Fl\u00fcge mit dem Flugzeug, Besuch am Golf<\/li>\n<\/ul>\n<\/div><p class=\"lire-plus\">Mehr lesen<\/p><div class=\"text-image-new-content-more hide\"><ul>\n<li>Largoet-Festung \u2013 Elfen<br \/>\nDer h\u00f6chste Kerker in Frankreich<\/li>\n<li>Keltischer Tandemflugplatz \u2013 Vannes<br \/>\nTandem-Fallschirmsprung<\/li>\n<li>Die Fallschirmspringerschule Vannes<br \/>\nAdrenalin und Nervenkitzel garantiert<\/li>\n<li>Bluegreen Golf<\/li>\n<\/ul>\n<\/div><p class=\"lire-moins hide\">Lese weniger<\/p><a class=\"bouton\" href=\"https:\/\/www.golfedumorbihan.bzh\/explorer-vannes\/activites-vannes\/randonnee-pedestre\/\" target=\"_blank\" rel=\"noopener\">Entdecken Sie die sch\u00f6nsten Wanderungen im Morbihan!<\/a><\/div><div class=\"text-image-new-colonne\"><img decoding=\"async\" src=\"https:\/\/lesjardinsdumorbihan.com\/wp-content\/uploads\/2022\/11\/iStock-1071632200-scaled-e1668779984929.jpg\" alt=\"\" class=\"text-image-new-thumb\" \/><\/div><\/div>\n\n<div class=\"text-image-new style1 image-right background-marron\"><div class=\"text-image-new-colonne\"><H2 class=\"text-image-new-titre\">Die Stadt Vannes<\/H2><div class=\"text-image-new-content\"><p>Entdecken Sie Vannes, die mittelalterliche Hauptstadt&#8230; Beschreiten Sie das Kopfsteinpflaster einer Stadt voller Geschichte.<\/p>\n<p>5 Dinge, die man unbedingt sehen\/tun sollte:<\/p>\n<ul>\n<li>Die W\u00e4nde<\/li>\n<li>La Cohue, das das Museum der Sch\u00f6nen K\u00fcnste von Vannes beherbergt<\/li>\n<li>Kathedrale Saint-Pierre<\/li>\n<li>Fachwerkh\u00e4user<\/li>\n<li>Der Vannes-Markt findet jeden Mittwoch und Samstag von 8.00 bis 13.30 Uhr im Freien auf dem h\u00fcbschen Place des Lices statt<\/li>\n<\/ul>\n<\/div><\/div><div class=\"text-image-new-colonne\"><img decoding=\"async\" src=\"https:\/\/lesjardinsdumorbihan.com\/wp-content\/uploads\/2022\/11\/Adt-aa2194_Loic-KERSUZAN-Morbihan-Tourisme-scaled-e1668783312731.jpg\" alt=\"\" class=\"text-image-new-thumb\" \/><\/div><\/div>\n\n<div class=\"text-image-new style1 image-left\"><div class=\"text-image-new-colonne\"><H2 class=\"text-image-new-titre\">Der Golf von Morbihan und seine Inseln<\/H2><div class=\"text-image-new-content\"><ul>\n<li>Der Golf von Morbihan<br \/>\nEine der sch\u00f6nsten Buchten der Welt<\/li>\n<li>Die Insel der M\u00f6nche und die Insel Arz<br \/>\nDie beiden gr\u00f6\u00dften Inseln im Golf von Morbihan<\/li>\n<li>Quiberon und die wilde K\u00fcste<br \/>\nSeine wilde K\u00fcste erstreckt sich \u00fcber 8 km!<\/li>\n<li>Wundersch\u00f6ne Insel im Meer<br \/>\nDie gr\u00f6\u00dfte der bretonischen Inseln<\/li>\n<\/ul>\n<\/div><\/div><div class=\"text-image-new-colonne\"><img decoding=\"async\" src=\"https:\/\/lesjardinsdumorbihan.com\/wp-content\/uploads\/2022\/11\/ARZAL-scaled-e1668784514306.jpg\" alt=\"Belle \u00eele en mer\" class=\"text-image-new-thumb\" \/><\/div><\/div>\n\n<div class=\"liste-de-page-home\"><div class=\"liste-de-page-home-titre\">Was gibt es rund um den Campingplatz Jardins du Morbihan zu besichtigen und zu unternehmen?<\/div><ul class=\"liste-de-page-articles\"><li><a href=\"https:\/\/lesjardinsdumorbihan.com\/de\/nachricht\/straende-suedbretagne\/\"><div class=\"cta-img\"><img decoding=\"async\" src=\"https:\/\/lesjardinsdumorbihan.com\/wp-content\/uploads\/2023\/06\/plages-bretagne.jpg\" alt=\"\"><\/div><div class=\"cta-titre\">Strand der S\u00fcdbretagne: unsere Top 10 der sch\u00f6nsten Str\u00e4nde im Westen Frankreichs!<\/div><\/a><\/li><li><a href=\"https:\/\/lesjardinsdumorbihan.com\/de\/nachricht\/websites-suedliche-bretagne\/\"><div class=\"cta-img\"><img decoding=\"async\" src=\"https:\/\/lesjardinsdumorbihan.com\/wp-content\/uploads\/2023\/06\/sites-a-visiter-bretagne-sud.jpg\" alt=\"\"><\/div><div class=\"cta-titre\">Die sch\u00f6nsten Sehensw\u00fcrdigkeiten in der s\u00fcdlichen Bretagne \u2013 die Departements und ihre Wunder<\/div><\/a><\/li><li><a href=\"https:\/\/lesjardinsdumorbihan.com\/de\/nachricht\/besuchen-sie-die-suedliche-bretagne\/\"><div class=\"cta-img\"><img decoding=\"async\" src=\"https:\/\/lesjardinsdumorbihan.com\/wp-content\/uploads\/2023\/06\/visite-bretagne-sud.jpg\" alt=\"\"><\/div><div class=\"cta-titre\">Besuchen Sie die s\u00fcdliche Bretagne: von Saint-Malo bis Concarneau, die 8 wichtigsten St\u00e4dte, die es zu erkunden gilt<\/div><\/a><\/li><li><a href=\"https:\/\/lesjardinsdumorbihan.com\/de\/nachricht\/was-tun-morbihan-discovery\/\"><div class=\"cta-img\"><img decoding=\"async\" src=\"https:\/\/lesjardinsdumorbihan.com\/wp-content\/uploads\/2022\/11\/ARZAL-scaled-e1668784514306.jpg\" alt=\"\"><\/div><div class=\"cta-titre\">Was kann man im Morbihan unternehmen?<\/div><\/a><\/li><\/ul><\/div>","protected":false},"excerpt":{"rendered":"","protected":false},"author":1,"featured_media":13049,"parent":0,"menu_order":0,"comment_status":"closed","ping_status":"closed","template":"","meta":{"_acf_changed":false,"footnotes":""},"class_list":["post-13047","page","type-page","status-publish","has-post-thumbnail","hentry"],"acf":[],"yoast_head":"<!-- This site is optimized with the Yoast SEO plugin v27.3 - https:\/\/yoast.com\/product\/yoast-seo-wordpress\/ -->\n<title>Vannes Tourismus, was gibt es im Golf von Morbihan zu sehen und zu unternehmen?<\/title>\n<meta name=\"description\" content=\"Finden Sie die besten Aktivit\u00e4ten im Golf von Morbihan rund um Ihren Campingplatz in Vannes f\u00fcr Ihren Urlaub!\" \/>\n<meta name=\"robots\" content=\"index, follow, max-snippet:-1, max-image-preview:large, max-video-preview:-1\" \/>\n<link rel=\"canonical\" href=\"https:\/\/lesjardinsdumorbihan.com\/de\/haben\/\" \/>\n<meta property=\"og:locale\" content=\"de_DE\" \/>\n<meta property=\"og:type\" content=\"article\" \/>\n<meta property=\"og:title\" content=\"Vannes Tourismus, was gibt es im Golf von Morbihan zu sehen und zu unternehmen?\" \/>\n<meta property=\"og:description\" content=\"Finden Sie die besten Aktivit\u00e4ten im Golf von Morbihan rund um Ihren Campingplatz in Vannes f\u00fcr Ihren Urlaub!\" \/>\n<meta property=\"og:url\" content=\"https:\/\/lesjardinsdumorbihan.com\/de\/haben\/\" \/>\n<meta property=\"og:site_name\" content=\"Camping les Jardins du Morbihan\" \/>\n<meta property=\"article:modified_time\" content=\"2024-06-20T07:22:42+00:00\" \/>\n<meta property=\"og:image\" content=\"https:\/\/lesjardinsdumorbihan.com\/wp-content\/uploads\/2024\/02\/Belle-ile-en-Mer-1.jpg\" \/>\n\t<meta property=\"og:image:width\" content=\"2048\" \/>\n\t<meta property=\"og:image:height\" content=\"1365\" \/>\n\t<meta property=\"og:image:type\" content=\"image\/jpeg\" \/>\n<meta name=\"twitter:card\" content=\"summary_large_image\" \/>\n<meta name=\"twitter:label1\" content=\"Gesch\u00e4tzte Lesezeit\" \/>\n\t<meta name=\"twitter:data1\" content=\"1\u00a0Minute\" \/>\n<script type=\"application\/ld+json\" class=\"yoast-schema-graph\">{\"@context\":\"https:\\\/\\\/schema.org\",\"@graph\":[{\"@type\":\"WebPage\",\"@id\":\"https:\\\/\\\/lesjardinsdumorbihan.com\\\/de\\\/haben\\\/\",\"url\":\"https:\\\/\\\/lesjardinsdumorbihan.com\\\/de\\\/haben\\\/\",\"name\":\"Vannes Tourismus, was gibt es im Golf von Morbihan zu sehen und zu unternehmen?\",\"isPartOf\":{\"@id\":\"https:\\\/\\\/lesjardinsdumorbihan.com\\\/de\\\/#website\"},\"primaryImageOfPage\":{\"@id\":\"https:\\\/\\\/lesjardinsdumorbihan.com\\\/de\\\/haben\\\/#primaryimage\"},\"image\":{\"@id\":\"https:\\\/\\\/lesjardinsdumorbihan.com\\\/de\\\/haben\\\/#primaryimage\"},\"thumbnailUrl\":\"https:\\\/\\\/lesjardinsdumorbihan.com\\\/wp-content\\\/uploads\\\/2024\\\/02\\\/Belle-ile-en-Mer-1.jpg\",\"datePublished\":\"2021-08-24T08:33:49+00:00\",\"dateModified\":\"2024-06-20T07:22:42+00:00\",\"description\":\"Finden Sie die besten Aktivit\u00e4ten im Golf von Morbihan rund um Ihren Campingplatz in Vannes f\u00fcr Ihren Urlaub!\",\"breadcrumb\":{\"@id\":\"https:\\\/\\\/lesjardinsdumorbihan.com\\\/de\\\/haben\\\/#breadcrumb\"},\"inLanguage\":\"de\",\"potentialAction\":[{\"@type\":\"ReadAction\",\"target\":[\"https:\\\/\\\/lesjardinsdumorbihan.com\\\/de\\\/haben\\\/\"]}]},{\"@type\":\"ImageObject\",\"inLanguage\":\"de\",\"@id\":\"https:\\\/\\\/lesjardinsdumorbihan.com\\\/de\\\/haben\\\/#primaryimage\",\"url\":\"https:\\\/\\\/lesjardinsdumorbihan.com\\\/wp-content\\\/uploads\\\/2024\\\/02\\\/Belle-ile-en-Mer-1.jpg\",\"contentUrl\":\"https:\\\/\\\/lesjardinsdumorbihan.com\\\/wp-content\\\/uploads\\\/2024\\\/02\\\/Belle-ile-en-Mer-1.jpg\",\"width\":2048,\"height\":1365},{\"@type\":\"BreadcrumbList\",\"@id\":\"https:\\\/\\\/lesjardinsdumorbihan.com\\\/de\\\/haben\\\/#breadcrumb\",\"itemListElement\":[{\"@type\":\"ListItem\",\"position\":1,\"name\":\"Camping 4 \u00e9toiles Morbihan\",\"item\":\"https:\\\/\\\/lesjardinsdumorbihan.com\\\/de\\\/\"},{\"@type\":\"ListItem\",\"position\":2,\"name\":\"Was gibt es in Vannes zu sehen und zu unternehmen?\"}]},{\"@type\":\"WebSite\",\"@id\":\"https:\\\/\\\/lesjardinsdumorbihan.com\\\/de\\\/#website\",\"url\":\"https:\\\/\\\/lesjardinsdumorbihan.com\\\/de\\\/\",\"name\":\"Camping les Jardins du Morbihan\",\"description\":\"\",\"publisher\":{\"@id\":\"https:\\\/\\\/lesjardinsdumorbihan.com\\\/de\\\/#organization\"},\"potentialAction\":[{\"@type\":\"SearchAction\",\"target\":{\"@type\":\"EntryPoint\",\"urlTemplate\":\"https:\\\/\\\/lesjardinsdumorbihan.com\\\/de\\\/?s={search_term_string}\"},\"query-input\":{\"@type\":\"PropertyValueSpecification\",\"valueRequired\":true,\"valueName\":\"search_term_string\"}}],\"inLanguage\":\"de\"},{\"@type\":\"Organization\",\"@id\":\"https:\\\/\\\/lesjardinsdumorbihan.com\\\/de\\\/#organization\",\"name\":\"Camping les Jardins du Morbihan\",\"url\":\"https:\\\/\\\/lesjardinsdumorbihan.com\\\/de\\\/\",\"logo\":{\"@type\":\"ImageObject\",\"inLanguage\":\"de\",\"@id\":\"https:\\\/\\\/lesjardinsdumorbihan.com\\\/de\\\/#\\\/schema\\\/logo\\\/image\\\/\",\"url\":\"https:\\\/\\\/lesjardinsdumorbihan.com\\\/wp-content\\\/uploads\\\/2022\\\/09\\\/logo_jdm.png\",\"contentUrl\":\"https:\\\/\\\/lesjardinsdumorbihan.com\\\/wp-content\\\/uploads\\\/2022\\\/09\\\/logo_jdm.png\",\"width\":6630,\"height\":2909,\"caption\":\"Camping les Jardins du Morbihan\"},\"image\":{\"@id\":\"https:\\\/\\\/lesjardinsdumorbihan.com\\\/de\\\/#\\\/schema\\\/logo\\\/image\\\/\"}}]}<\/script>\n<!-- \/ Yoast SEO plugin. -->","yoast_head_json":{"title":"Vannes Tourismus, was gibt es im Golf von Morbihan zu sehen und zu unternehmen?","description":"Finden Sie die besten Aktivit\u00e4ten im Golf von Morbihan rund um Ihren Campingplatz in Vannes f\u00fcr Ihren Urlaub!","robots":{"index":"index","follow":"follow","max-snippet":"max-snippet:-1","max-image-preview":"max-image-preview:large","max-video-preview":"max-video-preview:-1"},"canonical":"https:\/\/lesjardinsdumorbihan.com\/de\/haben\/","og_locale":"de_DE","og_type":"article","og_title":"Vannes Tourismus, was gibt es im Golf von Morbihan zu sehen und zu unternehmen?","og_description":"Finden Sie die besten Aktivit\u00e4ten im Golf von Morbihan rund um Ihren Campingplatz in Vannes f\u00fcr Ihren Urlaub!","og_url":"https:\/\/lesjardinsdumorbihan.com\/de\/haben\/","og_site_name":"Camping les Jardins du Morbihan","article_modified_time":"2024-06-20T07:22:42+00:00","og_image":[{"width":2048,"height":1365,"url":"https:\/\/lesjardinsdumorbihan.com\/wp-content\/uploads\/2024\/02\/Belle-ile-en-Mer-1.jpg","type":"image\/jpeg"}],"twitter_card":"summary_large_image","twitter_misc":{"Gesch\u00e4tzte Lesezeit":"1\u00a0Minute"},"schema":{"@context":"https:\/\/schema.org","@graph":[{"@type":"WebPage","@id":"https:\/\/lesjardinsdumorbihan.com\/de\/haben\/","url":"https:\/\/lesjardinsdumorbihan.com\/de\/haben\/","name":"Vannes Tourismus, was gibt es im Golf von Morbihan zu sehen und zu unternehmen?","isPartOf":{"@id":"https:\/\/lesjardinsdumorbihan.com\/de\/#website"},"primaryImageOfPage":{"@id":"https:\/\/lesjardinsdumorbihan.com\/de\/haben\/#primaryimage"},"image":{"@id":"https:\/\/lesjardinsdumorbihan.com\/de\/haben\/#primaryimage"},"thumbnailUrl":"https:\/\/lesjardinsdumorbihan.com\/wp-content\/uploads\/2024\/02\/Belle-ile-en-Mer-1.jpg","datePublished":"2021-08-24T08:33:49+00:00","dateModified":"2024-06-20T07:22:42+00:00","description":"Finden Sie die besten Aktivit\u00e4ten im Golf von Morbihan rund um Ihren Campingplatz in Vannes f\u00fcr Ihren Urlaub!","breadcrumb":{"@id":"https:\/\/lesjardinsdumorbihan.com\/de\/haben\/#breadcrumb"},"inLanguage":"de","potentialAction":[{"@type":"ReadAction","target":["https:\/\/lesjardinsdumorbihan.com\/de\/haben\/"]}]},{"@type":"ImageObject","inLanguage":"de","@id":"https:\/\/lesjardinsdumorbihan.com\/de\/haben\/#primaryimage","url":"https:\/\/lesjardinsdumorbihan.com\/wp-content\/uploads\/2024\/02\/Belle-ile-en-Mer-1.jpg","contentUrl":"https:\/\/lesjardinsdumorbihan.com\/wp-content\/uploads\/2024\/02\/Belle-ile-en-Mer-1.jpg","width":2048,"height":1365},{"@type":"BreadcrumbList","@id":"https:\/\/lesjardinsdumorbihan.com\/de\/haben\/#breadcrumb","itemListElement":[{"@type":"ListItem","position":1,"name":"Camping 4 \u00e9toiles Morbihan","item":"https:\/\/lesjardinsdumorbihan.com\/de\/"},{"@type":"ListItem","position":2,"name":"Was gibt es in Vannes zu sehen und zu unternehmen?"}]},{"@type":"WebSite","@id":"https:\/\/lesjardinsdumorbihan.com\/de\/#website","url":"https:\/\/lesjardinsdumorbihan.com\/de\/","name":"Camping les Jardins du Morbihan","description":"","publisher":{"@id":"https:\/\/lesjardinsdumorbihan.com\/de\/#organization"},"potentialAction":[{"@type":"SearchAction","target":{"@type":"EntryPoint","urlTemplate":"https:\/\/lesjardinsdumorbihan.com\/de\/?s={search_term_string}"},"query-input":{"@type":"PropertyValueSpecification","valueRequired":true,"valueName":"search_term_string"}}],"inLanguage":"de"},{"@type":"Organization","@id":"https:\/\/lesjardinsdumorbihan.com\/de\/#organization","name":"Camping les Jardins du Morbihan","url":"https:\/\/lesjardinsdumorbihan.com\/de\/","logo":{"@type":"ImageObject","inLanguage":"de","@id":"https:\/\/lesjardinsdumorbihan.com\/de\/#\/schema\/logo\/image\/","url":"https:\/\/lesjardinsdumorbihan.com\/wp-content\/uploads\/2022\/09\/logo_jdm.png","contentUrl":"https:\/\/lesjardinsdumorbihan.com\/wp-content\/uploads\/2022\/09\/logo_jdm.png","width":6630,"height":2909,"caption":"Camping les Jardins du Morbihan"},"image":{"@id":"https:\/\/lesjardinsdumorbihan.com\/de\/#\/schema\/logo\/image\/"}}]}},"_links":{"self":[{"href":"https:\/\/lesjardinsdumorbihan.com\/de\/wp-json\/wp\/v2\/pages\/13047","targetHints":{"allow":["GET"]}}],"collection":[{"href":"https:\/\/lesjardinsdumorbihan.com\/de\/wp-json\/wp\/v2\/pages"}],"about":[{"href":"https:\/\/lesjardinsdumorbihan.com\/de\/wp-json\/wp\/v2\/types\/page"}],"author":[{"embeddable":true,"href":"https:\/\/lesjardinsdumorbihan.com\/de\/wp-json\/wp\/v2\/users\/1"}],"replies":[{"embeddable":true,"href":"https:\/\/lesjardinsdumorbihan.com\/de\/wp-json\/wp\/v2\/comments?post=13047"}],"version-history":[{"count":2,"href":"https:\/\/lesjardinsdumorbihan.com\/de\/wp-json\/wp\/v2\/pages\/13047\/revisions"}],"predecessor-version":[{"id":13060,"href":"https:\/\/lesjardinsdumorbihan.com\/de\/wp-json\/wp\/v2\/pages\/13047\/revisions\/13060"}],"wp:featuredmedia":[{"embeddable":true,"href":"https:\/\/lesjardinsdumorbihan.com\/de\/wp-json\/wp\/v2\/media\/13049"}],"wp:attachment":[{"href":"https:\/\/lesjardinsdumorbihan.com\/de\/wp-json\/wp\/v2\/media?parent=13047"}],"curies":[{"name":"wp","href":"https:\/\/api.w.org\/{rel}","templated":true}]}}