{"id":12980,"date":"2021-08-24T10:33:49","date_gmt":"2021-08-24T08:33:49","guid":{"rendered":"https:\/\/lesjardinsdumorbihan.com\/mentions-legales\/"},"modified":"2026-01-21T11:27:20","modified_gmt":"2026-01-21T10:27:20","slug":"impressum","status":"publish","type":"page","link":"https:\/\/lesjardinsdumorbihan.com\/de\/impressum\/","title":{"rendered":"Impressum"},"content":{"rendered":"<div class=\"bloc-texte full\"><div class=\"texte left\"><p>SAS SE HARAS mit einem Kapital von 50.000 \u20ac<br \/>\n34 b Route de Pitoys, 64600 ANGLET<br \/>\nE-Mail: haras@natureetresidence.com<br \/>\nTelefon: +33 (0)2 97 44 66 06<\/p>\n<ul>\n<li>Firmenname: SAS SE HARAS<\/li>\n<li>Sirenennummer: 910599943<\/li>\n<li>Siret-Nummer: 910599943 00024<\/li>\n<li>Innergemeinschaftliche Umsatzsteuer-Identifikationsnummer: FR93910599943<\/li>\n<li>Register: RCS Bayonne<\/li>\n<li>NAF\/APE-Code: 5530Z (Campingpl\u00e4tze und Parks f\u00fcr Wohnwagen oder Freizeitfahrzeuge)<\/li>\n<li>Rechtsform: SAS, vereinfachte Aktiengesellschaft<\/li>\n<\/ul>\n<h2>Hosting und Domains:<\/h2>\n<p>OVH SAS mit einem Kapital von 10.069.020 \u20ac<br \/>\nHauptsitz: 2 rue Kellermann \u2013 59100 Roubaix \u2013 Frankreich<\/p>\n<h2>CNIL<\/h2>\n<p>NS48-Erkl\u00e4rung eingereicht am 10. Juli 2017.<\/p>\n<p>CNIL-Nummer: 2082643 v 0 (vom 11. Juli 2017)<\/p>\n<h2>Urheberrecht und Urheberrecht<\/h2>\n<p>Der gesamte Inhalt dieser Website unterliegt dem Urheberrecht sowie dem geistigen Eigentum nach franz\u00f6sischem Recht. Jede Vervielf\u00e4ltigung (einschlie\u00dflich Fotos, Symbole und herunterladbarer Dokumente) ist ohne vorherige Zustimmung von NATURE ET RESIDENCE LOISIRS verboten. Die vollst\u00e4ndige oder teilweise Vervielf\u00e4ltigung der Website in Papier- oder elektronischer Form auf elektronischen Medien ist untersagt. NATURE ET RESIDENCE LOISIRS lehnt jegliche Verantwortung f\u00fcr den Inhalt der Website ab. NATURE ET RESIDENCE LOISIRS lehnt au\u00dferdem jegliche Verantwortung f\u00fcr externe Links ab, die auf diese Website verweisen.<\/p>\n<h2>Pers\u00f6nliche Daten und personenbezogene Daten<\/h2>\n<p>Gem\u00e4\u00df Artikel 34 des Gesetzes \u201eInformatique et Libert\u00e9s\u201c Nr. 78-17 vom 6. Januar 1978, ge\u00e4ndert am 6. August 2004, haben Sie das Recht auf Zugang, \u00c4nderung, Berichtigung und L\u00f6schung der Sie betreffenden Daten Zugriff k\u00f6nnen Sie durch eine einfache schriftliche Anfrage an den Site-Editor erhalten.<\/p>\n<h2>Gesetzgebung<\/h2>\n<p>Gem\u00e4\u00df dem Gesetz vom 11. M\u00e4rz 1957 (Art. 41) und dem Gesetz \u00fcber geistiges Eigentum vom 1. Juli 1992 ist es verboten, Teile der Website ohne vorherige Genehmigung des Herausgebers der Website teilweise oder vollst\u00e4ndig zu reproduzieren. Logos, Bilder, Fotos, Videos, grafische Chartas und Texte sind Eigentum ihrer jeweiligen Eigent\u00fcmer. Diese Website kann ohne ihr Wissen \u00fcber Hypermedia-Links mit anderen Websites verlinkt worden sein. Der Herausgeber der Website lehnt jegliche Verantwortung f\u00fcr die auf diesen anderen Websites pr\u00e4sentierten Informationen ab. Der Internetnutzer erkennt an, dass die Nutzung dieser Website franz\u00f6sischem Recht unterliegt.<\/p>\n<h2><b>Flash-Angebot<\/b><\/h2>\n<p class=\"p1\">Rabatte von bis zu <span class=\"s1\"><b>20 %<\/b><\/span> g\u00fcltig auf all unseren Campingpl\u00e4tzen bis einschlie\u00dflich <span class=\"s1\"><b>02.02.2026<\/b><\/span>, vorbehaltlich der Verf\u00fcgbarkeit. Die Bedingungen variieren je nach Anlage: H\u00f6he des Rabatts, teilnehmende Unterk\u00fcnfte und buchbare Wochen (ausgenommen Hochsaison und\/oder die Woche vom <span class=\"s1\"><b>25.07.<\/b><\/span>, je nach Campingplatz). Angebot nicht kombinierbar und nicht r\u00fcckwirkend g\u00fcltig.<\/p>\n<\/div><\/div>","protected":false},"excerpt":{"rendered":"","protected":false},"author":1,"featured_media":0,"parent":0,"menu_order":0,"comment_status":"closed","ping_status":"closed","template":"","meta":{"_acf_changed":false,"footnotes":""},"class_list":["post-12980","page","type-page","status-publish","hentry"],"acf":[],"yoast_head":"<!-- This site is optimized with the Yoast SEO plugin v27.3 - https:\/\/yoast.com\/product\/yoast-seo-wordpress\/ -->\n<title>Impressum - Camping les Jardins du Morbihan<\/title>\n<meta name=\"robots\" content=\"noindex, nofollow\" \/>\n<meta property=\"og:locale\" content=\"de_DE\" \/>\n<meta property=\"og:type\" content=\"article\" \/>\n<meta property=\"og:title\" content=\"Impressum - Camping les Jardins du Morbihan\" \/>\n<meta property=\"og:url\" content=\"https:\/\/lesjardinsdumorbihan.com\/de\/impressum\/\" \/>\n<meta property=\"og:site_name\" content=\"Camping les Jardins du Morbihan\" \/>\n<meta property=\"article:modified_time\" content=\"2026-01-21T10:27:20+00:00\" \/>\n<meta name=\"twitter:card\" content=\"summary_large_image\" \/>\n<script type=\"application\/ld+json\" class=\"yoast-schema-graph\">{\"@context\":\"https:\\\/\\\/schema.org\",\"@graph\":[{\"@type\":\"WebPage\",\"@id\":\"https:\\\/\\\/lesjardinsdumorbihan.com\\\/de\\\/impressum\\\/\",\"url\":\"https:\\\/\\\/lesjardinsdumorbihan.com\\\/de\\\/impressum\\\/\",\"name\":\"Impressum - Camping les Jardins du Morbihan\",\"isPartOf\":{\"@id\":\"https:\\\/\\\/lesjardinsdumorbihan.com\\\/de\\\/#website\"},\"datePublished\":\"2021-08-24T08:33:49+00:00\",\"dateModified\":\"2026-01-21T10:27:20+00:00\",\"breadcrumb\":{\"@id\":\"https:\\\/\\\/lesjardinsdumorbihan.com\\\/de\\\/impressum\\\/#breadcrumb\"},\"inLanguage\":\"de\",\"potentialAction\":[{\"@type\":\"ReadAction\",\"target\":[\"https:\\\/\\\/lesjardinsdumorbihan.com\\\/de\\\/impressum\\\/\"]}]},{\"@type\":\"BreadcrumbList\",\"@id\":\"https:\\\/\\\/lesjardinsdumorbihan.com\\\/de\\\/impressum\\\/#breadcrumb\",\"itemListElement\":[{\"@type\":\"ListItem\",\"position\":1,\"name\":\"Camping 4 \u00e9toiles Morbihan\",\"item\":\"https:\\\/\\\/lesjardinsdumorbihan.com\\\/de\\\/\"},{\"@type\":\"ListItem\",\"position\":2,\"name\":\"Impressum\"}]},{\"@type\":\"WebSite\",\"@id\":\"https:\\\/\\\/lesjardinsdumorbihan.com\\\/de\\\/#website\",\"url\":\"https:\\\/\\\/lesjardinsdumorbihan.com\\\/de\\\/\",\"name\":\"Camping les Jardins du Morbihan\",\"description\":\"\",\"publisher\":{\"@id\":\"https:\\\/\\\/lesjardinsdumorbihan.com\\\/de\\\/#organization\"},\"potentialAction\":[{\"@type\":\"SearchAction\",\"target\":{\"@type\":\"EntryPoint\",\"urlTemplate\":\"https:\\\/\\\/lesjardinsdumorbihan.com\\\/de\\\/?s={search_term_string}\"},\"query-input\":{\"@type\":\"PropertyValueSpecification\",\"valueRequired\":true,\"valueName\":\"search_term_string\"}}],\"inLanguage\":\"de\"},{\"@type\":\"Organization\",\"@id\":\"https:\\\/\\\/lesjardinsdumorbihan.com\\\/de\\\/#organization\",\"name\":\"Camping les Jardins du Morbihan\",\"url\":\"https:\\\/\\\/lesjardinsdumorbihan.com\\\/de\\\/\",\"logo\":{\"@type\":\"ImageObject\",\"inLanguage\":\"de\",\"@id\":\"https:\\\/\\\/lesjardinsdumorbihan.com\\\/de\\\/#\\\/schema\\\/logo\\\/image\\\/\",\"url\":\"https:\\\/\\\/lesjardinsdumorbihan.com\\\/wp-content\\\/uploads\\\/2022\\\/09\\\/logo_jdm.png\",\"contentUrl\":\"https:\\\/\\\/lesjardinsdumorbihan.com\\\/wp-content\\\/uploads\\\/2022\\\/09\\\/logo_jdm.png\",\"width\":6630,\"height\":2909,\"caption\":\"Camping les Jardins du Morbihan\"},\"image\":{\"@id\":\"https:\\\/\\\/lesjardinsdumorbihan.com\\\/de\\\/#\\\/schema\\\/logo\\\/image\\\/\"}}]}<\/script>\n<!-- \/ Yoast SEO plugin. -->","yoast_head_json":{"title":"Impressum - Camping les Jardins du Morbihan","robots":{"index":"noindex","follow":"nofollow"},"og_locale":"de_DE","og_type":"article","og_title":"Impressum - Camping les Jardins du Morbihan","og_url":"https:\/\/lesjardinsdumorbihan.com\/de\/impressum\/","og_site_name":"Camping les Jardins du Morbihan","article_modified_time":"2026-01-21T10:27:20+00:00","twitter_card":"summary_large_image","schema":{"@context":"https:\/\/schema.org","@graph":[{"@type":"WebPage","@id":"https:\/\/lesjardinsdumorbihan.com\/de\/impressum\/","url":"https:\/\/lesjardinsdumorbihan.com\/de\/impressum\/","name":"Impressum - Camping les Jardins du Morbihan","isPartOf":{"@id":"https:\/\/lesjardinsdumorbihan.com\/de\/#website"},"datePublished":"2021-08-24T08:33:49+00:00","dateModified":"2026-01-21T10:27:20+00:00","breadcrumb":{"@id":"https:\/\/lesjardinsdumorbihan.com\/de\/impressum\/#breadcrumb"},"inLanguage":"de","potentialAction":[{"@type":"ReadAction","target":["https:\/\/lesjardinsdumorbihan.com\/de\/impressum\/"]}]},{"@type":"BreadcrumbList","@id":"https:\/\/lesjardinsdumorbihan.com\/de\/impressum\/#breadcrumb","itemListElement":[{"@type":"ListItem","position":1,"name":"Camping 4 \u00e9toiles Morbihan","item":"https:\/\/lesjardinsdumorbihan.com\/de\/"},{"@type":"ListItem","position":2,"name":"Impressum"}]},{"@type":"WebSite","@id":"https:\/\/lesjardinsdumorbihan.com\/de\/#website","url":"https:\/\/lesjardinsdumorbihan.com\/de\/","name":"Camping les Jardins du Morbihan","description":"","publisher":{"@id":"https:\/\/lesjardinsdumorbihan.com\/de\/#organization"},"potentialAction":[{"@type":"SearchAction","target":{"@type":"EntryPoint","urlTemplate":"https:\/\/lesjardinsdumorbihan.com\/de\/?s={search_term_string}"},"query-input":{"@type":"PropertyValueSpecification","valueRequired":true,"valueName":"search_term_string"}}],"inLanguage":"de"},{"@type":"Organization","@id":"https:\/\/lesjardinsdumorbihan.com\/de\/#organization","name":"Camping les Jardins du Morbihan","url":"https:\/\/lesjardinsdumorbihan.com\/de\/","logo":{"@type":"ImageObject","inLanguage":"de","@id":"https:\/\/lesjardinsdumorbihan.com\/de\/#\/schema\/logo\/image\/","url":"https:\/\/lesjardinsdumorbihan.com\/wp-content\/uploads\/2022\/09\/logo_jdm.png","contentUrl":"https:\/\/lesjardinsdumorbihan.com\/wp-content\/uploads\/2022\/09\/logo_jdm.png","width":6630,"height":2909,"caption":"Camping les Jardins du Morbihan"},"image":{"@id":"https:\/\/lesjardinsdumorbihan.com\/de\/#\/schema\/logo\/image\/"}}]}},"_links":{"self":[{"href":"https:\/\/lesjardinsdumorbihan.com\/de\/wp-json\/wp\/v2\/pages\/12980","targetHints":{"allow":["GET"]}}],"collection":[{"href":"https:\/\/lesjardinsdumorbihan.com\/de\/wp-json\/wp\/v2\/pages"}],"about":[{"href":"https:\/\/lesjardinsdumorbihan.com\/de\/wp-json\/wp\/v2\/types\/page"}],"author":[{"embeddable":true,"href":"https:\/\/lesjardinsdumorbihan.com\/de\/wp-json\/wp\/v2\/users\/1"}],"replies":[{"embeddable":true,"href":"https:\/\/lesjardinsdumorbihan.com\/de\/wp-json\/wp\/v2\/comments?post=12980"}],"version-history":[{"count":3,"href":"https:\/\/lesjardinsdumorbihan.com\/de\/wp-json\/wp\/v2\/pages\/12980\/revisions"}],"predecessor-version":[{"id":14551,"href":"https:\/\/lesjardinsdumorbihan.com\/de\/wp-json\/wp\/v2\/pages\/12980\/revisions\/14551"}],"wp:attachment":[{"href":"https:\/\/lesjardinsdumorbihan.com\/de\/wp-json\/wp\/v2\/media?parent=12980"}],"curies":[{"name":"wp","href":"https:\/\/api.w.org\/{rel}","templated":true}]}}