{"id":12966,"date":"2021-12-22T10:33:49","date_gmt":"2021-12-22T09:33:49","guid":{"rendered":"https:\/\/lesjardinsdumorbihan.com\/parc-aquatique-morbihan\/"},"modified":"2024-06-19T16:07:52","modified_gmt":"2024-06-19T14:07:52","slug":"wasserpark-morbihan","status":"publish","type":"page","link":"https:\/\/lesjardinsdumorbihan.com\/de\/wasserpark-morbihan\/","title":{"rendered":"WASSERPARK"},"content":{"rendered":"<div class=\"bloc-texte full\"><div class=\"texte center\"><p>Um Ihren Urlaub im Golf von Morbihan unvergesslich zu gestalten, w\u00e4hlen Sie einen Campingplatz mit einem wundersch\u00f6nen Badegebiet! Dieser 4-Sterne-Campingplatz in der N\u00e4he von Vannes, Les Jardins du Morbihan, bietet Ihnen eine der sch\u00f6nsten Wasseranlagen der Bretagne.<\/p>\n<\/div><\/div>\n\n<div class=\"text-image-new style1 image-left\"><div class=\"text-image-new-colonne\"><H2 class=\"text-image-new-titre\">Der Wasserbereich des Campingplatzes in Morbihan<\/H2><div class=\"text-image-new-content\"><p>Entdecken Sie einen Bereich, der f\u00fcr das Vergn\u00fcgen aller und bei jedem Wetter konzipiert ist, mit Au\u00dfenpools, einem Innenpool, Rutschenattraktionen und Wellnesseinrichtungen. Etwas, das Sie nach dem Strand genie\u00dfen und Wohlf\u00fchlmomente verbringen k\u00f6nnen!<\/p>\n<ul>\n<li>Beheizte Au\u00dfenpools* und 5 Rutschen (ge\u00f6ffnet vom 15. Juni bis 15. September, je nach Wetterlage)<\/li>\n<li>Beheiztes Hallenbad* (ge\u00f6ffnet von April bis Oktober)<\/li>\n<li>Wellness- und Spa-Bereich (kostenpflichtiger Zugang)<\/li>\n<\/ul>\n<p>Bitte beachten Sie: Das Tragen von Badeanz\u00fcgen ist obligatorisch. Kurze Hosen und lockere Kleidung sind nicht gestattet.<\/p>\n<p>Der Zugang ist den Kunden des Campingplatzes vorbehalten.<br \/>\nDie Schwimmb\u00e4der des Campingplatzes verf\u00fcgen nicht \u00fcber eine Startanlage f\u00fcr Behinderte.<br \/>\n* Innerhalb der Grenzen der Au\u00dfentemperatur und des maximalen Betriebs der Anlagen.<\/p>\n<\/div><p class=\"lire-plus\">Mehr lesen<\/p><div class=\"text-image-new-content-more hide\"><p>In der Bretagne ist das Wetter aufgrund der N\u00e4he zum Meer manchmal wechselhaft. Unabh\u00e4ngig von den Temperaturen garantiert Ihnen unser Campingplatz Morbihan mit Wasserpark die besten Badebedingungen dank seines Schwimmbads, dessen Wasser im Au\u00dfenbereich auf 28 \u00b0C und im \u00fcberdachten Teil auf 29 \u00b0C* erhitzt wird. Im \u00fcberdachten Teil gibt es auch ein Planschbecken mit Spielen f\u00fcr Kinder. Ein idealer Raum f\u00fcr die Kleinen.<\/p>\n<p>Unser Campingplatz in der Bretagne mit Schwimmbad ist einer der sch\u00f6nsten Campingpl\u00e4tze im Morbihan und ein ideales Ziel, wenn Sie die Freuden des Schwimmens mit kleinen Kindern genie\u00dfen m\u00f6chten. Selbst die k\u00fchlsten Urlauber werden mit der Wassertemperatur zufrieden sein und mehr verlangen! Der Wasserpark ist der ideale Ort, um Spa\u00df zu haben und in einer warmen Atmosph\u00e4re zu entspannen! Buchen Sie jetzt Ihren Campingurlaub mit Wasserpark in der S\u00fcdbretagne und genie\u00dfen Sie t\u00e4glich ein entspannendes Bad in den beheizten Schwimmb\u00e4dern.<\/p>\n<\/div><p class=\"lire-moins hide\">Lese weniger<\/p><\/div><div class=\"text-image-new-colonne\"><img decoding=\"async\" src=\"https:\/\/lesjardinsdumorbihan.com\/wp-content\/uploads\/2024\/02\/@L.RANNOU-N\u00b00106-1.jpg\" alt=\"Beheiztes Schwimmbad Morbihan\" class=\"text-image-new-thumb\" \/><\/div><\/div>\n\n<div class=\"text-image-new style1 image-right background-marron\"><div class=\"text-image-new-colonne\"><H2 class=\"text-image-new-titre\">5 Rutschen auf unserem Campingplatz mit Wasserpark in Morbihan<\/H2><div class=\"text-image-new-content\"><p>Wasserrutschen sind bei Teenagern sehr beliebt und bei Kindern sehr beliebt, aber sie sprechen auch Eltern an, die gerne mit ihrer Familie den Freuden der Wasserrutschen fr\u00f6nen. Unser Campingplatz Morbihan mit Wasserpark zeichnet sich durch eine Reihe von Rutschen und Spielen f\u00fcr jedes Alter aus und verspricht abwechslungsreiche Erlebnisse, sowohl f\u00fcr die Kleinsten als auch f\u00fcr Adrenalinliebhaber.<\/p>\n<p>Im Herzen eines bl\u00fchenden und waldreichen Gebiets in der N\u00e4he von Vannes und dem Golf von Morbihan bieten 5 Pisten mehr als 120 Rutschmeter! Abfahrten in 3 Metern und 5 Metern H\u00f6he erm\u00f6glichen es der ganzen Familie, auch den wenigsten Abenteuerlustigen, die Freuden des Rutschens und der Wasserspiele zu genie\u00dfen.<\/p>\n<\/div><p class=\"lire-plus\">Mehr lesen<\/p><div class=\"text-image-new-content-more hide\"><p>Die Rutschen sind rund um das Hauptau\u00dfenbecken und das Planschbecken angeordnet. Unser Campingplatz Morbihan mit Wasserpark ist das ideale Ziel f\u00fcr einen Aufenthalt voller Erlebnisse und einen unvergleichlichen Urlaub!<\/p>\n<\/div><p class=\"lire-moins hide\">Lese weniger<\/p><\/div><div class=\"text-image-new-colonne\"><img decoding=\"async\" src=\"https:\/\/lesjardinsdumorbihan.com\/wp-content\/uploads\/2024\/02\/@L.RANNOU-N\u00b00006.jpg\" alt=\"Campingrutschen Morbihan\" class=\"text-image-new-thumb\" \/><\/div><\/div>\n\n<div class=\"text-image-new style1 image-left\"><div class=\"text-image-new-colonne\"><H2 class=\"text-image-new-titre\">Genie\u00dfen Sie den Wellnessbereich unseres Campingplatzes<\/H2><div class=\"text-image-new-content\"><p>Kostenpflichtiger Zugang \u2013 F\u00fcr Erwachsene reserviert.<\/p>\n<p>Um sich zu entspannen und Ihr Wohlbefinden in den Vordergrund zu stellen, machen Sie einen Abstecher in unser Spa. Unser Wellnessbereich ist ein Entspannungsbereich, der der Ruhe des K\u00f6rpers gewidmet ist. Wir bieten Ihnen Wohlf\u00fchlmomente nach dem Motto \u201eLoslassen, Kraft tanken, zu sich selbst finden\u201c. Momente, in denen Sie endlich auf Ihren K\u00f6rper h\u00f6ren und ihm geben, was er braucht. Eine echte Wohlf\u00fchlpause, die Ihnen Entspannung und Wohlbefinden bringt. Ein sehr angenehmer Moment, den unser Campingplatz bietet.<\/p>\n<\/div><\/div><div class=\"text-image-new-colonne\"><img decoding=\"async\" src=\"https:\/\/lesjardinsdumorbihan.com\/wp-content\/uploads\/2023\/12\/camping-morbihan-avec-spa-et-hammam.jpeg\" alt=\"4-Sterne-Campingplatz mit Spa in Morbihan\" class=\"text-image-new-thumb\" \/><\/div><\/div>\n\n<div class=\"faq\"><H2>Ihre am h\u00e4ufigsten gestellten Fragen<\/H2><div class=\"faq-container one-colonne\"><details itemscope itemprop=\"mainEntity\" itemtype=\"https:\/\/schema.org\/Question\"><summary itemprop=\"name\"><span>Welche Vorteile bietet es, einen Campingplatz im Morbihan mit Wasserpark zu w\u00e4hlen?<\/span><\/summary><div itemscope itemprop=\"acceptedAnswer\" itemtype=\"https:\/\/schema.org\/Answer\"><p>Die Entscheidung f\u00fcr einen Campingplatz im Morbihan mit Wasserpark bietet viele Vorteile. Zus\u00e4tzlich zu komfortablen Unterk\u00fcnften wie unseren Mobilheimvermietungen in Morbihan; Aber auch abwechslungsreiche Aktivit\u00e4ten: Unser Anwesen bietet einen au\u00dfergew\u00f6hnlichen Wasserpark. Sie k\u00f6nnen Wasseraktivit\u00e4ten genie\u00dfen, ohne den Campingplatz verlassen zu m\u00fcssen, und so ein umfassendes und unterhaltsames Urlaubserlebnis f\u00fcr die ganze Familie bieten.<\/p>\n<\/div><\/details><details itemscope itemprop=\"mainEntity\" itemtype=\"https:\/\/schema.org\/Question\"><summary itemprop=\"name\"><span>Welche Wasseranlagen gibt es auf Ihrem Campingplatz in der Bretagne?<\/span><\/summary><div itemscope itemprop=\"acceptedAnswer\" itemtype=\"https:\/\/schema.org\/Answer\"><p>Unser Campingplatz in Morbihan bietet ein beheiztes Freibad mit 5 Rutschen, ein beheiztes Hallenbad sowie einen Wellnessbereich zum Entspannen. Sie k\u00f6nnen die Freuden des Wassers in vollen Z\u00fcgen genie\u00dfen, sei es zum Spa\u00df mit der Familie oder zum Entspannen in v\u00f6lliger Ruhe.<\/p>\n<\/div><\/details><details itemscope itemprop=\"mainEntity\" itemtype=\"https:\/\/schema.org\/Question\"><summary itemprop=\"name\"><span>Welche Regeln gelten im Wasserpark?<\/span><\/summary><div itemscope itemprop=\"acceptedAnswer\" itemtype=\"https:\/\/schema.org\/Answer\"><p>Der Zugang zum Wasserpark ist ausschlie\u00dflich den G\u00e4sten des Campingplatzes vorbehalten. Dar\u00fcber hinaus besteht in unseren Wasseranlagen Badepflicht. Aus Hygiene- und Sicherheitsgr\u00fcnden sind kurze Hosen und weite Kleidung nicht gestattet.<\/p>\n<\/div><\/details><\/div><\/div>","protected":false},"excerpt":{"rendered":"","protected":false},"author":1,"featured_media":12968,"parent":0,"menu_order":0,"comment_status":"closed","ping_status":"closed","template":"","meta":{"_acf_changed":false,"footnotes":""},"class_list":["post-12966","page","type-page","status-publish","has-post-thumbnail","hentry"],"acf":[],"yoast_head":"<!-- This site is optimized with the Yoast SEO plugin v27.3 - https:\/\/yoast.com\/product\/yoast-seo-wordpress\/ -->\n<title>Wasserpark Camping Morbihan: 5 Rutschen, Schwimmbecken und Wasserspiele<\/title>\n<meta name=\"description\" content=\"Genie\u00dfen Sie den Wasserpark auf dem Campingplatz Jardins du Morbihan in Morbihan. Viel Spa\u00df mit den Rutschen und beheizten Innenpools.\" \/>\n<meta name=\"robots\" content=\"index, follow, max-snippet:-1, max-image-preview:large, max-video-preview:-1\" \/>\n<link rel=\"canonical\" href=\"https:\/\/lesjardinsdumorbihan.com\/de\/wasserpark-morbihan\/\" \/>\n<meta property=\"og:locale\" content=\"de_DE\" \/>\n<meta property=\"og:type\" content=\"article\" \/>\n<meta property=\"og:title\" content=\"Wasserpark Camping Morbihan: 5 Rutschen, Schwimmbecken und Wasserspiele\" \/>\n<meta property=\"og:description\" content=\"Genie\u00dfen Sie den Wasserpark auf dem Campingplatz Jardins du Morbihan in Morbihan. Viel Spa\u00df mit den Rutschen und beheizten Innenpools.\" \/>\n<meta property=\"og:url\" content=\"https:\/\/lesjardinsdumorbihan.com\/de\/wasserpark-morbihan\/\" \/>\n<meta property=\"og:site_name\" content=\"Camping les Jardins du Morbihan\" \/>\n<meta property=\"article:modified_time\" content=\"2024-06-19T14:07:52+00:00\" \/>\n<meta property=\"og:image\" content=\"https:\/\/lesjardinsdumorbihan.com\/wp-content\/uploads\/2024\/02\/@L.RANNOU-N\u00b00028.jpg\" \/>\n\t<meta property=\"og:image:width\" content=\"1638\" \/>\n\t<meta property=\"og:image:height\" content=\"1093\" \/>\n\t<meta property=\"og:image:type\" content=\"image\/jpeg\" \/>\n<meta name=\"twitter:card\" content=\"summary_large_image\" \/>\n<meta name=\"twitter:label1\" content=\"Gesch\u00e4tzte Lesezeit\" \/>\n\t<meta name=\"twitter:data1\" content=\"1\u00a0Minute\" \/>\n<script type=\"application\/ld+json\" class=\"yoast-schema-graph\">{\"@context\":\"https:\\\/\\\/schema.org\",\"@graph\":[{\"@type\":\"WebPage\",\"@id\":\"https:\\\/\\\/lesjardinsdumorbihan.com\\\/de\\\/wasserpark-morbihan\\\/\",\"url\":\"https:\\\/\\\/lesjardinsdumorbihan.com\\\/de\\\/wasserpark-morbihan\\\/\",\"name\":\"Wasserpark Camping Morbihan: 5 Rutschen, Schwimmbecken und Wasserspiele\",\"isPartOf\":{\"@id\":\"https:\\\/\\\/lesjardinsdumorbihan.com\\\/de\\\/#website\"},\"primaryImageOfPage\":{\"@id\":\"https:\\\/\\\/lesjardinsdumorbihan.com\\\/de\\\/wasserpark-morbihan\\\/#primaryimage\"},\"image\":{\"@id\":\"https:\\\/\\\/lesjardinsdumorbihan.com\\\/de\\\/wasserpark-morbihan\\\/#primaryimage\"},\"thumbnailUrl\":\"https:\\\/\\\/lesjardinsdumorbihan.com\\\/wp-content\\\/uploads\\\/2024\\\/02\\\/@L.RANNOU-N\u00b00028.jpg\",\"datePublished\":\"2021-12-22T09:33:49+00:00\",\"dateModified\":\"2024-06-19T14:07:52+00:00\",\"description\":\"Genie\u00dfen Sie den Wasserpark auf dem Campingplatz Jardins du Morbihan in Morbihan. Viel Spa\u00df mit den Rutschen und beheizten Innenpools.\",\"breadcrumb\":{\"@id\":\"https:\\\/\\\/lesjardinsdumorbihan.com\\\/de\\\/wasserpark-morbihan\\\/#breadcrumb\"},\"inLanguage\":\"de\",\"potentialAction\":[{\"@type\":\"ReadAction\",\"target\":[\"https:\\\/\\\/lesjardinsdumorbihan.com\\\/de\\\/wasserpark-morbihan\\\/\"]}]},{\"@type\":\"ImageObject\",\"inLanguage\":\"de\",\"@id\":\"https:\\\/\\\/lesjardinsdumorbihan.com\\\/de\\\/wasserpark-morbihan\\\/#primaryimage\",\"url\":\"https:\\\/\\\/lesjardinsdumorbihan.com\\\/wp-content\\\/uploads\\\/2024\\\/02\\\/@L.RANNOU-N\u00b00028.jpg\",\"contentUrl\":\"https:\\\/\\\/lesjardinsdumorbihan.com\\\/wp-content\\\/uploads\\\/2024\\\/02\\\/@L.RANNOU-N\u00b00028.jpg\",\"width\":1638,\"height\":1093},{\"@type\":\"BreadcrumbList\",\"@id\":\"https:\\\/\\\/lesjardinsdumorbihan.com\\\/de\\\/wasserpark-morbihan\\\/#breadcrumb\",\"itemListElement\":[{\"@type\":\"ListItem\",\"position\":1,\"name\":\"Camping 4 \u00e9toiles Morbihan\",\"item\":\"https:\\\/\\\/lesjardinsdumorbihan.com\\\/de\\\/\"},{\"@type\":\"ListItem\",\"position\":2,\"name\":\"Campingplatz in Morbihan mit Wasserpark\"}]},{\"@type\":\"WebSite\",\"@id\":\"https:\\\/\\\/lesjardinsdumorbihan.com\\\/de\\\/#website\",\"url\":\"https:\\\/\\\/lesjardinsdumorbihan.com\\\/de\\\/\",\"name\":\"Camping les Jardins du Morbihan\",\"description\":\"\",\"publisher\":{\"@id\":\"https:\\\/\\\/lesjardinsdumorbihan.com\\\/de\\\/#organization\"},\"potentialAction\":[{\"@type\":\"SearchAction\",\"target\":{\"@type\":\"EntryPoint\",\"urlTemplate\":\"https:\\\/\\\/lesjardinsdumorbihan.com\\\/de\\\/?s={search_term_string}\"},\"query-input\":{\"@type\":\"PropertyValueSpecification\",\"valueRequired\":true,\"valueName\":\"search_term_string\"}}],\"inLanguage\":\"de\"},{\"@type\":\"Organization\",\"@id\":\"https:\\\/\\\/lesjardinsdumorbihan.com\\\/de\\\/#organization\",\"name\":\"Camping les Jardins du Morbihan\",\"url\":\"https:\\\/\\\/lesjardinsdumorbihan.com\\\/de\\\/\",\"logo\":{\"@type\":\"ImageObject\",\"inLanguage\":\"de\",\"@id\":\"https:\\\/\\\/lesjardinsdumorbihan.com\\\/de\\\/#\\\/schema\\\/logo\\\/image\\\/\",\"url\":\"https:\\\/\\\/lesjardinsdumorbihan.com\\\/wp-content\\\/uploads\\\/2022\\\/09\\\/logo_jdm.png\",\"contentUrl\":\"https:\\\/\\\/lesjardinsdumorbihan.com\\\/wp-content\\\/uploads\\\/2022\\\/09\\\/logo_jdm.png\",\"width\":6630,\"height\":2909,\"caption\":\"Camping les Jardins du Morbihan\"},\"image\":{\"@id\":\"https:\\\/\\\/lesjardinsdumorbihan.com\\\/de\\\/#\\\/schema\\\/logo\\\/image\\\/\"}}]}<\/script>\n<!-- \/ Yoast SEO plugin. -->","yoast_head_json":{"title":"Wasserpark Camping Morbihan: 5 Rutschen, Schwimmbecken und Wasserspiele","description":"Genie\u00dfen Sie den Wasserpark auf dem Campingplatz Jardins du Morbihan in Morbihan. Viel Spa\u00df mit den Rutschen und beheizten Innenpools.","robots":{"index":"index","follow":"follow","max-snippet":"max-snippet:-1","max-image-preview":"max-image-preview:large","max-video-preview":"max-video-preview:-1"},"canonical":"https:\/\/lesjardinsdumorbihan.com\/de\/wasserpark-morbihan\/","og_locale":"de_DE","og_type":"article","og_title":"Wasserpark Camping Morbihan: 5 Rutschen, Schwimmbecken und Wasserspiele","og_description":"Genie\u00dfen Sie den Wasserpark auf dem Campingplatz Jardins du Morbihan in Morbihan. Viel Spa\u00df mit den Rutschen und beheizten Innenpools.","og_url":"https:\/\/lesjardinsdumorbihan.com\/de\/wasserpark-morbihan\/","og_site_name":"Camping les Jardins du Morbihan","article_modified_time":"2024-06-19T14:07:52+00:00","og_image":[{"width":1638,"height":1093,"url":"https:\/\/lesjardinsdumorbihan.com\/wp-content\/uploads\/2024\/02\/@L.RANNOU-N\u00b00028.jpg","type":"image\/jpeg"}],"twitter_card":"summary_large_image","twitter_misc":{"Gesch\u00e4tzte Lesezeit":"1\u00a0Minute"},"schema":{"@context":"https:\/\/schema.org","@graph":[{"@type":"WebPage","@id":"https:\/\/lesjardinsdumorbihan.com\/de\/wasserpark-morbihan\/","url":"https:\/\/lesjardinsdumorbihan.com\/de\/wasserpark-morbihan\/","name":"Wasserpark Camping Morbihan: 5 Rutschen, Schwimmbecken und Wasserspiele","isPartOf":{"@id":"https:\/\/lesjardinsdumorbihan.com\/de\/#website"},"primaryImageOfPage":{"@id":"https:\/\/lesjardinsdumorbihan.com\/de\/wasserpark-morbihan\/#primaryimage"},"image":{"@id":"https:\/\/lesjardinsdumorbihan.com\/de\/wasserpark-morbihan\/#primaryimage"},"thumbnailUrl":"https:\/\/lesjardinsdumorbihan.com\/wp-content\/uploads\/2024\/02\/@L.RANNOU-N\u00b00028.jpg","datePublished":"2021-12-22T09:33:49+00:00","dateModified":"2024-06-19T14:07:52+00:00","description":"Genie\u00dfen Sie den Wasserpark auf dem Campingplatz Jardins du Morbihan in Morbihan. Viel Spa\u00df mit den Rutschen und beheizten Innenpools.","breadcrumb":{"@id":"https:\/\/lesjardinsdumorbihan.com\/de\/wasserpark-morbihan\/#breadcrumb"},"inLanguage":"de","potentialAction":[{"@type":"ReadAction","target":["https:\/\/lesjardinsdumorbihan.com\/de\/wasserpark-morbihan\/"]}]},{"@type":"ImageObject","inLanguage":"de","@id":"https:\/\/lesjardinsdumorbihan.com\/de\/wasserpark-morbihan\/#primaryimage","url":"https:\/\/lesjardinsdumorbihan.com\/wp-content\/uploads\/2024\/02\/@L.RANNOU-N\u00b00028.jpg","contentUrl":"https:\/\/lesjardinsdumorbihan.com\/wp-content\/uploads\/2024\/02\/@L.RANNOU-N\u00b00028.jpg","width":1638,"height":1093},{"@type":"BreadcrumbList","@id":"https:\/\/lesjardinsdumorbihan.com\/de\/wasserpark-morbihan\/#breadcrumb","itemListElement":[{"@type":"ListItem","position":1,"name":"Camping 4 \u00e9toiles Morbihan","item":"https:\/\/lesjardinsdumorbihan.com\/de\/"},{"@type":"ListItem","position":2,"name":"Campingplatz in Morbihan mit Wasserpark"}]},{"@type":"WebSite","@id":"https:\/\/lesjardinsdumorbihan.com\/de\/#website","url":"https:\/\/lesjardinsdumorbihan.com\/de\/","name":"Camping les Jardins du Morbihan","description":"","publisher":{"@id":"https:\/\/lesjardinsdumorbihan.com\/de\/#organization"},"potentialAction":[{"@type":"SearchAction","target":{"@type":"EntryPoint","urlTemplate":"https:\/\/lesjardinsdumorbihan.com\/de\/?s={search_term_string}"},"query-input":{"@type":"PropertyValueSpecification","valueRequired":true,"valueName":"search_term_string"}}],"inLanguage":"de"},{"@type":"Organization","@id":"https:\/\/lesjardinsdumorbihan.com\/de\/#organization","name":"Camping les Jardins du Morbihan","url":"https:\/\/lesjardinsdumorbihan.com\/de\/","logo":{"@type":"ImageObject","inLanguage":"de","@id":"https:\/\/lesjardinsdumorbihan.com\/de\/#\/schema\/logo\/image\/","url":"https:\/\/lesjardinsdumorbihan.com\/wp-content\/uploads\/2022\/09\/logo_jdm.png","contentUrl":"https:\/\/lesjardinsdumorbihan.com\/wp-content\/uploads\/2022\/09\/logo_jdm.png","width":6630,"height":2909,"caption":"Camping les Jardins du Morbihan"},"image":{"@id":"https:\/\/lesjardinsdumorbihan.com\/de\/#\/schema\/logo\/image\/"}}]}},"_links":{"self":[{"href":"https:\/\/lesjardinsdumorbihan.com\/de\/wp-json\/wp\/v2\/pages\/12966","targetHints":{"allow":["GET"]}}],"collection":[{"href":"https:\/\/lesjardinsdumorbihan.com\/de\/wp-json\/wp\/v2\/pages"}],"about":[{"href":"https:\/\/lesjardinsdumorbihan.com\/de\/wp-json\/wp\/v2\/types\/page"}],"author":[{"embeddable":true,"href":"https:\/\/lesjardinsdumorbihan.com\/de\/wp-json\/wp\/v2\/users\/1"}],"replies":[{"embeddable":true,"href":"https:\/\/lesjardinsdumorbihan.com\/de\/wp-json\/wp\/v2\/comments?post=12966"}],"version-history":[{"count":2,"href":"https:\/\/lesjardinsdumorbihan.com\/de\/wp-json\/wp\/v2\/pages\/12966\/revisions"}],"predecessor-version":[{"id":12977,"href":"https:\/\/lesjardinsdumorbihan.com\/de\/wp-json\/wp\/v2\/pages\/12966\/revisions\/12977"}],"wp:featuredmedia":[{"embeddable":true,"href":"https:\/\/lesjardinsdumorbihan.com\/de\/wp-json\/wp\/v2\/media\/12968"}],"wp:attachment":[{"href":"https:\/\/lesjardinsdumorbihan.com\/de\/wp-json\/wp\/v2\/media?parent=12966"}],"curies":[{"name":"wp","href":"https:\/\/api.w.org\/{rel}","templated":true}]}}