{"id":12912,"date":"2023-05-25T17:56:29","date_gmt":"2023-05-25T15:56:29","guid":{"rendered":"https:\/\/lesjardinsdumorbihan.com\/reglement-jeu-2023\/"},"modified":"2024-06-19T15:25:07","modified_gmt":"2024-06-19T13:25:07","slug":"spielordnung-2023","status":"publish","type":"page","link":"https:\/\/lesjardinsdumorbihan.com\/de\/spielordnung-2023\/","title":{"rendered":"Wettbewerbsregeln 2023"},"content":{"rendered":"<div class=\"bloc-texte full\"><div class=\"texte center\"><p><strong>SPIELREGELN<\/strong><\/p>\n<p>\u201eEin einw\u00f6chiger Aufenthalt f\u00fcr 5 Personen auf dem Camping Les Jardins du Morbihan\u201c<\/p>\n<p><strong>ARTIKEL 1: ORGANISIERENDES UNTERNEHMEN<\/strong><\/p>\n<p>Das Unternehmen NATURE ET RESIDENCE LOISIRS mit einem Kapital von 10.000 \u20ac, eingetragen bei der R.C.S Bayonne unter der Nummer 889 627 972, mit Hauptsitz in 34b route de Pitoys 64600 ANGLET, Frankreich (im Folgenden \u201everanstaltendes Unternehmen\u201c) veranstaltet ein kostenloses Spiel ohne Kaufverpflichtung (im Folgenden das \u201eSpiel\u201c). Das Spiel findet von Freitag, 17. November 2023, 11 Uhr bis Sonntag, 10. Dezember 2023, 23:59 Uhr statt. Der Zweck dieser Bestimmungen besteht darin, die Rechte und Pflichten des Veranstalters und des Teilnehmers am Spiel festzulegen.<\/p>\n<p><strong>ARTIKEL 2: ZUG\u00c4NGLICHKEIT DES SPIELS<\/strong><\/p>\n<p>Die Teilnahme am Spiel steht jedem offen, unabh\u00e4ngig von seinem Wohnort. Der Zweck des Spiels besteht darin, unter den unten beschriebenen Bedingungen einen Gewinner zu ermitteln.<\/p>\n<p><strong>ARTIKEL 3: ANNAHME DER VERORDNUNG<\/strong><\/p>\n<p>Die Teilnahme am Spiel setzt voraus, dass der Teilnehmer diese Regeln und die Grunds\u00e4tze des Spiels vorbehaltlos akzeptiert. Jeder Versto\u00df gegen einen oder mehrere Artikel dieser Regeln wird von der M\u00f6glichkeit der Teilnahme am gew\u00e4hlten Spiel ausgeschlossen von dem Preis, den er m\u00f6glicherweise h\u00e4tte gewinnen k\u00f6nnen. Der Preis wird ihm nicht verliehen. Der Gewinner muss akzeptieren, dass seine Identit\u00e4t ver\u00f6ffentlicht wird, ohne dass er eine Entsch\u00e4digung verlangen oder sich dagegen wehren kann. Diese Bestimmungen sind auf dem Instagram-Konto, auf dem das Spiel angek\u00fcndigt wird, unter folgendem Link verf\u00fcgbar: https:\/\/www.instagram.com\/nature_et_residence_loisirs\/<\/p>\n<p><strong>ARTIKEL 4: TEILNAHMEBEDINGUNGEN<\/strong><\/p>\n<p>Die Teilnahme am Spiel steht jeder vollj\u00e4hrigen und voll gesch\u00e4ftsf\u00e4higen nat\u00fcrlichen Person offen. Mitarbeiter des Unternehmens, die an der Organisation, F\u00f6rderung und\/oder Fertigstellung des Unternehmens mitgewirkt haben, sowie deren Familienangeh\u00f6rige (Ehepartner, Vorfahren, Nachkommen, Br\u00fcder und Schwestern) k\u00f6nnen an dieser Aktion nicht teilnehmen.<\/p>\n<p><strong>ARTIKEL 5: GRUNDS\u00c4TZE UND BEDINGUNGEN DES SPIELS<\/strong><\/p>\n<p><strong>ARTIKEL 5.1: Grunds\u00e4tze<\/strong><\/p>\n<p>W\u00e4hrend der Dauer des Spiels erfolgt die Teilnahme \u00fcber die folgenden Instagram-Konten \u201e@nature_et_residence_loisirs\u201c und \u201e@les_jardins_du_morbihan\u201c. Eine Anmeldung per Telefon, Post oder E-Mail kann daher nicht ber\u00fccksichtigt werden. Die Teilnahme am Spiel setzt selbstverst\u00e4ndlich eine verantwortungsvolle und w\u00fcrdevolle Haltung voraus, die absoluten Respekt gegen\u00fcber anderen Spielern und den Regeln zum Ausdruck bringt. Der Teilnehmer verpflichtet sich, sicherzustellen, dass der Titel seines Pseudonyms oder des eingereichten Vorschlags in keiner Weise Rechte Dritter verletzt, rechtswidrig, weder rassistisch, noch antisemitisch, noch fremdenfeindlich, noch verleumderisch oder gegen die guten Sitten versto\u00dfend ist . und stellt keine Bedrohung f\u00fcr Dritte dar.<\/p>\n<p><strong>ARTIKEL 5.2: Modalit\u00e4t des Spiels<\/strong><\/p>\n<p>Das Spiel ist in zwei Phasen aufgebaut.<\/p>\n<p>Schritt 1: Um an der Verlosung teilzunehmen, muss der Teilnehmer den Instagram-Konten \u201e@nature_et_residence_loisirs\u201c und \u201e@les_jardins_du_morbihan\u201c folgen.<\/p>\n<p>Schritt 2: Der Teilnehmer muss den auf dem Konto ver\u00f6ffentlichten Beitrag kumulativ liken und kommentieren, indem er die Person(en), mit der er reisen m\u00f6chte, \u201emarkiert\u201c.<\/p>\n<p>Der Teilnehmer wird in die Auslosungsliste aufgenommen.<\/p>\n<p>Der Teilnehmer kann seine Gewinnchancen erh\u00f6hen, indem er den Beitrag ab seiner Erstregistrierung mehrmals kommentiert, sofern er den Beitrag erneut kommentiert und pro Kommentar eine andere Person angibt: Ein zus\u00e4tzlicher Kommentar mit einem anderen Tag wird als a gewertet neue Beteiligung. Jeder Teilnehmer kann ohne Teilnahmebeschr\u00e4nkung teilnehmen, sofern er die Bedingungen des Wettbewerbs respektiert. Aus der Auslosung wird es einen Gewinner geben. Durch die Teilnahme am Spiel akzeptiert der Teilnehmer die Spielregeln.<\/p>\n<p>Anmeldeschluss ist Sonntag, 10. Dezember 2023, 23:59 Uhr. Ma\u00dfgeblich ist ausschlie\u00dflich die Zeit des IT-Systems des veranstaltenden Unternehmens.<\/p>\n<p>Das veranstaltende Unternehmen beh\u00e4lt sich das Recht vor, die Kontaktdaten und die Echtheit des Gewinners zu \u00fcberpr\u00fcfen. Jede Verf\u00e4lschung f\u00fchrt zum Ausschluss des Teilnehmers und\/oder Gewinners.<\/p>\n<p>Die Verlosung wird mithilfe einer Zufallsauswahl-Computeranwendung organisiert und findet am Montag, 11. Dezember, um 11 Uhr statt. Der Gewinner muss alle Bedingungen des Spiels erf\u00fcllt haben, um der Gewinner zu sein. Sollte dies bei der ersten Ziehung nicht der Fall sein, beh\u00e4lt sich das veranstaltende Unternehmen das Recht vor, die Ziehung erneut durchzuf\u00fchren, bis der Teilnehmer alle Kriterien erf\u00fcllt. Das Ergebnis wird noch am selben Tag auf den Instagram-Accounts \u201e@nature_et_residence_loisirs\u201c und \u201e@les_jardins_du_morbihan\u201c unter Nennung des Gewinner-Accounts ver\u00f6ffentlicht.<\/p>\n<p>Der Gewinner wird vom veranstaltenden Unternehmen per privater Instagram-Nachricht kontaktiert und gebeten, innerhalb von 7 Tagen nach der Benennung des Gewinners seinen Namen, Vornamen, sein Geburtsdatum, seine E-Mail-Adresse und seine Postanschrift mitzuteilen Es wird davon ausgegangen, dass alle Teilnehmer ihren Preis verloren haben und es wird kein neuer Gewinner f\u00fcr diesen Preis bestimmt.<\/p>\n<p>Sollte der Gewinner die Annahme seines Preises verweigern, muss er dies dem veranstaltenden Unternehmen per E-Mail mitteilen. Reklamationen werden nicht akzeptiert und unter keinen Umst\u00e4nden wird der Gegenwert des Geldgeschenks verlangt.<\/p>\n<p><strong>ARTIKEL 6: PERSONAL<\/strong><\/p>\n<p>Das veranstaltende Unternehmen plant, den Gewinner auszuzeichnen:<\/p>\n<p>ein einw\u00f6chiger Aufenthalt f\u00fcr 5 Personen in einem Lodge-Zelt oder Mobilheim auf dem Campingplatz Les Jardins du Morbihan (5 rue Kersimon \u2013 56250 Monterblanc) in der Bretagne, g\u00fcltig vom 04.01.2024 bis 31.10.2024, je nach Verf\u00fcgbarkeit und au\u00dfer Juli und August.<\/p>\n<p>Der Preis, um den es geht, betrifft nur die Unterkunft. Kosten f\u00fcr die Anreise zum Zielort, Verpflegungskosten, Transferkosten usw. gehen zu Lasten des Gewinners.<\/p>\n<p>Um seinen Aufenthalt zu reservieren, muss der Gewinner das Unternehmen per E-Mail lesjardinsdumorbihan@natureetresidenceloisirs.com oder telefonisch unter 02 97 44 66 06 kontaktieren.<\/p>\n<p>Jeder Preis ist personengebunden, nicht vermarktbar und kann nicht an einen oder mehrere Dritte vergeben oder \u00fcbertragen werden. Sie k\u00f6nnen weder zu Streitigkeiten noch zu einer R\u00fcckerstattung des Gegenwerts in bar oder zu Umtausch oder Ersatz f\u00fchren.<\/p>\n<p>Der Gewinner erm\u00e4chtigt das veranstaltende Unternehmen, seinen Vor- und Nachnamen bei Werbe- und Verkaufsf\u00f6rderungsveranstaltungen zu verwenden, ohne dass aus dieser Verwendung andere Rechte oder Verg\u00fctungen als der gewonnene Preis entstehen. Sollten die Kontaktdaten des Gewinners unbrauchbar, insbesondere unleserlich, unvollst\u00e4ndig, unrichtig, verf\u00e4lscht sein oder nicht den Teilnahmebedingungen dieser Teilnahmebedingungen entsprechen, verliert dieser den Anspruch auf seinen Gewinn. Das veranstaltende Unternehmen lehnt ausdr\u00fccklich jegliche Haftung f\u00fcr Zwischenf\u00e4lle oder Sch\u00e4den jeglicher Art ab, die sich aus der Nutzung des verliehenen Preises und\/oder seiner Nutzung ergeben k\u00f6nnten, was der Gewinner ausdr\u00fccklich anerkennt.<\/p>\n<p><strong>ARTIKEL 7: TEILNAHMEFREI<\/strong><\/p>\n<p>Von den Teilnehmern werden aufgrund ihrer Teilnahme keine finanziellen Entsch\u00e4digungen oder Aufwendungen in welcher Form auch immer verlangt.<\/p>\n<p><strong>ARTIKEL 8: RECHTE AN IHREN PERSONENBEZOGENEN DATEN<\/strong><\/p>\n<p>Gem\u00e4\u00df dem Gesetz \u201eInformatique et Libert\u00e9s\u201c haben Sie das Recht auf Zugang, \u00c4nderung, Berichtigung und L\u00f6schung Ihrer personenbezogenen Daten. Sie k\u00f6nnen dieses Recht aus\u00fcben, indem Sie einen Brief an Nature et R\u00e9sidence Loisirs, 34b route de Pitoys, 64600 Anglet senden.<\/p>\n<p><strong>ARTIKEL 9: HAFTUNG<\/strong><\/p>\n<p>Sollte es im Falle h\u00f6herer Gewalt erforderlich sein, das Spiel abzusagen, zu verk\u00fcrzen, zu verl\u00e4ngern, zu verschieben oder die Bedingungen zu \u00e4ndern, kann der Veranstalter hierf\u00fcr keine Haftung \u00fcbernehmen. In jedem Fall beh\u00e4lt sie sich das Recht vor, den Teilnahmezeitraum zu verl\u00e4ngern.<\/p>\n<p>Diese \u00c4nderungen unterliegen jedoch der vorherigen Information mit allen geeigneten Mitteln. Insbesondere lehnt das veranstaltende Unternehmen jegliche Verantwortung f\u00fcr den Fall ab, dass die Instagram-Seite w\u00e4hrend der Dauer des Spiels nicht verf\u00fcgbar ist oder dass die von den Teilnehmern bereitgestellten Informationen aufgrund externer Ursachen zerst\u00f6rt werden.<\/p>\n<p><strong>ARTIKEL 10: BEWEISVEREINBARUNG<\/strong><\/p>\n<p>Es wird ausdr\u00fccklich vereinbart, dass die in den Informationssystemen des Veranstalters enthaltenen Daten, vorbehaltlich offensichtlicher Irrt\u00fcmer, Beweiskraft hinsichtlich der Verbindungselemente und der aus der Auslosung im Zusammenhang mit dem Spiel resultierenden Informationen haben.<\/p>\n<p><strong>ARTIKEL 11: ANWENDBARES RECHT \u2013 STREITIGKEITEN<\/strong><\/p>\n<p>Diese Regelungen unterliegen franz\u00f6sischem Recht.<\/p>\n<p>Alle Streitigkeiten im Zusammenhang mit dem Spiel m\u00fcssen auf schriftliche Anfrage an folgende Adresse gerichtet werden: Nature et R\u00e9sidence Loisirs \u2013 34b route de Pitoys, 64600 Anglet \u2013 sp\u00e4testens zehn Tage nach Ablauf der Frist f\u00fcr die Teilnahme am Spiel Bei Anwendung dieser Vorschriften unterliegt die Streitigkeit der souver\u00e4nen Beurteilung des Pariser Obergerichts.<\/p>\n<\/div><\/div>","protected":false},"excerpt":{"rendered":"","protected":false},"author":1,"featured_media":12913,"parent":0,"menu_order":0,"comment_status":"closed","ping_status":"closed","template":"","meta":{"_acf_changed":false,"footnotes":""},"class_list":["post-12912","page","type-page","status-publish","has-post-thumbnail","hentry"],"acf":[],"yoast_head":"<!-- This site is optimized with the Yoast SEO plugin v27.3 - https:\/\/yoast.com\/product\/yoast-seo-wordpress\/ -->\n<title>Wettbewerbsregeln 2023 - Camping les Jardins du Morbihan<\/title>\n<meta name=\"robots\" content=\"index, follow, max-snippet:-1, max-image-preview:large, max-video-preview:-1\" \/>\n<link rel=\"canonical\" href=\"https:\/\/lesjardinsdumorbihan.com\/de\/spielordnung-2023\/\" \/>\n<meta property=\"og:locale\" content=\"de_DE\" \/>\n<meta property=\"og:type\" content=\"article\" \/>\n<meta property=\"og:title\" content=\"Wettbewerbsregeln 2023 - Camping les Jardins du Morbihan\" \/>\n<meta property=\"og:url\" content=\"https:\/\/lesjardinsdumorbihan.com\/de\/spielordnung-2023\/\" \/>\n<meta property=\"og:site_name\" content=\"Camping les Jardins du Morbihan\" \/>\n<meta property=\"article:modified_time\" content=\"2024-06-19T13:25:07+00:00\" \/>\n<meta property=\"og:image\" content=\"https:\/\/lesjardinsdumorbihan.com\/wp-content\/uploads\/2023\/11\/@L.RANNOU-N\u00b00025.jpg\" \/>\n\t<meta property=\"og:image:width\" content=\"1\" \/>\n\t<meta property=\"og:image:height\" content=\"1\" \/>\n\t<meta property=\"og:image:type\" content=\"image\/jpeg\" \/>\n<meta name=\"twitter:card\" content=\"summary_large_image\" \/>\n<meta name=\"twitter:label1\" content=\"Gesch\u00e4tzte Lesezeit\" \/>\n\t<meta name=\"twitter:data1\" content=\"1\u00a0Minute\" \/>\n<script type=\"application\/ld+json\" class=\"yoast-schema-graph\">{\"@context\":\"https:\\\/\\\/schema.org\",\"@graph\":[{\"@type\":\"WebPage\",\"@id\":\"https:\\\/\\\/lesjardinsdumorbihan.com\\\/de\\\/spielordnung-2023\\\/\",\"url\":\"https:\\\/\\\/lesjardinsdumorbihan.com\\\/de\\\/spielordnung-2023\\\/\",\"name\":\"Wettbewerbsregeln 2023 - Camping les Jardins du Morbihan\",\"isPartOf\":{\"@id\":\"https:\\\/\\\/lesjardinsdumorbihan.com\\\/de\\\/#website\"},\"primaryImageOfPage\":{\"@id\":\"https:\\\/\\\/lesjardinsdumorbihan.com\\\/de\\\/spielordnung-2023\\\/#primaryimage\"},\"image\":{\"@id\":\"https:\\\/\\\/lesjardinsdumorbihan.com\\\/de\\\/spielordnung-2023\\\/#primaryimage\"},\"thumbnailUrl\":\"https:\\\/\\\/lesjardinsdumorbihan.com\\\/wp-content\\\/uploads\\\/2023\\\/11\\\/@L.RANNOU-N\u00b00025.jpg\",\"datePublished\":\"2023-05-25T15:56:29+00:00\",\"dateModified\":\"2024-06-19T13:25:07+00:00\",\"breadcrumb\":{\"@id\":\"https:\\\/\\\/lesjardinsdumorbihan.com\\\/de\\\/spielordnung-2023\\\/#breadcrumb\"},\"inLanguage\":\"de\",\"potentialAction\":[{\"@type\":\"ReadAction\",\"target\":[\"https:\\\/\\\/lesjardinsdumorbihan.com\\\/de\\\/spielordnung-2023\\\/\"]}]},{\"@type\":\"ImageObject\",\"inLanguage\":\"de\",\"@id\":\"https:\\\/\\\/lesjardinsdumorbihan.com\\\/de\\\/spielordnung-2023\\\/#primaryimage\",\"url\":\"https:\\\/\\\/lesjardinsdumorbihan.com\\\/wp-content\\\/uploads\\\/2023\\\/11\\\/@L.RANNOU-N\u00b00025.jpg\",\"contentUrl\":\"https:\\\/\\\/lesjardinsdumorbihan.com\\\/wp-content\\\/uploads\\\/2023\\\/11\\\/@L.RANNOU-N\u00b00025.jpg\"},{\"@type\":\"BreadcrumbList\",\"@id\":\"https:\\\/\\\/lesjardinsdumorbihan.com\\\/de\\\/spielordnung-2023\\\/#breadcrumb\",\"itemListElement\":[{\"@type\":\"ListItem\",\"position\":1,\"name\":\"Camping 4 \u00e9toiles Morbihan\",\"item\":\"https:\\\/\\\/lesjardinsdumorbihan.com\\\/de\\\/\"},{\"@type\":\"ListItem\",\"position\":2,\"name\":\"Wettbewerbsregeln 2023\"}]},{\"@type\":\"WebSite\",\"@id\":\"https:\\\/\\\/lesjardinsdumorbihan.com\\\/de\\\/#website\",\"url\":\"https:\\\/\\\/lesjardinsdumorbihan.com\\\/de\\\/\",\"name\":\"Camping les Jardins du Morbihan\",\"description\":\"\",\"publisher\":{\"@id\":\"https:\\\/\\\/lesjardinsdumorbihan.com\\\/de\\\/#organization\"},\"potentialAction\":[{\"@type\":\"SearchAction\",\"target\":{\"@type\":\"EntryPoint\",\"urlTemplate\":\"https:\\\/\\\/lesjardinsdumorbihan.com\\\/de\\\/?s={search_term_string}\"},\"query-input\":{\"@type\":\"PropertyValueSpecification\",\"valueRequired\":true,\"valueName\":\"search_term_string\"}}],\"inLanguage\":\"de\"},{\"@type\":\"Organization\",\"@id\":\"https:\\\/\\\/lesjardinsdumorbihan.com\\\/de\\\/#organization\",\"name\":\"Camping les Jardins du Morbihan\",\"url\":\"https:\\\/\\\/lesjardinsdumorbihan.com\\\/de\\\/\",\"logo\":{\"@type\":\"ImageObject\",\"inLanguage\":\"de\",\"@id\":\"https:\\\/\\\/lesjardinsdumorbihan.com\\\/de\\\/#\\\/schema\\\/logo\\\/image\\\/\",\"url\":\"https:\\\/\\\/lesjardinsdumorbihan.com\\\/wp-content\\\/uploads\\\/2022\\\/09\\\/logo_jdm.png\",\"contentUrl\":\"https:\\\/\\\/lesjardinsdumorbihan.com\\\/wp-content\\\/uploads\\\/2022\\\/09\\\/logo_jdm.png\",\"width\":6630,\"height\":2909,\"caption\":\"Camping les Jardins du Morbihan\"},\"image\":{\"@id\":\"https:\\\/\\\/lesjardinsdumorbihan.com\\\/de\\\/#\\\/schema\\\/logo\\\/image\\\/\"}}]}<\/script>\n<!-- \/ Yoast SEO plugin. -->","yoast_head_json":{"title":"Wettbewerbsregeln 2023 - Camping les Jardins du Morbihan","robots":{"index":"index","follow":"follow","max-snippet":"max-snippet:-1","max-image-preview":"max-image-preview:large","max-video-preview":"max-video-preview:-1"},"canonical":"https:\/\/lesjardinsdumorbihan.com\/de\/spielordnung-2023\/","og_locale":"de_DE","og_type":"article","og_title":"Wettbewerbsregeln 2023 - Camping les Jardins du Morbihan","og_url":"https:\/\/lesjardinsdumorbihan.com\/de\/spielordnung-2023\/","og_site_name":"Camping les Jardins du Morbihan","article_modified_time":"2024-06-19T13:25:07+00:00","og_image":[{"url":"https:\/\/lesjardinsdumorbihan.com\/wp-content\/uploads\/2023\/11\/@L.RANNOU-N\u00b00025.jpg","width":1,"height":1,"type":"image\/jpeg"}],"twitter_card":"summary_large_image","twitter_misc":{"Gesch\u00e4tzte Lesezeit":"1\u00a0Minute"},"schema":{"@context":"https:\/\/schema.org","@graph":[{"@type":"WebPage","@id":"https:\/\/lesjardinsdumorbihan.com\/de\/spielordnung-2023\/","url":"https:\/\/lesjardinsdumorbihan.com\/de\/spielordnung-2023\/","name":"Wettbewerbsregeln 2023 - Camping les Jardins du Morbihan","isPartOf":{"@id":"https:\/\/lesjardinsdumorbihan.com\/de\/#website"},"primaryImageOfPage":{"@id":"https:\/\/lesjardinsdumorbihan.com\/de\/spielordnung-2023\/#primaryimage"},"image":{"@id":"https:\/\/lesjardinsdumorbihan.com\/de\/spielordnung-2023\/#primaryimage"},"thumbnailUrl":"https:\/\/lesjardinsdumorbihan.com\/wp-content\/uploads\/2023\/11\/@L.RANNOU-N\u00b00025.jpg","datePublished":"2023-05-25T15:56:29+00:00","dateModified":"2024-06-19T13:25:07+00:00","breadcrumb":{"@id":"https:\/\/lesjardinsdumorbihan.com\/de\/spielordnung-2023\/#breadcrumb"},"inLanguage":"de","potentialAction":[{"@type":"ReadAction","target":["https:\/\/lesjardinsdumorbihan.com\/de\/spielordnung-2023\/"]}]},{"@type":"ImageObject","inLanguage":"de","@id":"https:\/\/lesjardinsdumorbihan.com\/de\/spielordnung-2023\/#primaryimage","url":"https:\/\/lesjardinsdumorbihan.com\/wp-content\/uploads\/2023\/11\/@L.RANNOU-N\u00b00025.jpg","contentUrl":"https:\/\/lesjardinsdumorbihan.com\/wp-content\/uploads\/2023\/11\/@L.RANNOU-N\u00b00025.jpg"},{"@type":"BreadcrumbList","@id":"https:\/\/lesjardinsdumorbihan.com\/de\/spielordnung-2023\/#breadcrumb","itemListElement":[{"@type":"ListItem","position":1,"name":"Camping 4 \u00e9toiles Morbihan","item":"https:\/\/lesjardinsdumorbihan.com\/de\/"},{"@type":"ListItem","position":2,"name":"Wettbewerbsregeln 2023"}]},{"@type":"WebSite","@id":"https:\/\/lesjardinsdumorbihan.com\/de\/#website","url":"https:\/\/lesjardinsdumorbihan.com\/de\/","name":"Camping les Jardins du Morbihan","description":"","publisher":{"@id":"https:\/\/lesjardinsdumorbihan.com\/de\/#organization"},"potentialAction":[{"@type":"SearchAction","target":{"@type":"EntryPoint","urlTemplate":"https:\/\/lesjardinsdumorbihan.com\/de\/?s={search_term_string}"},"query-input":{"@type":"PropertyValueSpecification","valueRequired":true,"valueName":"search_term_string"}}],"inLanguage":"de"},{"@type":"Organization","@id":"https:\/\/lesjardinsdumorbihan.com\/de\/#organization","name":"Camping les Jardins du Morbihan","url":"https:\/\/lesjardinsdumorbihan.com\/de\/","logo":{"@type":"ImageObject","inLanguage":"de","@id":"https:\/\/lesjardinsdumorbihan.com\/de\/#\/schema\/logo\/image\/","url":"https:\/\/lesjardinsdumorbihan.com\/wp-content\/uploads\/2022\/09\/logo_jdm.png","contentUrl":"https:\/\/lesjardinsdumorbihan.com\/wp-content\/uploads\/2022\/09\/logo_jdm.png","width":6630,"height":2909,"caption":"Camping les Jardins du Morbihan"},"image":{"@id":"https:\/\/lesjardinsdumorbihan.com\/de\/#\/schema\/logo\/image\/"}}]}},"_links":{"self":[{"href":"https:\/\/lesjardinsdumorbihan.com\/de\/wp-json\/wp\/v2\/pages\/12912","targetHints":{"allow":["GET"]}}],"collection":[{"href":"https:\/\/lesjardinsdumorbihan.com\/de\/wp-json\/wp\/v2\/pages"}],"about":[{"href":"https:\/\/lesjardinsdumorbihan.com\/de\/wp-json\/wp\/v2\/types\/page"}],"author":[{"embeddable":true,"href":"https:\/\/lesjardinsdumorbihan.com\/de\/wp-json\/wp\/v2\/users\/1"}],"replies":[{"embeddable":true,"href":"https:\/\/lesjardinsdumorbihan.com\/de\/wp-json\/wp\/v2\/comments?post=12912"}],"version-history":[{"count":2,"href":"https:\/\/lesjardinsdumorbihan.com\/de\/wp-json\/wp\/v2\/pages\/12912\/revisions"}],"predecessor-version":[{"id":12924,"href":"https:\/\/lesjardinsdumorbihan.com\/de\/wp-json\/wp\/v2\/pages\/12912\/revisions\/12924"}],"wp:featuredmedia":[{"embeddable":true,"href":"https:\/\/lesjardinsdumorbihan.com\/de\/wp-json\/wp\/v2\/media\/12913"}],"wp:attachment":[{"href":"https:\/\/lesjardinsdumorbihan.com\/de\/wp-json\/wp\/v2\/media?parent=12912"}],"curies":[{"name":"wp","href":"https:\/\/api.w.org\/{rel}","templated":true}]}}