{"id":12897,"date":"2021-08-24T10:33:49","date_gmt":"2021-08-24T08:33:49","guid":{"rendered":"https:\/\/lesjardinsdumorbihan.com\/emplacements\/"},"modified":"2025-04-25T11:14:28","modified_gmt":"2025-04-25T09:14:28","slug":"standorte","status":"publish","type":"page","link":"https:\/\/lesjardinsdumorbihan.com\/de\/standorte\/","title":{"rendered":"MEINEN STELLPLATZ RESERVIEREN"},"content":{"rendered":"<div class=\"bloc-texte full\"><div class=\"texte center\"><p>Sind Sie ein Fan des traditionellen Campings und suchen einen Campingplatz mit sch\u00f6nen Stellpl\u00e4tzen in der Bretagne, auf dem Sie Ihr Zelt aufschlagen, einen Wohnwagenurlaub verbringen oder Ihr Wohnmobil abstellen k\u00f6nnen? Unser Campingplatz Les Jardins du Morbihan ist ideal f\u00fcr einen Familienurlaub oder einen Aufenthalt zu zweit auf dem Land und bietet Stellpl\u00e4tze in einer au\u00dfergew\u00f6hnlichen nat\u00fcrlichen Umgebung.<\/p>\n<p>Wir bieten Campingpl\u00e4tze, die einem 4-Sterne-Campingplatz w\u00fcrdig sind und mit eigenen Toiletten ausgestattet sind, f\u00fcr einen 100 % nat\u00fcrlichen, aber komfortablen Aufenthalt!<\/p>\n<p>Buchen Sie Ihren Aufenthalt zu g\u00fcnstigen Preisen auf einem g\u00fcnstigen Campingplatz im Morbihan in der N\u00e4he der mittelalterlichen Stadt Vannes und der wichtigsten Sehensw\u00fcrdigkeiten. Wenn Sie einen Stellplatz auf dem Campingplatz reservieren, profitieren Sie von allen erstklassigen Dienstleistungen und Annehmlichkeiten der Anlage.<\/p>\n<\/div><\/div>\n\n<div class=\"frame\"><script>\r\n    window.ctoutvert = {\r\n\t\tid: 3892, \r\n\t\tlang: 'de', \r\n\t\turl: 'https:\/\/reservation.secureholiday.net\/widgets\/'\r\n    };\r\n    (function (w, d, s, ctv, r, js, fjs) {\r\n        r=new XMLHttpRequest();r.open('GET',w[ctv].url+'js\/src.json');\r\n        r.responseType='json';r.json=true;r.send();\r\n        r.onload=function(){w[ctv].src=r.responseType=='json'?r.response:JSON.parse(r.response);\r\n        js.src=w[ctv].src[0];fjs.parentNode.insertBefore(js, fjs);}\r\n        js=d.createElement(s),fjs=d.getElementsByTagName(s)[0];\r\n        js.id='ctvwidget';js.async=1;\r\n    }(window, document, 'script', 'ctoutvert'));\r\n<\/script>\r\n<div class=\"ctoutvert\"><ctv-availability data-product-type=\"pitch\" data-background-color=\"#FFFFFFFF\" ><\/ctv-availability><\/div><\/div>\n\n<div class=\"text-image-new style1 image-left\"><div class=\"text-image-new-colonne\"><H2 class=\"text-image-new-titre\">Stellplatz im Morbihan-Campingplatz mit Strom<\/H2><div class=\"text-image-new-content\"><p id=\"tw-target-text\" class=\"tw-data-text tw-text-large tw-ta\" dir=\"ltr\" data-placeholder=\"Traduction\" data-ved=\"2ahUKEwjM4qXj4fKMAxWVVKQEHS0BOncQ3ewLegQICBAV\" aria-label=\"Texte traduit\u00a0: F\u00fcr Liebhaber des authentischen Campings sind die Stellpl\u00e4tze mit Strom auf unserem g\u00fcnstigen Campingplatz in Morbihan perfekt f\u00fcr einen komfortablen Aufenthalt. Diese Stellpl\u00e4tze mit durchschnittlich 100 m\u00b2 sind f\u00fcr 2 bis 6 Personen verf\u00fcgbar und eignen sich ideal zum Aufstellen Ihres Zeltes, Aufstellen Ihres Wohnwagens oder Abstellen Ihres Wohnmobils. F\u00fcr Wohnmobile stehen 7 Stellpl\u00e4tze zur Verf\u00fcgung. Jedes Grundst\u00fcck ist f\u00fcr mehr Privatsph\u00e4re mit Hecken umgeben und Sie k\u00f6nnen je nach Wunsch zwischen sonnigen oder schattigen Bereichen w\u00e4hlen.\n\nF\u00fcr gro\u00dfe Familien oder Gruppen von Freunden bieten die Family Plus-Stellpl\u00e4tze eine au\u00dfergew\u00f6hnliche Fl\u00e4che von 250 m\u00b2 bis 300 m\u00b2 und bieten Platz f\u00fcr bis zu 10 Personen. Diese gro\u00dfen Stellpl\u00e4tze sind ideal f\u00fcr Camper mit gro\u00dfer Ausr\u00fcstung oder mehreren Zelten. Wie auf dem gesamten Campingplatz sind auch Tiere erlaubt. Diese Lage ist ideal, um diese Seite Frankreichs und ihre K\u00fcstenwunder und die umliegenden Inseln wie die Insel Quiberon zu entdecken.\"><span class=\"Y2IQFc\" lang=\"de\">F\u00fcr Liebhaber des authentischen Campings sind die Stellpl\u00e4tze mit Strom auf unserem g\u00fcnstigen Campingplatz in Morbihan perfekt f\u00fcr einen komfortablen Aufenthalt. Diese Stellpl\u00e4tze mit durchschnittlich 100 m\u00b2 sind f\u00fcr 2 bis 6 Personen verf\u00fcgbar und eignen sich ideal zum Aufstellen Ihres Zeltes, Aufstellen Ihres Wohnwagens oder Abstellen Ihres Wohnmobils. F\u00fcr Wohnmobile stehen 7 Stellpl\u00e4tze zur Verf\u00fcgung. Jedes Grundst\u00fcck ist f\u00fcr mehr Privatsph\u00e4re mit Hecken umgeben und Sie k\u00f6nnen je nach Wunsch zwischen sonnigen oder schattigen Bereichen w\u00e4hlen.\u00a0<\/span><\/p>\n<\/div><p class=\"lire-plus\">Mehr lesen<\/p><div class=\"text-image-new-content-more hide\"><p><span class=\"Y2IQFc\" lang=\"de\"> F\u00fcr gro\u00dfe Familien oder Gruppen von Freunden bieten die Family Plus-Stellpl\u00e4tze eine au\u00dfergew\u00f6hnliche Fl\u00e4che von 250 m\u00b2 bis 300 m\u00b2 und bieten Platz f\u00fcr bis zu 10 Personen. Diese gro\u00dfen Stellpl\u00e4tze sind ideal f\u00fcr Camper mit gro\u00dfer Ausr\u00fcstung oder mehreren Zelten. Wie auf dem gesamten Campingplatz sind auch Tiere erlaubt. Diese Lage ist ideal, um diese Seite Frankreichs und ihre K\u00fcstenwunder und die umliegenden Inseln wie die Insel Quiberon zu entdecken.<\/span><\/p>\n<\/div><p class=\"lire-moins hide\">Lese weniger<\/p><\/div><div class=\"text-image-new-colonne\"><img decoding=\"async\" src=\"https:\/\/lesjardinsdumorbihan.com\/wp-content\/uploads\/2022\/12\/EMPLACEMENT2-1.jpg\" alt=\"Campingplatz Zelt Morbihan\" class=\"text-image-new-thumb\" \/><\/div><\/div>\n\n<div class=\"text-image-new style1 image-right\"><div class=\"text-image-new-colonne\"><H2 class=\"text-image-new-titre\">Buchen Sie einen Campingplatz mit Familie oder Freunden in Vannes<\/H2><div class=\"text-image-new-content\"><p>Sie finden kein gro\u00dfes Mobilheim f\u00fcr Ihren Gruppenaufenthalt in der Bretagne? Suchen Sie einen gro\u00dfen Ort, an dem Sie Ihren Familienurlaub in vollen Z\u00fcgen genie\u00dfen k\u00f6nnen? Der Campingplatz Les Jardins du Morbihan bietet gro\u00dfe Stellpl\u00e4tze f\u00fcr Camping- und Caravaning, deren Rasenfl\u00e4che einen privaten Garten von bis zu 200 m\u00b2 bietet, mitten in einer nat\u00fcrlichen und gr\u00fcnen Umgebung. Diese Grundst\u00fccke sind ideal f\u00fcr Familien und Urlaubergruppen mit Kindern, sie bieten Raum f\u00fcr Entspannung, Spiele und die Aufstellung gr\u00f6\u00dferer Zelt-, Wohnwagen- oder Wohnmobilstellpl\u00e4tze.<\/p>\n<p>Ein weiterer Vorteil besteht darin, dass Sie Ihren Stellplatz \u00e0 la carte, n\u00e4chte- oder wochenweise, f\u00fcr ein langes Wochenende mit einer Gruppe oder w\u00e4hrend eines langen Familienurlaubs mieten k\u00f6nnen.<\/p>\n<\/div><p class=\"lire-plus\">Mehr lesen<\/p><div class=\"text-image-new-content-more hide\"><p>F\u00fcr einen komfortablen Campingaufenthalt in Vannes bietet Les Jardins du Morbihan auch Stellpl\u00e4tze mit privaten Toiletten. Die gro\u00dfen Privil\u00e8ge-Stellpl\u00e4tze sind f\u00fcr bis zu 5 Personen ausgelegt und verf\u00fcgen \u00fcber einen privaten Block mit Dusche und Waschbecken mit Warmwasser, beheiztem Handtuchhalter, WC, Waschbecken mit Warmwasser und K\u00fchlschrank.<\/p>\n<p>F\u00fcr Glamping-Enthusiasten bieten wir auch au\u00dfergew\u00f6hnliche Unterk\u00fcnfte in Morbihan. Lassen Sie sich von unseren atypischen Mietunterk\u00fcnften auf unserem Campingplatz Les Jardins du Morbihan auf halbem Weg zwischen Zeltcamping und Mobilheimvermietung verf\u00fchren.<\/p>\n<\/div><p class=\"lire-moins hide\">Lese weniger<\/p><\/div><div class=\"text-image-new-colonne\"><img decoding=\"async\" src=\"https:\/\/lesjardinsdumorbihan.com\/wp-content\/uploads\/2022\/12\/EMPLACEMENT3.jpg\" alt=\"Standortventile f\u00fcr Wohnmobile\" class=\"text-image-new-thumb\" \/><\/div><\/div>","protected":false},"excerpt":{"rendered":"","protected":false},"author":1,"featured_media":13589,"parent":0,"menu_order":0,"comment_status":"closed","ping_status":"closed","template":"","meta":{"_acf_changed":false,"footnotes":""},"class_list":["post-12897","page","type-page","status-publish","has-post-thumbnail","hentry"],"acf":[],"yoast_head":"<!-- This site is optimized with the Yoast SEO plugin v27.4 - https:\/\/yoast.com\/product\/yoast-seo-wordpress\/ -->\n<title>Campingplatz Morbihan: 3 Stellpl\u00e4tze zur Auswahl f\u00fcr Zelte und Wohnmobile<\/title>\n<meta name=\"description\" content=\"Entdecken Sie unsere Stellplatzangebote auf dem Campingplatz Les Jardins du Morbihan im Golf du Morbihan. Genie\u00dfen Sie einen Aufenthalt in einem Zelt oder Wohnmobil in Vannes.\" \/>\n<meta name=\"robots\" content=\"index, follow, max-snippet:-1, max-image-preview:large, max-video-preview:-1\" \/>\n<link rel=\"canonical\" href=\"https:\/\/lesjardinsdumorbihan.com\/de\/standorte\/\" \/>\n<meta property=\"og:locale\" content=\"de_DE\" \/>\n<meta property=\"og:type\" content=\"article\" \/>\n<meta property=\"og:title\" content=\"Campingplatz Morbihan: 3 Stellpl\u00e4tze zur Auswahl f\u00fcr Zelte und Wohnmobile\" \/>\n<meta property=\"og:description\" content=\"Entdecken Sie unsere Stellplatzangebote auf dem Campingplatz Les Jardins du Morbihan im Golf du Morbihan. Genie\u00dfen Sie einen Aufenthalt in einem Zelt oder Wohnmobil in Vannes.\" \/>\n<meta property=\"og:url\" content=\"https:\/\/lesjardinsdumorbihan.com\/de\/standorte\/\" \/>\n<meta property=\"og:site_name\" content=\"Camping les Jardins du Morbihan\" \/>\n<meta property=\"article:modified_time\" content=\"2025-04-25T09:14:28+00:00\" \/>\n<meta property=\"og:image\" content=\"https:\/\/lesjardinsdumorbihan.com\/wp-content\/uploads\/2024\/08\/EMPLACEMENT-PRIVILEGE_LES_JARDINS_DU_MORBIHAN_@L.RANNOU_N\u00b0087_BD2-e1723035267743.jpg\" \/>\n\t<meta property=\"og:image:width\" content=\"2048\" \/>\n\t<meta property=\"og:image:height\" content=\"1215\" \/>\n\t<meta property=\"og:image:type\" content=\"image\/jpeg\" \/>\n<meta name=\"twitter:card\" content=\"summary_large_image\" \/>\n<meta name=\"twitter:label1\" content=\"Gesch\u00e4tzte Lesezeit\" \/>\n\t<meta name=\"twitter:data1\" content=\"1\u00a0Minute\" \/>\n<script type=\"application\/ld+json\" class=\"yoast-schema-graph\">{\"@context\":\"https:\\\/\\\/schema.org\",\"@graph\":[{\"@type\":\"WebPage\",\"@id\":\"https:\\\/\\\/lesjardinsdumorbihan.com\\\/de\\\/standorte\\\/\",\"url\":\"https:\\\/\\\/lesjardinsdumorbihan.com\\\/de\\\/standorte\\\/\",\"name\":\"Campingplatz Morbihan: 3 Stellpl\u00e4tze zur Auswahl f\u00fcr Zelte und Wohnmobile\",\"isPartOf\":{\"@id\":\"https:\\\/\\\/lesjardinsdumorbihan.com\\\/de\\\/#website\"},\"primaryImageOfPage\":{\"@id\":\"https:\\\/\\\/lesjardinsdumorbihan.com\\\/de\\\/standorte\\\/#primaryimage\"},\"image\":{\"@id\":\"https:\\\/\\\/lesjardinsdumorbihan.com\\\/de\\\/standorte\\\/#primaryimage\"},\"thumbnailUrl\":\"https:\\\/\\\/lesjardinsdumorbihan.com\\\/wp-content\\\/uploads\\\/2024\\\/08\\\/EMPLACEMENT-PRIVILEGE_LES_JARDINS_DU_MORBIHAN_@L.RANNOU_N\u00b0087_BD2-e1723035267743.jpg\",\"datePublished\":\"2021-08-24T08:33:49+00:00\",\"dateModified\":\"2025-04-25T09:14:28+00:00\",\"description\":\"Entdecken Sie unsere Stellplatzangebote auf dem Campingplatz Les Jardins du Morbihan im Golf du Morbihan. Genie\u00dfen Sie einen Aufenthalt in einem Zelt oder Wohnmobil in Vannes.\",\"breadcrumb\":{\"@id\":\"https:\\\/\\\/lesjardinsdumorbihan.com\\\/de\\\/standorte\\\/#breadcrumb\"},\"inLanguage\":\"de\",\"potentialAction\":[{\"@type\":\"ReadAction\",\"target\":[\"https:\\\/\\\/lesjardinsdumorbihan.com\\\/de\\\/standorte\\\/\"]}]},{\"@type\":\"ImageObject\",\"inLanguage\":\"de\",\"@id\":\"https:\\\/\\\/lesjardinsdumorbihan.com\\\/de\\\/standorte\\\/#primaryimage\",\"url\":\"https:\\\/\\\/lesjardinsdumorbihan.com\\\/wp-content\\\/uploads\\\/2024\\\/08\\\/EMPLACEMENT-PRIVILEGE_LES_JARDINS_DU_MORBIHAN_@L.RANNOU_N\u00b0087_BD2-e1723035267743.jpg\",\"contentUrl\":\"https:\\\/\\\/lesjardinsdumorbihan.com\\\/wp-content\\\/uploads\\\/2024\\\/08\\\/EMPLACEMENT-PRIVILEGE_LES_JARDINS_DU_MORBIHAN_@L.RANNOU_N\u00b0087_BD2-e1723035267743.jpg\",\"width\":2048,\"height\":1215},{\"@type\":\"BreadcrumbList\",\"@id\":\"https:\\\/\\\/lesjardinsdumorbihan.com\\\/de\\\/standorte\\\/#breadcrumb\",\"itemListElement\":[{\"@type\":\"ListItem\",\"position\":1,\"name\":\"Camping 4 \u00e9toiles Morbihan\",\"item\":\"https:\\\/\\\/lesjardinsdumorbihan.com\\\/de\\\/\"},{\"@type\":\"ListItem\",\"position\":2,\"name\":\"Campingplatz Morbihan Stellplatzangebote\"}]},{\"@type\":\"WebSite\",\"@id\":\"https:\\\/\\\/lesjardinsdumorbihan.com\\\/de\\\/#website\",\"url\":\"https:\\\/\\\/lesjardinsdumorbihan.com\\\/de\\\/\",\"name\":\"Camping les Jardins du Morbihan\",\"description\":\"\",\"publisher\":{\"@id\":\"https:\\\/\\\/lesjardinsdumorbihan.com\\\/de\\\/#organization\"},\"potentialAction\":[{\"@type\":\"SearchAction\",\"target\":{\"@type\":\"EntryPoint\",\"urlTemplate\":\"https:\\\/\\\/lesjardinsdumorbihan.com\\\/de\\\/?s={search_term_string}\"},\"query-input\":{\"@type\":\"PropertyValueSpecification\",\"valueRequired\":true,\"valueName\":\"search_term_string\"}}],\"inLanguage\":\"de\"},{\"@type\":\"Organization\",\"@id\":\"https:\\\/\\\/lesjardinsdumorbihan.com\\\/de\\\/#organization\",\"name\":\"Camping les Jardins du Morbihan\",\"url\":\"https:\\\/\\\/lesjardinsdumorbihan.com\\\/de\\\/\",\"logo\":{\"@type\":\"ImageObject\",\"inLanguage\":\"de\",\"@id\":\"https:\\\/\\\/lesjardinsdumorbihan.com\\\/de\\\/#\\\/schema\\\/logo\\\/image\\\/\",\"url\":\"https:\\\/\\\/lesjardinsdumorbihan.com\\\/wp-content\\\/uploads\\\/2022\\\/09\\\/logo_jdm.png\",\"contentUrl\":\"https:\\\/\\\/lesjardinsdumorbihan.com\\\/wp-content\\\/uploads\\\/2022\\\/09\\\/logo_jdm.png\",\"width\":6630,\"height\":2909,\"caption\":\"Camping les Jardins du Morbihan\"},\"image\":{\"@id\":\"https:\\\/\\\/lesjardinsdumorbihan.com\\\/de\\\/#\\\/schema\\\/logo\\\/image\\\/\"}}]}<\/script>\n<!-- \/ Yoast SEO plugin. -->","yoast_head_json":{"title":"Campingplatz Morbihan: 3 Stellpl\u00e4tze zur Auswahl f\u00fcr Zelte und Wohnmobile","description":"Entdecken Sie unsere Stellplatzangebote auf dem Campingplatz Les Jardins du Morbihan im Golf du Morbihan. Genie\u00dfen Sie einen Aufenthalt in einem Zelt oder Wohnmobil in Vannes.","robots":{"index":"index","follow":"follow","max-snippet":"max-snippet:-1","max-image-preview":"max-image-preview:large","max-video-preview":"max-video-preview:-1"},"canonical":"https:\/\/lesjardinsdumorbihan.com\/de\/standorte\/","og_locale":"de_DE","og_type":"article","og_title":"Campingplatz Morbihan: 3 Stellpl\u00e4tze zur Auswahl f\u00fcr Zelte und Wohnmobile","og_description":"Entdecken Sie unsere Stellplatzangebote auf dem Campingplatz Les Jardins du Morbihan im Golf du Morbihan. Genie\u00dfen Sie einen Aufenthalt in einem Zelt oder Wohnmobil in Vannes.","og_url":"https:\/\/lesjardinsdumorbihan.com\/de\/standorte\/","og_site_name":"Camping les Jardins du Morbihan","article_modified_time":"2025-04-25T09:14:28+00:00","og_image":[{"width":2048,"height":1215,"url":"https:\/\/lesjardinsdumorbihan.com\/wp-content\/uploads\/2024\/08\/EMPLACEMENT-PRIVILEGE_LES_JARDINS_DU_MORBIHAN_@L.RANNOU_N\u00b0087_BD2-e1723035267743.jpg","type":"image\/jpeg"}],"twitter_card":"summary_large_image","twitter_misc":{"Gesch\u00e4tzte Lesezeit":"1\u00a0Minute"},"schema":{"@context":"https:\/\/schema.org","@graph":[{"@type":"WebPage","@id":"https:\/\/lesjardinsdumorbihan.com\/de\/standorte\/","url":"https:\/\/lesjardinsdumorbihan.com\/de\/standorte\/","name":"Campingplatz Morbihan: 3 Stellpl\u00e4tze zur Auswahl f\u00fcr Zelte und Wohnmobile","isPartOf":{"@id":"https:\/\/lesjardinsdumorbihan.com\/de\/#website"},"primaryImageOfPage":{"@id":"https:\/\/lesjardinsdumorbihan.com\/de\/standorte\/#primaryimage"},"image":{"@id":"https:\/\/lesjardinsdumorbihan.com\/de\/standorte\/#primaryimage"},"thumbnailUrl":"https:\/\/lesjardinsdumorbihan.com\/wp-content\/uploads\/2024\/08\/EMPLACEMENT-PRIVILEGE_LES_JARDINS_DU_MORBIHAN_@L.RANNOU_N\u00b0087_BD2-e1723035267743.jpg","datePublished":"2021-08-24T08:33:49+00:00","dateModified":"2025-04-25T09:14:28+00:00","description":"Entdecken Sie unsere Stellplatzangebote auf dem Campingplatz Les Jardins du Morbihan im Golf du Morbihan. Genie\u00dfen Sie einen Aufenthalt in einem Zelt oder Wohnmobil in Vannes.","breadcrumb":{"@id":"https:\/\/lesjardinsdumorbihan.com\/de\/standorte\/#breadcrumb"},"inLanguage":"de","potentialAction":[{"@type":"ReadAction","target":["https:\/\/lesjardinsdumorbihan.com\/de\/standorte\/"]}]},{"@type":"ImageObject","inLanguage":"de","@id":"https:\/\/lesjardinsdumorbihan.com\/de\/standorte\/#primaryimage","url":"https:\/\/lesjardinsdumorbihan.com\/wp-content\/uploads\/2024\/08\/EMPLACEMENT-PRIVILEGE_LES_JARDINS_DU_MORBIHAN_@L.RANNOU_N\u00b0087_BD2-e1723035267743.jpg","contentUrl":"https:\/\/lesjardinsdumorbihan.com\/wp-content\/uploads\/2024\/08\/EMPLACEMENT-PRIVILEGE_LES_JARDINS_DU_MORBIHAN_@L.RANNOU_N\u00b0087_BD2-e1723035267743.jpg","width":2048,"height":1215},{"@type":"BreadcrumbList","@id":"https:\/\/lesjardinsdumorbihan.com\/de\/standorte\/#breadcrumb","itemListElement":[{"@type":"ListItem","position":1,"name":"Camping 4 \u00e9toiles Morbihan","item":"https:\/\/lesjardinsdumorbihan.com\/de\/"},{"@type":"ListItem","position":2,"name":"Campingplatz Morbihan Stellplatzangebote"}]},{"@type":"WebSite","@id":"https:\/\/lesjardinsdumorbihan.com\/de\/#website","url":"https:\/\/lesjardinsdumorbihan.com\/de\/","name":"Camping les Jardins du Morbihan","description":"","publisher":{"@id":"https:\/\/lesjardinsdumorbihan.com\/de\/#organization"},"potentialAction":[{"@type":"SearchAction","target":{"@type":"EntryPoint","urlTemplate":"https:\/\/lesjardinsdumorbihan.com\/de\/?s={search_term_string}"},"query-input":{"@type":"PropertyValueSpecification","valueRequired":true,"valueName":"search_term_string"}}],"inLanguage":"de"},{"@type":"Organization","@id":"https:\/\/lesjardinsdumorbihan.com\/de\/#organization","name":"Camping les Jardins du Morbihan","url":"https:\/\/lesjardinsdumorbihan.com\/de\/","logo":{"@type":"ImageObject","inLanguage":"de","@id":"https:\/\/lesjardinsdumorbihan.com\/de\/#\/schema\/logo\/image\/","url":"https:\/\/lesjardinsdumorbihan.com\/wp-content\/uploads\/2022\/09\/logo_jdm.png","contentUrl":"https:\/\/lesjardinsdumorbihan.com\/wp-content\/uploads\/2022\/09\/logo_jdm.png","width":6630,"height":2909,"caption":"Camping les Jardins du Morbihan"},"image":{"@id":"https:\/\/lesjardinsdumorbihan.com\/de\/#\/schema\/logo\/image\/"}}]}},"_links":{"self":[{"href":"https:\/\/lesjardinsdumorbihan.com\/de\/wp-json\/wp\/v2\/pages\/12897","targetHints":{"allow":["GET"]}}],"collection":[{"href":"https:\/\/lesjardinsdumorbihan.com\/de\/wp-json\/wp\/v2\/pages"}],"about":[{"href":"https:\/\/lesjardinsdumorbihan.com\/de\/wp-json\/wp\/v2\/types\/page"}],"author":[{"embeddable":true,"href":"https:\/\/lesjardinsdumorbihan.com\/de\/wp-json\/wp\/v2\/users\/1"}],"replies":[{"embeddable":true,"href":"https:\/\/lesjardinsdumorbihan.com\/de\/wp-json\/wp\/v2\/comments?post=12897"}],"version-history":[{"count":4,"href":"https:\/\/lesjardinsdumorbihan.com\/de\/wp-json\/wp\/v2\/pages\/12897\/revisions"}],"predecessor-version":[{"id":14212,"href":"https:\/\/lesjardinsdumorbihan.com\/de\/wp-json\/wp\/v2\/pages\/12897\/revisions\/14212"}],"wp:featuredmedia":[{"embeddable":true,"href":"https:\/\/lesjardinsdumorbihan.com\/de\/wp-json\/wp\/v2\/media\/13589"}],"wp:attachment":[{"href":"https:\/\/lesjardinsdumorbihan.com\/de\/wp-json\/wp\/v2\/media?parent=12897"}],"curies":[{"name":"wp","href":"https:\/\/api.w.org\/{rel}","templated":true}]}}