{"id":12813,"date":"2021-08-24T10:33:49","date_gmt":"2021-08-24T08:33:49","guid":{"rendered":"https:\/\/lesjardinsdumorbihan.com\/services\/"},"modified":"2025-07-29T09:39:14","modified_gmt":"2025-07-29T07:39:14","slug":"dienstleistungen","status":"publish","type":"page","link":"https:\/\/lesjardinsdumorbihan.com\/de\/dienstleistungen\/","title":{"rendered":"DIENSTLEISTUNGEN"},"content":{"rendered":"<div class=\"bloc-texte full\"><div class=\"texte center\"><p>Auf dem Campingplatz Les Jardins du Morbihan werden verschiedene Dienstleistungen angeboten. Entdecken Sie sie!<\/p>\n<\/div><\/div>\n\n<div class=\"text-image-new style1 image-left\"><div class=\"text-image-new-colonne\"><H2 class=\"text-image-new-titre\">Bardienstleistungen<\/H2><div class=\"text-image-new-content\"><ul>\n<li><strong>Fr\u00fchst\u00fcck :<\/strong><\/li>\n<\/ul>\n<p>Kommen Sie jeden Morgen zum Fr\u00fchst\u00fcck in die Bar des Campingplatzes, wo Sie etwas f\u00fcr einen guten Start in den Tag finden:<br \/>\n&#8211; Geb\u00e4ck (Croissants und Pain au Chocolat)<br \/>\n&#8211; Brot (normales und traditionelles Baguette)<br \/>\nAlles wird vor Ort gekocht.<\/p>\n<p><em>(Die Zeiten variieren je nach Saison. F\u00fcr weitere Informationen wenden Sie sich bitte an die Rezeption.)<\/em><\/p>\n<ul>\n<li><strong>Das Spielzimmer:<\/strong><\/li>\n<\/ul>\n<p>Der Campingplatz verf\u00fcgt \u00fcber ein Spielzimmer, in dem Sie mit Ihrer Familie Spa\u00df haben k\u00f6nnen:<br \/>\n&#8211; Billardtische<br \/>\n&#8211; Babyfu\u00df<br \/>\n&#8211; Basketball- und Motorradspiele<br \/>\n&#8211; Tischhockey<br \/>\n&#8211; Flipper<\/p>\n<\/div><\/div><div class=\"text-image-new-colonne\"><img decoding=\"async\" src=\"https:\/\/lesjardinsdumorbihan.com\/wp-content\/uploads\/2024\/02\/\u00a9L.RANNOU-008.jpg\" alt=\"Imbisswagen auf dem Campingplatz Jardins du Morbihan in Morbihan\" class=\"text-image-new-thumb\" \/><\/div><\/div>\n\n<div class=\"text-image-new style1 image-right background-marron\"><div class=\"text-image-new-colonne\"><H2 class=\"text-image-new-titre\">Der Snack<\/H2><div class=\"text-image-new-content\"><p>An der Snackbar finden Sie etwas zu essen.<\/p>\n<p>Eine Karte f\u00fcr die ganze Familie:<br \/>\nBurger, Paninis, Pommes, Aperitifbretter, &#8230;<\/p>\n<\/div><\/div><div class=\"text-image-new-colonne\"><img decoding=\"async\" src=\"https:\/\/lesjardinsdumorbihan.com\/wp-content\/uploads\/2024\/02\/@L.RANNOU-N\u00b00066.jpg\" alt=\"Imbisswagen auf dem Campingplatz Jardins du Morbihan in Morbihan\" class=\"text-image-new-thumb\" \/><\/div><\/div>\n\n<div class=\"text-image-new style1 image-left\"><div class=\"text-image-new-colonne\"><H2 class=\"text-image-new-titre\">Der Lebensmittelbereich<\/H2><div class=\"text-image-new-content\"><p>Damit Sie sowohl von den Grundbed\u00fcrfnissen als auch von lokalen Produkten profitieren k\u00f6nnen, gibt es auf dem Campingplatz selbst einen Lebensmittelbereich!<\/p>\n<p><em>(Die Zeiten variieren je nach Saison. F\u00fcr weitere Informationen wenden Sie sich bitte an die Rezeption.)<\/em><\/p>\n<\/div><\/div><div class=\"text-image-new-colonne\"><img decoding=\"async\" src=\"https:\/\/lesjardinsdumorbihan.com\/wp-content\/uploads\/2024\/02\/\u00a9L.RANNOU-014.jpg\" alt=\"Imbisswagen auf dem Campingplatz Jardins du Morbihan in Morbihan\" class=\"text-image-new-thumb\" \/><\/div><\/div>\n\n<div class=\"text-image-new style1 image-right background-marron\"><div class=\"text-image-new-colonne\"><H2 class=\"text-image-new-titre\">Kollektive Sanit\u00e4ranlagen<\/H2><div class=\"text-image-new-content\"><ul>\n<li>Kinderzimmer mit Babybadewanne, Waschbecken, Dusche und WC f\u00fcr die Kleinsten.<\/li>\n<li>WC und Handwaschbecken.<\/li>\n<li>Waschbecken und Duschen in den Kabinen.<\/li>\n<li>H\u00e4ndetrockner \/ Haartrockner<\/li>\n<li>Abfluss f\u00fcr Chemietoiletten<\/li>\n<li>Sp\u00fclwanne<\/li>\n<li>8 kg Waschmaschinen und Trockner<\/li>\n<li>Alle Stationen verf\u00fcgen \u00fcber einen Kaltwasser-\/Warmwassermischer.<\/li>\n<li>Toilettenpapier ist in den Toiletten vorhanden, ebenso Schaumseife in den Waschbecken.<\/li>\n<li>Die Toiletten sind isoliert und beheizt.<\/li>\n<li>Die Erw\u00e4rmung des Brauchwassers und der Fu\u00dfbodenheizung erfolgt zus\u00e4tzlich \u00fcber Solarkollektoren und Gaskessel.<\/li>\n<li>Jede Toilette ist mit einer Toilettenkabine mit WC, Dusche und Waschbecken ausgestattet, die f\u00fcr Menschen mit k\u00f6rperlichen Behinderungen geeignet ist.<\/li>\n<li>Sie k\u00f6nnen auf Ihrem Stellplatz auch ein eigenes Badezimmer reservieren.<\/li>\n<\/ul>\n<\/div><\/div><div class=\"text-image-new-colonne\"><img decoding=\"async\" src=\"https:\/\/lesjardinsdumorbihan.com\/wp-content\/uploads\/2024\/02\/20220613_163622-1.jpg\" alt=\"\" class=\"text-image-new-thumb\" \/><\/div><\/div>\n\n<div class=\"text-image-new style1 image-left\"><div class=\"text-image-new-colonne\"><H2 class=\"text-image-new-titre\">W-lan<\/H2><div class=\"text-image-new-content\"><div class=\"texte left\">\n<div class=\"texte-image-content\">\n<p>Kostenloses WLAN ist in der N\u00e4he der Campingplatzrezeption verf\u00fcgbar. Dort steht Ihnen auch ein Internetterminal zur Verf\u00fcgung.<\/p>\n<p>K\u00fchlabteile: 3 \u20ac\/Tag. Der K\u00fchlfachschrank befindet sich im Waschraum auf der R\u00fcckseite des Hauptsanit\u00e4rblocks.<\/p>\n<p>Grillm\u00f6glichkeiten: Grillm\u00f6glichkeiten stehen zu Ihrer Verf\u00fcgung. Sie sind \u00fcber den gesamten Campingplatz verteilt. Informationen an der Rezeption.<\/p>\n<\/div>\n<\/div>\n<\/div><\/div><div class=\"text-image-new-colonne\"><img decoding=\"async\" src=\"https:\/\/lesjardinsdumorbihan.com\/wp-content\/uploads\/2024\/02\/iStock-1364780112-Converti.jpg\" alt=\"\" class=\"text-image-new-thumb\" \/><\/div><\/div>","protected":false},"excerpt":{"rendered":"","protected":false},"author":1,"featured_media":12815,"parent":0,"menu_order":0,"comment_status":"closed","ping_status":"closed","template":"","meta":{"_acf_changed":false,"footnotes":""},"class_list":["post-12813","page","type-page","status-publish","has-post-thumbnail","hentry"],"acf":[],"yoast_head":"<!-- This site is optimized with the Yoast SEO plugin v27.3 - https:\/\/yoast.com\/product\/yoast-seo-wordpress\/ -->\n<title>Die Leistungen Ihres Campingplatzes in Vannes im Morbihan<\/title>\n<meta name=\"description\" content=\"Entdecken Sie die Dienstleistungen des Campingplatzes Les Jardins du Morbihan in Vannes und buchen Sie Ihren Aufenthalt auf diesem Campingplatz in der Bretagne.\" \/>\n<meta name=\"robots\" content=\"index, follow, max-snippet:-1, max-image-preview:large, max-video-preview:-1\" \/>\n<link rel=\"canonical\" href=\"https:\/\/lesjardinsdumorbihan.com\/de\/dienstleistungen\/\" \/>\n<meta property=\"og:locale\" content=\"de_DE\" \/>\n<meta property=\"og:type\" content=\"article\" \/>\n<meta property=\"og:title\" content=\"Die Leistungen Ihres Campingplatzes in Vannes im Morbihan\" \/>\n<meta property=\"og:description\" content=\"Entdecken Sie die Dienstleistungen des Campingplatzes Les Jardins du Morbihan in Vannes und buchen Sie Ihren Aufenthalt auf diesem Campingplatz in der Bretagne.\" \/>\n<meta property=\"og:url\" content=\"https:\/\/lesjardinsdumorbihan.com\/de\/dienstleistungen\/\" \/>\n<meta property=\"og:site_name\" content=\"Camping les Jardins du Morbihan\" \/>\n<meta property=\"article:modified_time\" content=\"2025-07-29T07:39:14+00:00\" \/>\n<meta property=\"og:image\" content=\"https:\/\/lesjardinsdumorbihan.com\/wp-content\/uploads\/2024\/02\/\u00a9L.RANNOU-087.jpg\" \/>\n\t<meta property=\"og:image:width\" content=\"2048\" \/>\n\t<meta property=\"og:image:height\" content=\"1366\" \/>\n\t<meta property=\"og:image:type\" content=\"image\/jpeg\" \/>\n<meta name=\"twitter:card\" content=\"summary_large_image\" \/>\n<meta name=\"twitter:label1\" content=\"Gesch\u00e4tzte Lesezeit\" \/>\n\t<meta name=\"twitter:data1\" content=\"1\u00a0Minute\" \/>\n<script type=\"application\/ld+json\" class=\"yoast-schema-graph\">{\"@context\":\"https:\\\/\\\/schema.org\",\"@graph\":[{\"@type\":\"WebPage\",\"@id\":\"https:\\\/\\\/lesjardinsdumorbihan.com\\\/de\\\/dienstleistungen\\\/\",\"url\":\"https:\\\/\\\/lesjardinsdumorbihan.com\\\/de\\\/dienstleistungen\\\/\",\"name\":\"Die Leistungen Ihres Campingplatzes in Vannes im Morbihan\",\"isPartOf\":{\"@id\":\"https:\\\/\\\/lesjardinsdumorbihan.com\\\/de\\\/#website\"},\"primaryImageOfPage\":{\"@id\":\"https:\\\/\\\/lesjardinsdumorbihan.com\\\/de\\\/dienstleistungen\\\/#primaryimage\"},\"image\":{\"@id\":\"https:\\\/\\\/lesjardinsdumorbihan.com\\\/de\\\/dienstleistungen\\\/#primaryimage\"},\"thumbnailUrl\":\"https:\\\/\\\/lesjardinsdumorbihan.com\\\/wp-content\\\/uploads\\\/2024\\\/02\\\/\u00a9L.RANNOU-087.jpg\",\"datePublished\":\"2021-08-24T08:33:49+00:00\",\"dateModified\":\"2025-07-29T07:39:14+00:00\",\"description\":\"Entdecken Sie die Dienstleistungen des Campingplatzes Les Jardins du Morbihan in Vannes und buchen Sie Ihren Aufenthalt auf diesem Campingplatz in der Bretagne.\",\"breadcrumb\":{\"@id\":\"https:\\\/\\\/lesjardinsdumorbihan.com\\\/de\\\/dienstleistungen\\\/#breadcrumb\"},\"inLanguage\":\"de\",\"potentialAction\":[{\"@type\":\"ReadAction\",\"target\":[\"https:\\\/\\\/lesjardinsdumorbihan.com\\\/de\\\/dienstleistungen\\\/\"]}]},{\"@type\":\"ImageObject\",\"inLanguage\":\"de\",\"@id\":\"https:\\\/\\\/lesjardinsdumorbihan.com\\\/de\\\/dienstleistungen\\\/#primaryimage\",\"url\":\"https:\\\/\\\/lesjardinsdumorbihan.com\\\/wp-content\\\/uploads\\\/2024\\\/02\\\/\u00a9L.RANNOU-087.jpg\",\"contentUrl\":\"https:\\\/\\\/lesjardinsdumorbihan.com\\\/wp-content\\\/uploads\\\/2024\\\/02\\\/\u00a9L.RANNOU-087.jpg\",\"width\":2048,\"height\":1366},{\"@type\":\"BreadcrumbList\",\"@id\":\"https:\\\/\\\/lesjardinsdumorbihan.com\\\/de\\\/dienstleistungen\\\/#breadcrumb\",\"itemListElement\":[{\"@type\":\"ListItem\",\"position\":1,\"name\":\"Camping 4 \u00e9toiles Morbihan\",\"item\":\"https:\\\/\\\/lesjardinsdumorbihan.com\\\/de\\\/\"},{\"@type\":\"ListItem\",\"position\":2,\"name\":\"DIENSTLEISTUNGEN\"}]},{\"@type\":\"WebSite\",\"@id\":\"https:\\\/\\\/lesjardinsdumorbihan.com\\\/de\\\/#website\",\"url\":\"https:\\\/\\\/lesjardinsdumorbihan.com\\\/de\\\/\",\"name\":\"Camping les Jardins du Morbihan\",\"description\":\"\",\"publisher\":{\"@id\":\"https:\\\/\\\/lesjardinsdumorbihan.com\\\/de\\\/#organization\"},\"potentialAction\":[{\"@type\":\"SearchAction\",\"target\":{\"@type\":\"EntryPoint\",\"urlTemplate\":\"https:\\\/\\\/lesjardinsdumorbihan.com\\\/de\\\/?s={search_term_string}\"},\"query-input\":{\"@type\":\"PropertyValueSpecification\",\"valueRequired\":true,\"valueName\":\"search_term_string\"}}],\"inLanguage\":\"de\"},{\"@type\":\"Organization\",\"@id\":\"https:\\\/\\\/lesjardinsdumorbihan.com\\\/de\\\/#organization\",\"name\":\"Camping les Jardins du Morbihan\",\"url\":\"https:\\\/\\\/lesjardinsdumorbihan.com\\\/de\\\/\",\"logo\":{\"@type\":\"ImageObject\",\"inLanguage\":\"de\",\"@id\":\"https:\\\/\\\/lesjardinsdumorbihan.com\\\/de\\\/#\\\/schema\\\/logo\\\/image\\\/\",\"url\":\"https:\\\/\\\/lesjardinsdumorbihan.com\\\/wp-content\\\/uploads\\\/2022\\\/09\\\/logo_jdm.png\",\"contentUrl\":\"https:\\\/\\\/lesjardinsdumorbihan.com\\\/wp-content\\\/uploads\\\/2022\\\/09\\\/logo_jdm.png\",\"width\":6630,\"height\":2909,\"caption\":\"Camping les Jardins du Morbihan\"},\"image\":{\"@id\":\"https:\\\/\\\/lesjardinsdumorbihan.com\\\/de\\\/#\\\/schema\\\/logo\\\/image\\\/\"}}]}<\/script>\n<!-- \/ Yoast SEO plugin. -->","yoast_head_json":{"title":"Die Leistungen Ihres Campingplatzes in Vannes im Morbihan","description":"Entdecken Sie die Dienstleistungen des Campingplatzes Les Jardins du Morbihan in Vannes und buchen Sie Ihren Aufenthalt auf diesem Campingplatz in der Bretagne.","robots":{"index":"index","follow":"follow","max-snippet":"max-snippet:-1","max-image-preview":"max-image-preview:large","max-video-preview":"max-video-preview:-1"},"canonical":"https:\/\/lesjardinsdumorbihan.com\/de\/dienstleistungen\/","og_locale":"de_DE","og_type":"article","og_title":"Die Leistungen Ihres Campingplatzes in Vannes im Morbihan","og_description":"Entdecken Sie die Dienstleistungen des Campingplatzes Les Jardins du Morbihan in Vannes und buchen Sie Ihren Aufenthalt auf diesem Campingplatz in der Bretagne.","og_url":"https:\/\/lesjardinsdumorbihan.com\/de\/dienstleistungen\/","og_site_name":"Camping les Jardins du Morbihan","article_modified_time":"2025-07-29T07:39:14+00:00","og_image":[{"width":2048,"height":1366,"url":"https:\/\/lesjardinsdumorbihan.com\/wp-content\/uploads\/2024\/02\/\u00a9L.RANNOU-087.jpg","type":"image\/jpeg"}],"twitter_card":"summary_large_image","twitter_misc":{"Gesch\u00e4tzte Lesezeit":"1\u00a0Minute"},"schema":{"@context":"https:\/\/schema.org","@graph":[{"@type":"WebPage","@id":"https:\/\/lesjardinsdumorbihan.com\/de\/dienstleistungen\/","url":"https:\/\/lesjardinsdumorbihan.com\/de\/dienstleistungen\/","name":"Die Leistungen Ihres Campingplatzes in Vannes im Morbihan","isPartOf":{"@id":"https:\/\/lesjardinsdumorbihan.com\/de\/#website"},"primaryImageOfPage":{"@id":"https:\/\/lesjardinsdumorbihan.com\/de\/dienstleistungen\/#primaryimage"},"image":{"@id":"https:\/\/lesjardinsdumorbihan.com\/de\/dienstleistungen\/#primaryimage"},"thumbnailUrl":"https:\/\/lesjardinsdumorbihan.com\/wp-content\/uploads\/2024\/02\/\u00a9L.RANNOU-087.jpg","datePublished":"2021-08-24T08:33:49+00:00","dateModified":"2025-07-29T07:39:14+00:00","description":"Entdecken Sie die Dienstleistungen des Campingplatzes Les Jardins du Morbihan in Vannes und buchen Sie Ihren Aufenthalt auf diesem Campingplatz in der Bretagne.","breadcrumb":{"@id":"https:\/\/lesjardinsdumorbihan.com\/de\/dienstleistungen\/#breadcrumb"},"inLanguage":"de","potentialAction":[{"@type":"ReadAction","target":["https:\/\/lesjardinsdumorbihan.com\/de\/dienstleistungen\/"]}]},{"@type":"ImageObject","inLanguage":"de","@id":"https:\/\/lesjardinsdumorbihan.com\/de\/dienstleistungen\/#primaryimage","url":"https:\/\/lesjardinsdumorbihan.com\/wp-content\/uploads\/2024\/02\/\u00a9L.RANNOU-087.jpg","contentUrl":"https:\/\/lesjardinsdumorbihan.com\/wp-content\/uploads\/2024\/02\/\u00a9L.RANNOU-087.jpg","width":2048,"height":1366},{"@type":"BreadcrumbList","@id":"https:\/\/lesjardinsdumorbihan.com\/de\/dienstleistungen\/#breadcrumb","itemListElement":[{"@type":"ListItem","position":1,"name":"Camping 4 \u00e9toiles Morbihan","item":"https:\/\/lesjardinsdumorbihan.com\/de\/"},{"@type":"ListItem","position":2,"name":"DIENSTLEISTUNGEN"}]},{"@type":"WebSite","@id":"https:\/\/lesjardinsdumorbihan.com\/de\/#website","url":"https:\/\/lesjardinsdumorbihan.com\/de\/","name":"Camping les Jardins du Morbihan","description":"","publisher":{"@id":"https:\/\/lesjardinsdumorbihan.com\/de\/#organization"},"potentialAction":[{"@type":"SearchAction","target":{"@type":"EntryPoint","urlTemplate":"https:\/\/lesjardinsdumorbihan.com\/de\/?s={search_term_string}"},"query-input":{"@type":"PropertyValueSpecification","valueRequired":true,"valueName":"search_term_string"}}],"inLanguage":"de"},{"@type":"Organization","@id":"https:\/\/lesjardinsdumorbihan.com\/de\/#organization","name":"Camping les Jardins du Morbihan","url":"https:\/\/lesjardinsdumorbihan.com\/de\/","logo":{"@type":"ImageObject","inLanguage":"de","@id":"https:\/\/lesjardinsdumorbihan.com\/de\/#\/schema\/logo\/image\/","url":"https:\/\/lesjardinsdumorbihan.com\/wp-content\/uploads\/2022\/09\/logo_jdm.png","contentUrl":"https:\/\/lesjardinsdumorbihan.com\/wp-content\/uploads\/2022\/09\/logo_jdm.png","width":6630,"height":2909,"caption":"Camping les Jardins du Morbihan"},"image":{"@id":"https:\/\/lesjardinsdumorbihan.com\/de\/#\/schema\/logo\/image\/"}}]}},"_links":{"self":[{"href":"https:\/\/lesjardinsdumorbihan.com\/de\/wp-json\/wp\/v2\/pages\/12813","targetHints":{"allow":["GET"]}}],"collection":[{"href":"https:\/\/lesjardinsdumorbihan.com\/de\/wp-json\/wp\/v2\/pages"}],"about":[{"href":"https:\/\/lesjardinsdumorbihan.com\/de\/wp-json\/wp\/v2\/types\/page"}],"author":[{"embeddable":true,"href":"https:\/\/lesjardinsdumorbihan.com\/de\/wp-json\/wp\/v2\/users\/1"}],"replies":[{"embeddable":true,"href":"https:\/\/lesjardinsdumorbihan.com\/de\/wp-json\/wp\/v2\/comments?post=12813"}],"version-history":[{"count":3,"href":"https:\/\/lesjardinsdumorbihan.com\/de\/wp-json\/wp\/v2\/pages\/12813\/revisions"}],"predecessor-version":[{"id":14335,"href":"https:\/\/lesjardinsdumorbihan.com\/de\/wp-json\/wp\/v2\/pages\/12813\/revisions\/14335"}],"wp:featuredmedia":[{"embeddable":true,"href":"https:\/\/lesjardinsdumorbihan.com\/de\/wp-json\/wp\/v2\/media\/12815"}],"wp:attachment":[{"href":"https:\/\/lesjardinsdumorbihan.com\/de\/wp-json\/wp\/v2\/media?parent=12813"}],"curies":[{"name":"wp","href":"https:\/\/api.w.org\/{rel}","templated":true}]}}